{"id":8774,"date":"2023-08-29T09:25:07","date_gmt":"2023-08-29T13:25:07","guid":{"rendered":"https:\/\/remorqueslabelle.com\/?post_type=product&#038;p=8774"},"modified":"2025-05-28T10:14:03","modified_gmt":"2025-05-28T14:14:03","slug":"barrure-arriere-pour-porte-tailgate-cobra","status":"publish","type":"product","link":"https:\/\/remorqueslabelle.com\/en\/produit\/barrure-arriere-pour-porte-tailgate-cobra\/","title":{"rendered":"BARRURE ARRI\u00c8RE POUR PORTE TAILGATE | COBRA"},"content":{"rendered":"<h1><strong>BARRURE ARRI\u00c8RE POUR PORTE TAILGATE<\/strong> | <strong><span style=\"color: #333399;\"><em>COBRA<\/em><\/span><\/strong><\/h1>\n<h3><strong><span style=\"color: #333399;\">EN ACIER INOXYDABLE<\/span><\/strong><\/h3>\n<ul>\n<li><span style=\"color: #333399;\"><strong>#PI\u00c8CE :<\/strong><\/span> 911 0318007<\/li>\n<li><strong><span style=\"color: #333399;\">CAT\u00c9GORIE :<\/span><\/strong> TAILGATE<\/li>\n<\/ul>\n<p>Nombreuses pi\u00e8ces pour votre remorque disponibles pour l\u2019achat chez<em>\u00a0Remorques Labelle<\/em>. Magasinez\u00a0<strong>en ligne<\/strong>\u00a0ou commandez\u00a0<strong>par t\u00e9l\u00e9phone<\/strong>\u00a0au\u00a0<span style=\"color: #0000ff;\"><strong>450 688-3555 !<\/strong><\/span><\/p>\n<p><img decoding=\"async\" class=\"\" src=\"https:\/\/remorqueslabelle.com\/wp-content\/uploads\/2022\/03\/Cobra-375-X-135.png\" alt=\"Remorque Cobra Dumper aluminum| Remorques Labelle\" width=\"178\" height=\"100\" \/><\/p>\n","protected":false},"excerpt":{"rendered":"<p>BARRURE ARRI\u00c8RE POUR PORTE TAILGATE | COBRA EN ACIER INOXYDABLE #PI\u00c8CE : 911 0318007 CAT\u00c9GORIE : TAILGATE Nombreuses pi\u00e8ces pour votre remorque disponibles pour l\u2019achat chez\u00a0Remorques Labelle. Magasinez\u00a0en ligne\u00a0ou commandez\u00a0par [&hellip;]<\/p>\n","protected":false},"featured_media":8775,"comment_status":"open","ping_status":"closed","template":"","meta":{"_acf_changed":false},"product_cat":[67],"product_tag":[],"class_list":{"0":"post-8774","1":"product","2":"type-product","3":"status-publish","4":"has-post-thumbnail","6":"product_cat-tailgate","8":"first","9":"instock","10":"taxable","11":"shipping-taxable","12":"product-type-simple"},"acf":[],"yoast_head":"<!-- This site is optimized with the Yoast SEO Premium plugin v25.5 (Yoast SEO v25.5) - https:\/\/yoast.com\/wordpress\/plugins\/seo\/ -->\n<title>BARRURE ARRI\u00c8RE POUR PORTE TAILGATE | COBRA | Remorques Labelle<\/title>\n<meta name=\"description\" content=\"BARRURE ARRI\u00c8RE PORTE TAILGATE | Pi\u00e8ce de la marque COBRA | Grande s\u00e9lection de pi\u00e8ces disponibles pour grandes remorques | Contactez-nous!\" \/>\n<meta name=\"robots\" content=\"index, follow, max-snippet:-1, max-image-preview:large, max-video-preview:-1\" \/>\n<link rel=\"canonical\" href=\"https:\/\/remorqueslabelle.com\/en\/produit\/barrure-arriere-pour-porte-tailgate-cobra\/\" \/>\n<meta property=\"og:locale\" content=\"en_US\" \/>\n<meta property=\"og:type\" content=\"article\" \/>\n<meta property=\"og:title\" content=\"BARRURE ARRI\u00c8RE POUR PORTE TAILGATE | COBRA\" \/>\n<meta property=\"og:description\" content=\"BARRURE ARRI\u00c8RE PORTE TAILGATE | Pi\u00e8ce de la marque COBRA | Grande s\u00e9lection de pi\u00e8ces disponibles pour grandes remorques | Contactez-nous!\" \/>\n<meta property=\"og:url\" content=\"https:\/\/remorqueslabelle.com\/en\/produit\/barrure-arriere-pour-porte-tailgate-cobra\/\" \/>\n<meta property=\"og:site_name\" content=\"Remorques Labelle\" \/>\n<meta property=\"article:publisher\" content=\"https:\/\/www.facebook.com\/remorqueslabellelaval\/\" \/>\n<meta property=\"article:modified_time\" content=\"2025-05-28T14:14:03+00:00\" \/>\n<meta property=\"og:image\" content=\"https:\/\/remorqueslabelle.com\/wp-content\/uploads\/2023\/08\/IMG_6754.jpg\" \/>\n\t<meta property=\"og:image:width\" content=\"480\" \/>\n\t<meta property=\"og:image:height\" content=\"480\" \/>\n\t<meta property=\"og:image:type\" content=\"image\/jpeg\" \/>\n<meta name=\"twitter:card\" content=\"summary_large_image\" \/>\n<meta name=\"twitter:label1\" content=\"Est. reading time\" \/>\n\t<meta name=\"twitter:data1\" content=\"1 minute\" \/>\n<script type=\"application\/ld+json\" class=\"yoast-schema-graph\">{\"@context\":\"https:\/\/schema.org\",\"@graph\":[{\"@type\":\"WebPage\",\"@id\":\"https:\/\/remorqueslabelle.com\/en\/produit\/barrure-arriere-pour-porte-tailgate-cobra\/\",\"url\":\"https:\/\/remorqueslabelle.com\/en\/produit\/barrure-arriere-pour-porte-tailgate-cobra\/\",\"name\":\"BARRURE ARRI\u00c8RE POUR PORTE TAILGATE | COBRA | Remorques Labelle\",\"isPartOf\":{\"@id\":\"https:\/\/remorqueslabelle.com\/en\/#website\"},\"primaryImageOfPage\":{\"@id\":\"https:\/\/remorqueslabelle.com\/en\/produit\/barrure-arriere-pour-porte-tailgate-cobra\/#primaryimage\"},\"image\":{\"@id\":\"https:\/\/remorqueslabelle.com\/en\/produit\/barrure-arriere-pour-porte-tailgate-cobra\/#primaryimage\"},\"thumbnailUrl\":\"https:\/\/remorqueslabelle.com\/wp-content\/uploads\/2023\/08\/IMG_6754.jpg\",\"datePublished\":\"2023-08-29T13:25:07+00:00\",\"dateModified\":\"2025-05-28T14:14:03+00:00\",\"description\":\"BARRURE ARRI\u00c8RE PORTE TAILGATE | Pi\u00e8ce de la marque COBRA | Grande s\u00e9lection de pi\u00e8ces disponibles pour grandes remorques | Contactez-nous!\",\"breadcrumb\":{\"@id\":\"https:\/\/remorqueslabelle.com\/en\/produit\/barrure-arriere-pour-porte-tailgate-cobra\/#breadcrumb\"},\"inLanguage\":\"en-US\",\"potentialAction\":[{\"@type\":\"ReadAction\",\"target\":[\"https:\/\/remorqueslabelle.com\/en\/produit\/barrure-arriere-pour-porte-tailgate-cobra\/\"]}]},{\"@type\":\"ImageObject\",\"inLanguage\":\"en-US\",\"@id\":\"https:\/\/remorqueslabelle.com\/en\/produit\/barrure-arriere-pour-porte-tailgate-cobra\/#primaryimage\",\"url\":\"https:\/\/remorqueslabelle.com\/wp-content\/uploads\/2023\/08\/IMG_6754.jpg\",\"contentUrl\":\"https:\/\/remorqueslabelle.com\/wp-content\/uploads\/2023\/08\/IMG_6754.jpg\",\"width\":480,\"height\":480},{\"@type\":\"BreadcrumbList\",\"@id\":\"https:\/\/remorqueslabelle.com\/en\/produit\/barrure-arriere-pour-porte-tailgate-cobra\/#breadcrumb\",\"itemListElement\":[{\"@type\":\"ListItem\",\"position\":1,\"name\":\"Accueil\",\"item\":\"https:\/\/remorqueslabelle.com\/en\/\"},{\"@type\":\"ListItem\",\"position\":2,\"name\":\"BARRURE ARRI\u00c8RE POUR PORTE TAILGATE | COBRA\"}]},{\"@type\":\"WebSite\",\"@id\":\"https:\/\/remorqueslabelle.com\/en\/#website\",\"url\":\"https:\/\/remorqueslabelle.com\/en\/\",\"name\":\"Remorques Labelle\",\"description\":\"Concessionnaire de remorques\",\"publisher\":{\"@id\":\"https:\/\/remorqueslabelle.com\/en\/#organization\"},\"potentialAction\":[{\"@type\":\"SearchAction\",\"target\":{\"@type\":\"EntryPoint\",\"urlTemplate\":\"https:\/\/remorqueslabelle.com\/en\/?s={search_term_string}\"},\"query-input\":{\"@type\":\"PropertyValueSpecification\",\"valueRequired\":true,\"valueName\":\"search_term_string\"}}],\"inLanguage\":\"en-US\"},{\"@type\":\"Organization\",\"@id\":\"https:\/\/remorqueslabelle.com\/en\/#organization\",\"name\":\"Remorques Labelle\",\"url\":\"https:\/\/remorqueslabelle.com\/en\/\",\"logo\":{\"@type\":\"ImageObject\",\"inLanguage\":\"en-US\",\"@id\":\"https:\/\/remorqueslabelle.com\/en\/#\/schema\/logo\/image\/\",\"url\":\"https:\/\/remorqueslabelle.com\/wp-content\/uploads\/2020\/10\/Remorques-Labelle.png\",\"contentUrl\":\"https:\/\/remorqueslabelle.com\/wp-content\/uploads\/2020\/10\/Remorques-Labelle.png\",\"width\":499,\"height\":151,\"caption\":\"Remorques Labelle\"},\"image\":{\"@id\":\"https:\/\/remorqueslabelle.com\/en\/#\/schema\/logo\/image\/\"},\"sameAs\":[\"https:\/\/www.facebook.com\/remorqueslabellelaval\/\",\"https:\/\/www.youtube.com\/channel\/UCx1odvVQE7tPhbZhHLThmzQ\",\"https:\/\/www.linkedin.com\/company\/remorques-labelle\/\",\"https:\/\/www.instagram.com\/remorqueslabelle\/\"]}]}<\/script>\n<!-- \/ Yoast SEO Premium plugin. -->","yoast_head_json":{"title":"BARRURE ARRI\u00c8RE POUR PORTE TAILGATE | COBRA | Remorques Labelle","description":"BARRURE ARRI\u00c8RE PORTE TAILGATE | Pi\u00e8ce de la marque COBRA | Grande s\u00e9lection de pi\u00e8ces disponibles pour grandes remorques | Contactez-nous!","robots":{"index":"index","follow":"follow","max-snippet":"max-snippet:-1","max-image-preview":"max-image-preview:large","max-video-preview":"max-video-preview:-1"},"canonical":"https:\/\/remorqueslabelle.com\/en\/produit\/barrure-arriere-pour-porte-tailgate-cobra\/","og_locale":"en_US","og_type":"article","og_title":"BARRURE ARRI\u00c8RE POUR PORTE TAILGATE | COBRA","og_description":"BARRURE ARRI\u00c8RE PORTE TAILGATE | Pi\u00e8ce de la marque COBRA | Grande s\u00e9lection de pi\u00e8ces disponibles pour grandes remorques | Contactez-nous!","og_url":"https:\/\/remorqueslabelle.com\/en\/produit\/barrure-arriere-pour-porte-tailgate-cobra\/","og_site_name":"Remorques Labelle","article_publisher":"https:\/\/www.facebook.com\/remorqueslabellelaval\/","article_modified_time":"2025-05-28T14:14:03+00:00","og_image":[{"width":480,"height":480,"url":"https:\/\/remorqueslabelle.com\/wp-content\/uploads\/2023\/08\/IMG_6754.jpg","type":"image\/jpeg"}],"twitter_card":"summary_large_image","twitter_misc":{"Est. reading time":"1 minute"},"schema":{"@context":"https:\/\/schema.org","@graph":[{"@type":"WebPage","@id":"https:\/\/remorqueslabelle.com\/en\/produit\/barrure-arriere-pour-porte-tailgate-cobra\/","url":"https:\/\/remorqueslabelle.com\/en\/produit\/barrure-arriere-pour-porte-tailgate-cobra\/","name":"BARRURE ARRI\u00c8RE POUR PORTE TAILGATE | COBRA | Remorques Labelle","isPartOf":{"@id":"https:\/\/remorqueslabelle.com\/en\/#website"},"primaryImageOfPage":{"@id":"https:\/\/remorqueslabelle.com\/en\/produit\/barrure-arriere-pour-porte-tailgate-cobra\/#primaryimage"},"image":{"@id":"https:\/\/remorqueslabelle.com\/en\/produit\/barrure-arriere-pour-porte-tailgate-cobra\/#primaryimage"},"thumbnailUrl":"https:\/\/remorqueslabelle.com\/wp-content\/uploads\/2023\/08\/IMG_6754.jpg","datePublished":"2023-08-29T13:25:07+00:00","dateModified":"2025-05-28T14:14:03+00:00","description":"BARRURE ARRI\u00c8RE PORTE TAILGATE | Pi\u00e8ce de la marque COBRA | Grande s\u00e9lection de pi\u00e8ces disponibles pour grandes remorques | Contactez-nous!","breadcrumb":{"@id":"https:\/\/remorqueslabelle.com\/en\/produit\/barrure-arriere-pour-porte-tailgate-cobra\/#breadcrumb"},"inLanguage":"en-US","potentialAction":[{"@type":"ReadAction","target":["https:\/\/remorqueslabelle.com\/en\/produit\/barrure-arriere-pour-porte-tailgate-cobra\/"]}]},{"@type":"ImageObject","inLanguage":"en-US","@id":"https:\/\/remorqueslabelle.com\/en\/produit\/barrure-arriere-pour-porte-tailgate-cobra\/#primaryimage","url":"https:\/\/remorqueslabelle.com\/wp-content\/uploads\/2023\/08\/IMG_6754.jpg","contentUrl":"https:\/\/remorqueslabelle.com\/wp-content\/uploads\/2023\/08\/IMG_6754.jpg","width":480,"height":480},{"@type":"BreadcrumbList","@id":"https:\/\/remorqueslabelle.com\/en\/produit\/barrure-arriere-pour-porte-tailgate-cobra\/#breadcrumb","itemListElement":[{"@type":"ListItem","position":1,"name":"Accueil","item":"https:\/\/remorqueslabelle.com\/en\/"},{"@type":"ListItem","position":2,"name":"BARRURE ARRI\u00c8RE POUR PORTE TAILGATE | COBRA"}]},{"@type":"WebSite","@id":"https:\/\/remorqueslabelle.com\/en\/#website","url":"https:\/\/remorqueslabelle.com\/en\/","name":"Remorques Labelle","description":"Concessionnaire de remorques","publisher":{"@id":"https:\/\/remorqueslabelle.com\/en\/#organization"},"potentialAction":[{"@type":"SearchAction","target":{"@type":"EntryPoint","urlTemplate":"https:\/\/remorqueslabelle.com\/en\/?s={search_term_string}"},"query-input":{"@type":"PropertyValueSpecification","valueRequired":true,"valueName":"search_term_string"}}],"inLanguage":"en-US"},{"@type":"Organization","@id":"https:\/\/remorqueslabelle.com\/en\/#organization","name":"Remorques Labelle","url":"https:\/\/remorqueslabelle.com\/en\/","logo":{"@type":"ImageObject","inLanguage":"en-US","@id":"https:\/\/remorqueslabelle.com\/en\/#\/schema\/logo\/image\/","url":"https:\/\/remorqueslabelle.com\/wp-content\/uploads\/2020\/10\/Remorques-Labelle.png","contentUrl":"https:\/\/remorqueslabelle.com\/wp-content\/uploads\/2020\/10\/Remorques-Labelle.png","width":499,"height":151,"caption":"Remorques Labelle"},"image":{"@id":"https:\/\/remorqueslabelle.com\/en\/#\/schema\/logo\/image\/"},"sameAs":["https:\/\/www.facebook.com\/remorqueslabellelaval\/","https:\/\/www.youtube.com\/channel\/UCx1odvVQE7tPhbZhHLThmzQ","https:\/\/www.linkedin.com\/company\/remorques-labelle\/","https:\/\/www.instagram.com\/remorqueslabelle\/"]}]}},"_links":{"self":[{"href":"https:\/\/remorqueslabelle.com\/en\/wp-json\/wp\/v2\/product\/8774","targetHints":{"allow":["GET"]}}],"collection":[{"href":"https:\/\/remorqueslabelle.com\/en\/wp-json\/wp\/v2\/product"}],"about":[{"href":"https:\/\/remorqueslabelle.com\/en\/wp-json\/wp\/v2\/types\/product"}],"replies":[{"embeddable":true,"href":"https:\/\/remorqueslabelle.com\/en\/wp-json\/wp\/v2\/comments?post=8774"}],"wp:featuredmedia":[{"embeddable":true,"href":"https:\/\/remorqueslabelle.com\/en\/wp-json\/wp\/v2\/media\/8775"}],"wp:attachment":[{"href":"https:\/\/remorqueslabelle.com\/en\/wp-json\/wp\/v2\/media?parent=8774"}],"wp:term":[{"taxonomy":"product_cat","embeddable":true,"href":"https:\/\/remorqueslabelle.com\/en\/wp-json\/wp\/v2\/product_cat?post=8774"},{"taxonomy":"product_tag","embeddable":true,"href":"https:\/\/remorqueslabelle.com\/en\/wp-json\/wp\/v2\/product_tag?post=8774"}],"curies":[{"name":"wp","href":"https:\/\/api.w.org\/{rel}","templated":true}]}}