{"id":8640,"date":"2023-08-24T13:35:51","date_gmt":"2023-08-24T17:35:51","guid":{"rendered":"https:\/\/remorqueslabelle.com\/?post_type=product&#038;p=8640"},"modified":"2025-07-18T15:53:47","modified_gmt":"2025-07-18T19:53:47","slug":"ballon-directionnel-de-lauto-vireur-cobra","status":"publish","type":"product","link":"https:\/\/remorqueslabelle.com\/en\/produit\/ballon-directionnel-de-lauto-vireur-cobra\/","title":{"rendered":"BALLON DIRECTIONNEL DE L&#8217;AUTO-VIREUR | COBRA"},"content":{"rendered":"<h1><strong>BALLON DIRECTIONNEL DE L&#8217;AUTO-VIREUR |<span style=\"color: #333399;\"><em> COBRA<\/em><\/span><\/strong><\/h1>\n<h3><span style=\"color: #000000;\"><em><strong>PI\u00c8CE POUR REMORQUES COBRA<\/strong><\/em><\/span><\/h3>\n<p>&nbsp;<\/p>\n<ul>\n<li><strong><span style=\"color: #333399;\">#R\u00c9F\u00c9RENCE :<\/span> <span style=\"color: #0000ff;\">Firestone # W01-358-7504<\/span><\/strong><\/li>\n<li><span style=\"color: #333399;\"><strong>CAT\u00c9GORIE :<\/strong><\/span> <strong>Essieux Suspension Autovireur<\/strong><\/li>\n<\/ul>\n<p>&nbsp;<\/p>\n<p><em>Contactez-nous pour plus d\u2019information sur cette pi\u00e8ce ou pour commander!\u00a0<\/em><\/p>\n<p>Nombreuses pi\u00e8ces Cobra disponibles chez<em>\u00a0Remorques Labelle.\u00a0<strong>Composez le\u00a0<span style=\"color: #0000ff;\">450 688-3555<\/span>\u00a0pour toute question et pour commander!<\/strong><\/em><\/p>\n<p>&nbsp;<\/p>\n<p><img decoding=\"async\" class=\"\" src=\"https:\/\/remorqueslabelle.com\/wp-content\/uploads\/2022\/03\/Cobra-375-X-135.png\" alt=\"Cobra-375-X-135\" width=\"249\" height=\"140\" \/><\/p>\n","protected":false},"excerpt":{"rendered":"<p>BALLON DIRECTIONNEL DE L&#8217;AUTO-VIREUR | COBRA PI\u00c8CE POUR REMORQUES COBRA &nbsp; #R\u00c9F\u00c9RENCE : Firestone # W01-358-7504 CAT\u00c9GORIE : Essieux Suspension Autovireur &nbsp; Contactez-nous pour plus d\u2019information sur cette pi\u00e8ce ou [&hellip;]<\/p>\n","protected":false},"featured_media":8641,"comment_status":"open","ping_status":"closed","template":"","meta":{"_acf_changed":false},"product_cat":[69],"product_tag":[],"class_list":{"0":"post-8640","1":"product","2":"type-product","3":"status-publish","4":"has-post-thumbnail","6":"product_cat-essieux-suspension-autovireur","8":"first","9":"instock","10":"taxable","11":"shipping-taxable","12":"product-type-simple"},"acf":[],"yoast_head":"<!-- This site is optimized with the Yoast SEO Premium plugin v25.5 (Yoast SEO v25.5) - https:\/\/yoast.com\/wordpress\/plugins\/seo\/ -->\n<title>BALLON DIRECTIONNEL DE L&#039;AUTO-VIREUR | COBRA | Remorques Labelle<\/title>\n<meta name=\"description\" content=\"BALLON DIRECTIONNEL DE L&#039;AUTO-VIREUR | COBRA | Vaste choix de pi\u00e8ces disponibles pour remorques de la marque Cobra chez Remorques Labelle! 450.688.3555\" \/>\n<meta name=\"robots\" content=\"index, follow, max-snippet:-1, max-image-preview:large, max-video-preview:-1\" \/>\n<link rel=\"canonical\" href=\"https:\/\/remorqueslabelle.com\/en\/produit\/ballon-directionnel-de-lauto-vireur-cobra\/\" \/>\n<meta property=\"og:locale\" content=\"en_US\" \/>\n<meta property=\"og:type\" content=\"article\" \/>\n<meta property=\"og:title\" content=\"BALLON DIRECTIONNEL DE L&#039;AUTO-VIREUR | COBRA\" \/>\n<meta property=\"og:description\" content=\"BALLON DIRECTIONNEL DE L&#039;AUTO-VIREUR | COBRA | Vaste choix de pi\u00e8ces disponibles pour remorques de la marque Cobra chez Remorques Labelle! 450.688.3555\" \/>\n<meta property=\"og:url\" content=\"https:\/\/remorqueslabelle.com\/en\/produit\/ballon-directionnel-de-lauto-vireur-cobra\/\" \/>\n<meta property=\"og:site_name\" content=\"Remorques Labelle\" \/>\n<meta property=\"article:publisher\" content=\"https:\/\/www.facebook.com\/remorqueslabellelaval\/\" \/>\n<meta property=\"article:modified_time\" content=\"2025-07-18T19:53:47+00:00\" \/>\n<meta property=\"og:image\" content=\"https:\/\/remorqueslabelle.com\/wp-content\/uploads\/2023\/08\/directionnel.jpg\" \/>\n\t<meta property=\"og:image:width\" content=\"640\" \/>\n\t<meta property=\"og:image:height\" content=\"480\" \/>\n\t<meta property=\"og:image:type\" content=\"image\/jpeg\" \/>\n<meta name=\"twitter:card\" content=\"summary_large_image\" \/>\n<meta name=\"twitter:label1\" content=\"Est. reading time\" \/>\n\t<meta name=\"twitter:data1\" content=\"1 minute\" \/>\n<script type=\"application\/ld+json\" class=\"yoast-schema-graph\">{\"@context\":\"https:\/\/schema.org\",\"@graph\":[{\"@type\":\"WebPage\",\"@id\":\"https:\/\/remorqueslabelle.com\/en\/produit\/ballon-directionnel-de-lauto-vireur-cobra\/\",\"url\":\"https:\/\/remorqueslabelle.com\/en\/produit\/ballon-directionnel-de-lauto-vireur-cobra\/\",\"name\":\"BALLON DIRECTIONNEL DE L'AUTO-VIREUR | COBRA | Remorques Labelle\",\"isPartOf\":{\"@id\":\"https:\/\/remorqueslabelle.com\/en\/#website\"},\"primaryImageOfPage\":{\"@id\":\"https:\/\/remorqueslabelle.com\/en\/produit\/ballon-directionnel-de-lauto-vireur-cobra\/#primaryimage\"},\"image\":{\"@id\":\"https:\/\/remorqueslabelle.com\/en\/produit\/ballon-directionnel-de-lauto-vireur-cobra\/#primaryimage\"},\"thumbnailUrl\":\"https:\/\/remorqueslabelle.com\/wp-content\/uploads\/2023\/08\/directionnel.jpg\",\"datePublished\":\"2023-08-24T17:35:51+00:00\",\"dateModified\":\"2025-07-18T19:53:47+00:00\",\"description\":\"BALLON DIRECTIONNEL DE L'AUTO-VIREUR | COBRA | Vaste choix de pi\u00e8ces disponibles pour remorques de la marque Cobra chez Remorques Labelle! 450.688.3555\",\"breadcrumb\":{\"@id\":\"https:\/\/remorqueslabelle.com\/en\/produit\/ballon-directionnel-de-lauto-vireur-cobra\/#breadcrumb\"},\"inLanguage\":\"en-US\",\"potentialAction\":[{\"@type\":\"ReadAction\",\"target\":[\"https:\/\/remorqueslabelle.com\/en\/produit\/ballon-directionnel-de-lauto-vireur-cobra\/\"]}]},{\"@type\":\"ImageObject\",\"inLanguage\":\"en-US\",\"@id\":\"https:\/\/remorqueslabelle.com\/en\/produit\/ballon-directionnel-de-lauto-vireur-cobra\/#primaryimage\",\"url\":\"https:\/\/remorqueslabelle.com\/wp-content\/uploads\/2023\/08\/directionnel.jpg\",\"contentUrl\":\"https:\/\/remorqueslabelle.com\/wp-content\/uploads\/2023\/08\/directionnel.jpg\",\"width\":640,\"height\":480},{\"@type\":\"BreadcrumbList\",\"@id\":\"https:\/\/remorqueslabelle.com\/en\/produit\/ballon-directionnel-de-lauto-vireur-cobra\/#breadcrumb\",\"itemListElement\":[{\"@type\":\"ListItem\",\"position\":1,\"name\":\"Accueil\",\"item\":\"https:\/\/remorqueslabelle.com\/en\/\"},{\"@type\":\"ListItem\",\"position\":2,\"name\":\"BALLON DIRECTIONNEL DE L&rsquo;AUTO-VIREUR | COBRA\"}]},{\"@type\":\"WebSite\",\"@id\":\"https:\/\/remorqueslabelle.com\/en\/#website\",\"url\":\"https:\/\/remorqueslabelle.com\/en\/\",\"name\":\"Remorques Labelle\",\"description\":\"Concessionnaire de remorques\",\"publisher\":{\"@id\":\"https:\/\/remorqueslabelle.com\/en\/#organization\"},\"potentialAction\":[{\"@type\":\"SearchAction\",\"target\":{\"@type\":\"EntryPoint\",\"urlTemplate\":\"https:\/\/remorqueslabelle.com\/en\/?s={search_term_string}\"},\"query-input\":{\"@type\":\"PropertyValueSpecification\",\"valueRequired\":true,\"valueName\":\"search_term_string\"}}],\"inLanguage\":\"en-US\"},{\"@type\":\"Organization\",\"@id\":\"https:\/\/remorqueslabelle.com\/en\/#organization\",\"name\":\"Remorques Labelle\",\"url\":\"https:\/\/remorqueslabelle.com\/en\/\",\"logo\":{\"@type\":\"ImageObject\",\"inLanguage\":\"en-US\",\"@id\":\"https:\/\/remorqueslabelle.com\/en\/#\/schema\/logo\/image\/\",\"url\":\"https:\/\/remorqueslabelle.com\/wp-content\/uploads\/2020\/10\/Remorques-Labelle.png\",\"contentUrl\":\"https:\/\/remorqueslabelle.com\/wp-content\/uploads\/2020\/10\/Remorques-Labelle.png\",\"width\":499,\"height\":151,\"caption\":\"Remorques Labelle\"},\"image\":{\"@id\":\"https:\/\/remorqueslabelle.com\/en\/#\/schema\/logo\/image\/\"},\"sameAs\":[\"https:\/\/www.facebook.com\/remorqueslabellelaval\/\",\"https:\/\/www.youtube.com\/channel\/UCx1odvVQE7tPhbZhHLThmzQ\",\"https:\/\/www.linkedin.com\/company\/remorques-labelle\/\",\"https:\/\/www.instagram.com\/remorqueslabelle\/\"]}]}<\/script>\n<!-- \/ Yoast SEO Premium plugin. -->","yoast_head_json":{"title":"BALLON DIRECTIONNEL DE L'AUTO-VIREUR | COBRA | Remorques Labelle","description":"BALLON DIRECTIONNEL DE L'AUTO-VIREUR | COBRA | Vaste choix de pi\u00e8ces disponibles pour remorques de la marque Cobra chez Remorques Labelle! 450.688.3555","robots":{"index":"index","follow":"follow","max-snippet":"max-snippet:-1","max-image-preview":"max-image-preview:large","max-video-preview":"max-video-preview:-1"},"canonical":"https:\/\/remorqueslabelle.com\/en\/produit\/ballon-directionnel-de-lauto-vireur-cobra\/","og_locale":"en_US","og_type":"article","og_title":"BALLON DIRECTIONNEL DE L'AUTO-VIREUR | COBRA","og_description":"BALLON DIRECTIONNEL DE L'AUTO-VIREUR | COBRA | Vaste choix de pi\u00e8ces disponibles pour remorques de la marque Cobra chez Remorques Labelle! 450.688.3555","og_url":"https:\/\/remorqueslabelle.com\/en\/produit\/ballon-directionnel-de-lauto-vireur-cobra\/","og_site_name":"Remorques Labelle","article_publisher":"https:\/\/www.facebook.com\/remorqueslabellelaval\/","article_modified_time":"2025-07-18T19:53:47+00:00","og_image":[{"width":640,"height":480,"url":"https:\/\/remorqueslabelle.com\/wp-content\/uploads\/2023\/08\/directionnel.jpg","type":"image\/jpeg"}],"twitter_card":"summary_large_image","twitter_misc":{"Est. reading time":"1 minute"},"schema":{"@context":"https:\/\/schema.org","@graph":[{"@type":"WebPage","@id":"https:\/\/remorqueslabelle.com\/en\/produit\/ballon-directionnel-de-lauto-vireur-cobra\/","url":"https:\/\/remorqueslabelle.com\/en\/produit\/ballon-directionnel-de-lauto-vireur-cobra\/","name":"BALLON DIRECTIONNEL DE L'AUTO-VIREUR | COBRA | Remorques Labelle","isPartOf":{"@id":"https:\/\/remorqueslabelle.com\/en\/#website"},"primaryImageOfPage":{"@id":"https:\/\/remorqueslabelle.com\/en\/produit\/ballon-directionnel-de-lauto-vireur-cobra\/#primaryimage"},"image":{"@id":"https:\/\/remorqueslabelle.com\/en\/produit\/ballon-directionnel-de-lauto-vireur-cobra\/#primaryimage"},"thumbnailUrl":"https:\/\/remorqueslabelle.com\/wp-content\/uploads\/2023\/08\/directionnel.jpg","datePublished":"2023-08-24T17:35:51+00:00","dateModified":"2025-07-18T19:53:47+00:00","description":"BALLON DIRECTIONNEL DE L'AUTO-VIREUR | COBRA | Vaste choix de pi\u00e8ces disponibles pour remorques de la marque Cobra chez Remorques Labelle! 450.688.3555","breadcrumb":{"@id":"https:\/\/remorqueslabelle.com\/en\/produit\/ballon-directionnel-de-lauto-vireur-cobra\/#breadcrumb"},"inLanguage":"en-US","potentialAction":[{"@type":"ReadAction","target":["https:\/\/remorqueslabelle.com\/en\/produit\/ballon-directionnel-de-lauto-vireur-cobra\/"]}]},{"@type":"ImageObject","inLanguage":"en-US","@id":"https:\/\/remorqueslabelle.com\/en\/produit\/ballon-directionnel-de-lauto-vireur-cobra\/#primaryimage","url":"https:\/\/remorqueslabelle.com\/wp-content\/uploads\/2023\/08\/directionnel.jpg","contentUrl":"https:\/\/remorqueslabelle.com\/wp-content\/uploads\/2023\/08\/directionnel.jpg","width":640,"height":480},{"@type":"BreadcrumbList","@id":"https:\/\/remorqueslabelle.com\/en\/produit\/ballon-directionnel-de-lauto-vireur-cobra\/#breadcrumb","itemListElement":[{"@type":"ListItem","position":1,"name":"Accueil","item":"https:\/\/remorqueslabelle.com\/en\/"},{"@type":"ListItem","position":2,"name":"BALLON DIRECTIONNEL DE L&rsquo;AUTO-VIREUR | COBRA"}]},{"@type":"WebSite","@id":"https:\/\/remorqueslabelle.com\/en\/#website","url":"https:\/\/remorqueslabelle.com\/en\/","name":"Remorques Labelle","description":"Concessionnaire de remorques","publisher":{"@id":"https:\/\/remorqueslabelle.com\/en\/#organization"},"potentialAction":[{"@type":"SearchAction","target":{"@type":"EntryPoint","urlTemplate":"https:\/\/remorqueslabelle.com\/en\/?s={search_term_string}"},"query-input":{"@type":"PropertyValueSpecification","valueRequired":true,"valueName":"search_term_string"}}],"inLanguage":"en-US"},{"@type":"Organization","@id":"https:\/\/remorqueslabelle.com\/en\/#organization","name":"Remorques Labelle","url":"https:\/\/remorqueslabelle.com\/en\/","logo":{"@type":"ImageObject","inLanguage":"en-US","@id":"https:\/\/remorqueslabelle.com\/en\/#\/schema\/logo\/image\/","url":"https:\/\/remorqueslabelle.com\/wp-content\/uploads\/2020\/10\/Remorques-Labelle.png","contentUrl":"https:\/\/remorqueslabelle.com\/wp-content\/uploads\/2020\/10\/Remorques-Labelle.png","width":499,"height":151,"caption":"Remorques Labelle"},"image":{"@id":"https:\/\/remorqueslabelle.com\/en\/#\/schema\/logo\/image\/"},"sameAs":["https:\/\/www.facebook.com\/remorqueslabellelaval\/","https:\/\/www.youtube.com\/channel\/UCx1odvVQE7tPhbZhHLThmzQ","https:\/\/www.linkedin.com\/company\/remorques-labelle\/","https:\/\/www.instagram.com\/remorqueslabelle\/"]}]}},"_links":{"self":[{"href":"https:\/\/remorqueslabelle.com\/en\/wp-json\/wp\/v2\/product\/8640","targetHints":{"allow":["GET"]}}],"collection":[{"href":"https:\/\/remorqueslabelle.com\/en\/wp-json\/wp\/v2\/product"}],"about":[{"href":"https:\/\/remorqueslabelle.com\/en\/wp-json\/wp\/v2\/types\/product"}],"replies":[{"embeddable":true,"href":"https:\/\/remorqueslabelle.com\/en\/wp-json\/wp\/v2\/comments?post=8640"}],"wp:featuredmedia":[{"embeddable":true,"href":"https:\/\/remorqueslabelle.com\/en\/wp-json\/wp\/v2\/media\/8641"}],"wp:attachment":[{"href":"https:\/\/remorqueslabelle.com\/en\/wp-json\/wp\/v2\/media?parent=8640"}],"wp:term":[{"taxonomy":"product_cat","embeddable":true,"href":"https:\/\/remorqueslabelle.com\/en\/wp-json\/wp\/v2\/product_cat?post=8640"},{"taxonomy":"product_tag","embeddable":true,"href":"https:\/\/remorqueslabelle.com\/en\/wp-json\/wp\/v2\/product_tag?post=8640"}],"curies":[{"name":"wp","href":"https:\/\/api.w.org\/{rel}","templated":true}]}}