{"id":8058,"date":"2023-05-26T11:36:24","date_gmt":"2023-05-26T15:36:24","guid":{"rendered":"https:\/\/remorqueslabelle.com\/?post_type=product&#038;p=8058"},"modified":"2026-02-19T15:24:26","modified_gmt":"2026-02-19T20:24:26","slug":"ordinateur-freins-abs-ecu-haldex-cobra","status":"publish","type":"product","link":"https:\/\/remorqueslabelle.com\/en\/produit\/ordinateur-freins-abs-ecu-haldex-cobra\/","title":{"rendered":"ORDINATEUR FREINS ABS : ECU HALDEX | COBRA"},"content":{"rendered":"<h1><strong>ORDINATEUR FREINS ABS : ECU HALDEX |<span style=\"color: #333399;\"><em> COBRA<\/em><\/span><\/strong><\/h1>\n<h3><strong>PI\u00c8CE POUR REMORQUES<span style=\"color: #333399;\"> COBRA<\/span><\/strong><\/h3>\n<p>&nbsp;<\/p>\n<ul>\n<li class=\"entry-title\"><span style=\"color: #333399;\"><strong>#PI\u00c8CE: <\/strong><\/span><span style=\"color: #0000ff;\"><strong>RL-07S-47<\/strong><\/span><\/li>\n<li class=\"entry-title\"><span style=\"color: #333399;\"><strong>#R\u00c9F\u00c9RENCE: <\/strong><\/span><span style=\"color: #008080;\"><strong>AL919338<\/strong><\/span><\/li>\n<li><span style=\"color: #333399;\"><strong>CAT\u00c9GORIES:<\/strong><\/span> <strong>Valves &amp; abs + Plugs &amp; Cadrans<\/strong><\/li>\n<\/ul>\n<p><img decoding=\"async\" class=\"\" src=\"https:\/\/remorqueslabelle.com\/wp-content\/uploads\/2022\/03\/Cobra-375-X-135.png\" alt=\"Remorque Cobra Dumper aluminum| Remorques Labelle\" width=\"194\" height=\"109\" \/><\/p>\n<p><span style=\"font-weight: 400;\"><strong>Nombreuses pi\u00e8ces<\/strong> pour remorques <span style=\"color: #333399;\"><strong>COBRA<\/strong><\/span> en disponibilit\u00e9 chez <\/span><strong><em>Remorques Labelle!<\/em><\/strong><\/p>\n<p><span style=\"font-weight: 400;\">Appelez-nous au <\/span><strong><span style=\"color: #0000ff;\">450 688-3555 <\/span><\/strong><span style=\"font-weight: 400;\">en cas de questions ou pour passer une commande.<\/span><\/p>\n","protected":false},"excerpt":{"rendered":"<p>ORDINATEUR FREINS ABS : ECU HALDEX | COBRA PI\u00c8CE POUR REMORQUES COBRA &nbsp; #PI\u00c8CE: RL-07S-47 #R\u00c9F\u00c9RENCE: AL919338 CAT\u00c9GORIES: Valves &amp; abs + Plugs &amp; Cadrans Nombreuses pi\u00e8ces pour remorques COBRA [&hellip;]<\/p>\n","protected":false},"featured_media":33468,"comment_status":"open","ping_status":"closed","template":"","meta":{"_acf_changed":false},"product_cat":[121,15],"product_tag":[],"class_list":{"0":"post-8058","1":"product","2":"type-product","3":"status-publish","4":"has-post-thumbnail","6":"product_cat-freins","7":"product_cat-valves-abs","9":"first","10":"instock","11":"taxable","12":"shipping-taxable","13":"product-type-simple"},"acf":[],"yoast_head":"<!-- This site is optimized with the Yoast SEO Premium plugin v25.5 (Yoast SEO v25.5) - https:\/\/yoast.com\/wordpress\/plugins\/seo\/ -->\n<title>ORDINATEUR FREINS ABS : ECU HALDEX | COBRA | Remorques Labelle<\/title>\n<meta name=\"robots\" content=\"index, follow, max-snippet:-1, max-image-preview:large, max-video-preview:-1\" \/>\n<link rel=\"canonical\" href=\"https:\/\/remorqueslabelle.com\/en\/produit\/ordinateur-freins-abs-ecu-haldex-cobra\/\" \/>\n<meta property=\"og:locale\" content=\"en_US\" \/>\n<meta property=\"og:type\" content=\"article\" \/>\n<meta property=\"og:title\" content=\"ORDINATEUR FREINS ABS : ECU HALDEX | COBRA\" \/>\n<meta property=\"og:description\" content=\"ORDINATEUR FREINS ABS : ECU HALDEX | COBRA PI\u00c8CE POUR REMORQUES COBRA &nbsp; #PI\u00c8CE: RL-07S-47 #R\u00c9F\u00c9RENCE: AL919338 CAT\u00c9GORIES: Valves &amp; abs + Plugs &amp; Cadrans Nombreuses pi\u00e8ces pour remorques COBRA [&hellip;]\" \/>\n<meta property=\"og:url\" content=\"https:\/\/remorqueslabelle.com\/en\/produit\/ordinateur-freins-abs-ecu-haldex-cobra\/\" \/>\n<meta property=\"og:site_name\" content=\"Remorques Labelle\" \/>\n<meta property=\"article:publisher\" content=\"https:\/\/www.facebook.com\/remorqueslabellelaval\/\" \/>\n<meta property=\"article:modified_time\" content=\"2026-02-19T20:24:26+00:00\" \/>\n<meta property=\"og:image\" content=\"https:\/\/remorqueslabelle.com\/wp-content\/uploads\/2023\/05\/TR-TWD-P006-21.jpg\" \/>\n\t<meta property=\"og:image:width\" content=\"1000\" \/>\n\t<meta property=\"og:image:height\" content=\"1000\" \/>\n\t<meta property=\"og:image:type\" content=\"image\/jpeg\" \/>\n<meta name=\"twitter:card\" content=\"summary_large_image\" \/>\n<meta name=\"twitter:label1\" content=\"Est. reading time\" \/>\n\t<meta name=\"twitter:data1\" content=\"1 minute\" \/>\n<script type=\"application\/ld+json\" class=\"yoast-schema-graph\">{\"@context\":\"https:\/\/schema.org\",\"@graph\":[{\"@type\":\"WebPage\",\"@id\":\"https:\/\/remorqueslabelle.com\/en\/produit\/ordinateur-freins-abs-ecu-haldex-cobra\/\",\"url\":\"https:\/\/remorqueslabelle.com\/en\/produit\/ordinateur-freins-abs-ecu-haldex-cobra\/\",\"name\":\"ORDINATEUR FREINS ABS : ECU HALDEX | COBRA | Remorques Labelle\",\"isPartOf\":{\"@id\":\"https:\/\/remorqueslabelle.com\/en\/#website\"},\"primaryImageOfPage\":{\"@id\":\"https:\/\/remorqueslabelle.com\/en\/produit\/ordinateur-freins-abs-ecu-haldex-cobra\/#primaryimage\"},\"image\":{\"@id\":\"https:\/\/remorqueslabelle.com\/en\/produit\/ordinateur-freins-abs-ecu-haldex-cobra\/#primaryimage\"},\"thumbnailUrl\":\"https:\/\/remorqueslabelle.com\/wp-content\/uploads\/2023\/05\/TR-TWD-P006-21.jpg\",\"datePublished\":\"2023-05-26T15:36:24+00:00\",\"dateModified\":\"2026-02-19T20:24:26+00:00\",\"breadcrumb\":{\"@id\":\"https:\/\/remorqueslabelle.com\/en\/produit\/ordinateur-freins-abs-ecu-haldex-cobra\/#breadcrumb\"},\"inLanguage\":\"en-US\",\"potentialAction\":[{\"@type\":\"ReadAction\",\"target\":[\"https:\/\/remorqueslabelle.com\/en\/produit\/ordinateur-freins-abs-ecu-haldex-cobra\/\"]}]},{\"@type\":\"ImageObject\",\"inLanguage\":\"en-US\",\"@id\":\"https:\/\/remorqueslabelle.com\/en\/produit\/ordinateur-freins-abs-ecu-haldex-cobra\/#primaryimage\",\"url\":\"https:\/\/remorqueslabelle.com\/wp-content\/uploads\/2023\/05\/TR-TWD-P006-21.jpg\",\"contentUrl\":\"https:\/\/remorqueslabelle.com\/wp-content\/uploads\/2023\/05\/TR-TWD-P006-21.jpg\",\"width\":1000,\"height\":1000},{\"@type\":\"BreadcrumbList\",\"@id\":\"https:\/\/remorqueslabelle.com\/en\/produit\/ordinateur-freins-abs-ecu-haldex-cobra\/#breadcrumb\",\"itemListElement\":[{\"@type\":\"ListItem\",\"position\":1,\"name\":\"Accueil\",\"item\":\"https:\/\/remorqueslabelle.com\/en\/\"},{\"@type\":\"ListItem\",\"position\":2,\"name\":\"ORDINATEUR FREINS ABS : ECU HALDEX | COBRA\"}]},{\"@type\":\"WebSite\",\"@id\":\"https:\/\/remorqueslabelle.com\/en\/#website\",\"url\":\"https:\/\/remorqueslabelle.com\/en\/\",\"name\":\"Remorques Labelle\",\"description\":\"Concessionnaire de remorques\",\"publisher\":{\"@id\":\"https:\/\/remorqueslabelle.com\/en\/#organization\"},\"potentialAction\":[{\"@type\":\"SearchAction\",\"target\":{\"@type\":\"EntryPoint\",\"urlTemplate\":\"https:\/\/remorqueslabelle.com\/en\/?s={search_term_string}\"},\"query-input\":{\"@type\":\"PropertyValueSpecification\",\"valueRequired\":true,\"valueName\":\"search_term_string\"}}],\"inLanguage\":\"en-US\"},{\"@type\":\"Organization\",\"@id\":\"https:\/\/remorqueslabelle.com\/en\/#organization\",\"name\":\"Remorques Labelle\",\"url\":\"https:\/\/remorqueslabelle.com\/en\/\",\"logo\":{\"@type\":\"ImageObject\",\"inLanguage\":\"en-US\",\"@id\":\"https:\/\/remorqueslabelle.com\/en\/#\/schema\/logo\/image\/\",\"url\":\"https:\/\/remorqueslabelle.com\/wp-content\/uploads\/2020\/10\/Remorques-Labelle.png\",\"contentUrl\":\"https:\/\/remorqueslabelle.com\/wp-content\/uploads\/2020\/10\/Remorques-Labelle.png\",\"width\":499,\"height\":151,\"caption\":\"Remorques Labelle\"},\"image\":{\"@id\":\"https:\/\/remorqueslabelle.com\/en\/#\/schema\/logo\/image\/\"},\"sameAs\":[\"https:\/\/www.facebook.com\/remorqueslabellelaval\/\",\"https:\/\/www.youtube.com\/channel\/UCx1odvVQE7tPhbZhHLThmzQ\",\"https:\/\/www.linkedin.com\/company\/remorques-labelle\/\",\"https:\/\/www.instagram.com\/remorqueslabelle\/\"]}]}<\/script>\n<!-- \/ Yoast SEO Premium plugin. -->","yoast_head_json":{"title":"ORDINATEUR FREINS ABS : ECU HALDEX | COBRA | Remorques Labelle","robots":{"index":"index","follow":"follow","max-snippet":"max-snippet:-1","max-image-preview":"max-image-preview:large","max-video-preview":"max-video-preview:-1"},"canonical":"https:\/\/remorqueslabelle.com\/en\/produit\/ordinateur-freins-abs-ecu-haldex-cobra\/","og_locale":"en_US","og_type":"article","og_title":"ORDINATEUR FREINS ABS : ECU HALDEX | COBRA","og_description":"ORDINATEUR FREINS ABS : ECU HALDEX | COBRA PI\u00c8CE POUR REMORQUES COBRA &nbsp; #PI\u00c8CE: RL-07S-47 #R\u00c9F\u00c9RENCE: AL919338 CAT\u00c9GORIES: Valves &amp; abs + Plugs &amp; Cadrans Nombreuses pi\u00e8ces pour remorques COBRA [&hellip;]","og_url":"https:\/\/remorqueslabelle.com\/en\/produit\/ordinateur-freins-abs-ecu-haldex-cobra\/","og_site_name":"Remorques Labelle","article_publisher":"https:\/\/www.facebook.com\/remorqueslabellelaval\/","article_modified_time":"2026-02-19T20:24:26+00:00","og_image":[{"width":1000,"height":1000,"url":"https:\/\/remorqueslabelle.com\/wp-content\/uploads\/2023\/05\/TR-TWD-P006-21.jpg","type":"image\/jpeg"}],"twitter_card":"summary_large_image","twitter_misc":{"Est. reading time":"1 minute"},"schema":{"@context":"https:\/\/schema.org","@graph":[{"@type":"WebPage","@id":"https:\/\/remorqueslabelle.com\/en\/produit\/ordinateur-freins-abs-ecu-haldex-cobra\/","url":"https:\/\/remorqueslabelle.com\/en\/produit\/ordinateur-freins-abs-ecu-haldex-cobra\/","name":"ORDINATEUR FREINS ABS : ECU HALDEX | COBRA | Remorques Labelle","isPartOf":{"@id":"https:\/\/remorqueslabelle.com\/en\/#website"},"primaryImageOfPage":{"@id":"https:\/\/remorqueslabelle.com\/en\/produit\/ordinateur-freins-abs-ecu-haldex-cobra\/#primaryimage"},"image":{"@id":"https:\/\/remorqueslabelle.com\/en\/produit\/ordinateur-freins-abs-ecu-haldex-cobra\/#primaryimage"},"thumbnailUrl":"https:\/\/remorqueslabelle.com\/wp-content\/uploads\/2023\/05\/TR-TWD-P006-21.jpg","datePublished":"2023-05-26T15:36:24+00:00","dateModified":"2026-02-19T20:24:26+00:00","breadcrumb":{"@id":"https:\/\/remorqueslabelle.com\/en\/produit\/ordinateur-freins-abs-ecu-haldex-cobra\/#breadcrumb"},"inLanguage":"en-US","potentialAction":[{"@type":"ReadAction","target":["https:\/\/remorqueslabelle.com\/en\/produit\/ordinateur-freins-abs-ecu-haldex-cobra\/"]}]},{"@type":"ImageObject","inLanguage":"en-US","@id":"https:\/\/remorqueslabelle.com\/en\/produit\/ordinateur-freins-abs-ecu-haldex-cobra\/#primaryimage","url":"https:\/\/remorqueslabelle.com\/wp-content\/uploads\/2023\/05\/TR-TWD-P006-21.jpg","contentUrl":"https:\/\/remorqueslabelle.com\/wp-content\/uploads\/2023\/05\/TR-TWD-P006-21.jpg","width":1000,"height":1000},{"@type":"BreadcrumbList","@id":"https:\/\/remorqueslabelle.com\/en\/produit\/ordinateur-freins-abs-ecu-haldex-cobra\/#breadcrumb","itemListElement":[{"@type":"ListItem","position":1,"name":"Accueil","item":"https:\/\/remorqueslabelle.com\/en\/"},{"@type":"ListItem","position":2,"name":"ORDINATEUR FREINS ABS : ECU HALDEX | COBRA"}]},{"@type":"WebSite","@id":"https:\/\/remorqueslabelle.com\/en\/#website","url":"https:\/\/remorqueslabelle.com\/en\/","name":"Remorques Labelle","description":"Concessionnaire de remorques","publisher":{"@id":"https:\/\/remorqueslabelle.com\/en\/#organization"},"potentialAction":[{"@type":"SearchAction","target":{"@type":"EntryPoint","urlTemplate":"https:\/\/remorqueslabelle.com\/en\/?s={search_term_string}"},"query-input":{"@type":"PropertyValueSpecification","valueRequired":true,"valueName":"search_term_string"}}],"inLanguage":"en-US"},{"@type":"Organization","@id":"https:\/\/remorqueslabelle.com\/en\/#organization","name":"Remorques Labelle","url":"https:\/\/remorqueslabelle.com\/en\/","logo":{"@type":"ImageObject","inLanguage":"en-US","@id":"https:\/\/remorqueslabelle.com\/en\/#\/schema\/logo\/image\/","url":"https:\/\/remorqueslabelle.com\/wp-content\/uploads\/2020\/10\/Remorques-Labelle.png","contentUrl":"https:\/\/remorqueslabelle.com\/wp-content\/uploads\/2020\/10\/Remorques-Labelle.png","width":499,"height":151,"caption":"Remorques Labelle"},"image":{"@id":"https:\/\/remorqueslabelle.com\/en\/#\/schema\/logo\/image\/"},"sameAs":["https:\/\/www.facebook.com\/remorqueslabellelaval\/","https:\/\/www.youtube.com\/channel\/UCx1odvVQE7tPhbZhHLThmzQ","https:\/\/www.linkedin.com\/company\/remorques-labelle\/","https:\/\/www.instagram.com\/remorqueslabelle\/"]}]}},"_links":{"self":[{"href":"https:\/\/remorqueslabelle.com\/en\/wp-json\/wp\/v2\/product\/8058","targetHints":{"allow":["GET"]}}],"collection":[{"href":"https:\/\/remorqueslabelle.com\/en\/wp-json\/wp\/v2\/product"}],"about":[{"href":"https:\/\/remorqueslabelle.com\/en\/wp-json\/wp\/v2\/types\/product"}],"replies":[{"embeddable":true,"href":"https:\/\/remorqueslabelle.com\/en\/wp-json\/wp\/v2\/comments?post=8058"}],"wp:featuredmedia":[{"embeddable":true,"href":"https:\/\/remorqueslabelle.com\/en\/wp-json\/wp\/v2\/media\/33468"}],"wp:attachment":[{"href":"https:\/\/remorqueslabelle.com\/en\/wp-json\/wp\/v2\/media?parent=8058"}],"wp:term":[{"taxonomy":"product_cat","embeddable":true,"href":"https:\/\/remorqueslabelle.com\/en\/wp-json\/wp\/v2\/product_cat?post=8058"},{"taxonomy":"product_tag","embeddable":true,"href":"https:\/\/remorqueslabelle.com\/en\/wp-json\/wp\/v2\/product_tag?post=8058"}],"curies":[{"name":"wp","href":"https:\/\/api.w.org\/{rel}","templated":true}]}}