{"id":8024,"date":"2023-05-26T10:20:08","date_gmt":"2023-05-26T14:20:08","guid":{"rendered":"https:\/\/remorqueslabelle.com\/?post_type=product&#038;p=8024"},"modified":"2026-02-13T10:08:04","modified_gmt":"2026-02-13T15:08:04","slug":"shock-hendrickson-b-24023-pour-suspension-intraxx-300-sg","status":"publish","type":"product","link":"https:\/\/remorqueslabelle.com\/en\/produit\/shock-hendrickson-b-24023-pour-suspension-intraxx-300-sg\/","title":{"rendered":"SHOCK HENDRICKSON B-24023 POUR SUSPENSION INTRAXX 300 \/SG | RL-04S-13A"},"content":{"rendered":"<h1><strong>SHOCK HENDRICKSON B-24023 POUR SUSPENSION INTRAXX 300 \/SG<\/strong><\/h1>\n<h2><span style=\"color: #000080;\"><em><span style=\"color: #000000;\">Pour essieux r\u00e9gulier du tridem<\/span><\/em><\/span><\/h2>\n<p>&nbsp;<\/p>\n<ul>\n<li class=\"entry-title\"><strong><span style=\"color: #333399;\">#PI\u00c8CE:<\/span> <span style=\"color: #0000ff;\">S-24023 <\/span><\/strong><span style=\"color: #000000;\">| <span style=\"font-weight: 400;\">RL-04S-13A<\/span><\/span><\/li>\n<li><strong><span style=\"color: #333399;\">LOCALISATIN:<\/span><span style=\"color: #ff6600;\"> 2.05.04.03<\/span><\/strong><\/li>\n<li><strong><span style=\"color: #333399;\">MARQUE:\u00a0<\/span><\/strong><span style=\"color: #000000;\">Cobra, Stargate, Hendrickson<\/span><\/li>\n<li><strong><span style=\"color: #333399;\">#R\u00c9F\u00c9RENCE:<\/span><span style=\"color: #008080;\"> B-24023 Hendrickson<\/span><\/strong><\/li>\n<\/ul>\n<p><img decoding=\"async\" class=\"\" src=\"https:\/\/remorqueslabelle.com\/wp-content\/uploads\/2022\/03\/Cobra-375-X-135.png\" alt=\"Remorque Cobra Dumper aluminum| Remorques Labelle\" width=\"191\" height=\"107\" \/><\/p>\n<p>Vaste choix de pi\u00e8ces pour remorques.\u00a0Magasinez<strong>\u00a0en ligne<\/strong>\u00a0ou\u00a0<strong>appelez-nous<\/strong>\u00a0au\u00a0<span style=\"color: #0000ff;\"><strong>450 688-3555<\/strong>\u00a0<\/span>pour passer une commande!<\/p>\n","protected":false},"excerpt":{"rendered":"<p>SHOCK HENDRICKSON B-24023 POUR SUSPENSION INTRAXX 300 \/SG Pour essieux r\u00e9gulier du tridem &nbsp; #PI\u00c8CE: S-24023 | RL-04S-13A LOCALISATIN: 2.05.04.03 MARQUE:\u00a0Cobra, Stargate, Hendrickson #R\u00c9F\u00c9RENCE: B-24023 Hendrickson Vaste choix de pi\u00e8ces [&hellip;]<\/p>\n","protected":false},"featured_media":31490,"comment_status":"open","ping_status":"closed","template":"","meta":{"_acf_changed":false},"product_cat":[76],"product_tag":[],"class_list":{"0":"post-8024","1":"product","2":"type-product","3":"status-publish","4":"has-post-thumbnail","6":"product_cat-essieux-et-suspension-du-tridem","8":"first","9":"instock","10":"taxable","11":"shipping-taxable","12":"product-type-simple"},"acf":[],"yoast_head":"<!-- This site is optimized with the Yoast SEO Premium plugin v25.5 (Yoast SEO v25.5) - https:\/\/yoast.com\/wordpress\/plugins\/seo\/ -->\n<title>SHOCK HENDRICKSON B-24023 POUR SUSPENSION INTRAXX 300 \/SG | RL-04S-13A | Remorques Labelle<\/title>\n<meta name=\"description\" content=\"SHOCK HENDRICKSON | SUSPENSION INTRAXX 300 (Cobra)| B-24023 Hendrickson | Pi\u00e8ces pour dompeurs disponible ici! 450 688-3555\" \/>\n<meta name=\"robots\" content=\"index, follow, max-snippet:-1, max-image-preview:large, max-video-preview:-1\" \/>\n<link rel=\"canonical\" href=\"https:\/\/remorqueslabelle.com\/en\/produit\/shock-hendrickson-b-24023-pour-suspension-intraxx-300-sg\/\" \/>\n<meta property=\"og:locale\" content=\"en_US\" \/>\n<meta property=\"og:type\" content=\"article\" \/>\n<meta property=\"og:title\" content=\"SHOCK HENDRICKSON B-24023 POUR SUSPENSION INTRAXX 300 \/SG | RL-04S-13A\" \/>\n<meta property=\"og:description\" content=\"SHOCK HENDRICKSON | SUSPENSION INTRAXX 300 (Cobra)| B-24023 Hendrickson | Pi\u00e8ces pour dompeurs disponible ici! 450 688-3555\" \/>\n<meta property=\"og:url\" content=\"https:\/\/remorqueslabelle.com\/en\/produit\/shock-hendrickson-b-24023-pour-suspension-intraxx-300-sg\/\" \/>\n<meta property=\"og:site_name\" content=\"Remorques Labelle\" \/>\n<meta property=\"article:publisher\" content=\"https:\/\/www.facebook.com\/remorqueslabellelaval\/\" \/>\n<meta property=\"article:modified_time\" content=\"2026-02-13T15:08:04+00:00\" \/>\n<meta property=\"og:image\" content=\"https:\/\/remorqueslabelle.com\/wp-content\/uploads\/2023\/05\/Copie-de-piece-site-2025-12-30T094212.850.jpg\" \/>\n\t<meta property=\"og:image:width\" content=\"1000\" \/>\n\t<meta property=\"og:image:height\" content=\"1000\" \/>\n\t<meta property=\"og:image:type\" content=\"image\/jpeg\" \/>\n<meta name=\"twitter:card\" content=\"summary_large_image\" \/>\n<meta name=\"twitter:label1\" content=\"Est. reading time\" \/>\n\t<meta name=\"twitter:data1\" content=\"1 minute\" \/>\n<script type=\"application\/ld+json\" class=\"yoast-schema-graph\">{\"@context\":\"https:\/\/schema.org\",\"@graph\":[{\"@type\":\"WebPage\",\"@id\":\"https:\/\/remorqueslabelle.com\/en\/produit\/shock-hendrickson-b-24023-pour-suspension-intraxx-300-sg\/\",\"url\":\"https:\/\/remorqueslabelle.com\/en\/produit\/shock-hendrickson-b-24023-pour-suspension-intraxx-300-sg\/\",\"name\":\"SHOCK HENDRICKSON B-24023 POUR SUSPENSION INTRAXX 300 \/SG | RL-04S-13A | Remorques Labelle\",\"isPartOf\":{\"@id\":\"https:\/\/remorqueslabelle.com\/en\/#website\"},\"primaryImageOfPage\":{\"@id\":\"https:\/\/remorqueslabelle.com\/en\/produit\/shock-hendrickson-b-24023-pour-suspension-intraxx-300-sg\/#primaryimage\"},\"image\":{\"@id\":\"https:\/\/remorqueslabelle.com\/en\/produit\/shock-hendrickson-b-24023-pour-suspension-intraxx-300-sg\/#primaryimage\"},\"thumbnailUrl\":\"https:\/\/remorqueslabelle.com\/wp-content\/uploads\/2023\/05\/Copie-de-piece-site-2025-12-30T094212.850.jpg\",\"datePublished\":\"2023-05-26T14:20:08+00:00\",\"dateModified\":\"2026-02-13T15:08:04+00:00\",\"description\":\"SHOCK HENDRICKSON | SUSPENSION INTRAXX 300 (Cobra)| B-24023 Hendrickson | Pi\u00e8ces pour dompeurs disponible ici! 450 688-3555\",\"breadcrumb\":{\"@id\":\"https:\/\/remorqueslabelle.com\/en\/produit\/shock-hendrickson-b-24023-pour-suspension-intraxx-300-sg\/#breadcrumb\"},\"inLanguage\":\"en-US\",\"potentialAction\":[{\"@type\":\"ReadAction\",\"target\":[\"https:\/\/remorqueslabelle.com\/en\/produit\/shock-hendrickson-b-24023-pour-suspension-intraxx-300-sg\/\"]}]},{\"@type\":\"ImageObject\",\"inLanguage\":\"en-US\",\"@id\":\"https:\/\/remorqueslabelle.com\/en\/produit\/shock-hendrickson-b-24023-pour-suspension-intraxx-300-sg\/#primaryimage\",\"url\":\"https:\/\/remorqueslabelle.com\/wp-content\/uploads\/2023\/05\/Copie-de-piece-site-2025-12-30T094212.850.jpg\",\"contentUrl\":\"https:\/\/remorqueslabelle.com\/wp-content\/uploads\/2023\/05\/Copie-de-piece-site-2025-12-30T094212.850.jpg\",\"width\":1000,\"height\":1000,\"caption\":\"Shock Hendrickson B-24023 suspension Intraxx Cobra\"},{\"@type\":\"BreadcrumbList\",\"@id\":\"https:\/\/remorqueslabelle.com\/en\/produit\/shock-hendrickson-b-24023-pour-suspension-intraxx-300-sg\/#breadcrumb\",\"itemListElement\":[{\"@type\":\"ListItem\",\"position\":1,\"name\":\"Accueil\",\"item\":\"https:\/\/remorqueslabelle.com\/en\/\"},{\"@type\":\"ListItem\",\"position\":2,\"name\":\"SHOCK HENDRICKSON B-24023 POUR SUSPENSION INTRAXX 300 \/SG | RL-04S-13A\"}]},{\"@type\":\"WebSite\",\"@id\":\"https:\/\/remorqueslabelle.com\/en\/#website\",\"url\":\"https:\/\/remorqueslabelle.com\/en\/\",\"name\":\"Remorques Labelle\",\"description\":\"Concessionnaire de remorques\",\"publisher\":{\"@id\":\"https:\/\/remorqueslabelle.com\/en\/#organization\"},\"potentialAction\":[{\"@type\":\"SearchAction\",\"target\":{\"@type\":\"EntryPoint\",\"urlTemplate\":\"https:\/\/remorqueslabelle.com\/en\/?s={search_term_string}\"},\"query-input\":{\"@type\":\"PropertyValueSpecification\",\"valueRequired\":true,\"valueName\":\"search_term_string\"}}],\"inLanguage\":\"en-US\"},{\"@type\":\"Organization\",\"@id\":\"https:\/\/remorqueslabelle.com\/en\/#organization\",\"name\":\"Remorques Labelle\",\"url\":\"https:\/\/remorqueslabelle.com\/en\/\",\"logo\":{\"@type\":\"ImageObject\",\"inLanguage\":\"en-US\",\"@id\":\"https:\/\/remorqueslabelle.com\/en\/#\/schema\/logo\/image\/\",\"url\":\"https:\/\/remorqueslabelle.com\/wp-content\/uploads\/2020\/10\/Remorques-Labelle.png\",\"contentUrl\":\"https:\/\/remorqueslabelle.com\/wp-content\/uploads\/2020\/10\/Remorques-Labelle.png\",\"width\":499,\"height\":151,\"caption\":\"Remorques Labelle\"},\"image\":{\"@id\":\"https:\/\/remorqueslabelle.com\/en\/#\/schema\/logo\/image\/\"},\"sameAs\":[\"https:\/\/www.facebook.com\/remorqueslabellelaval\/\",\"https:\/\/www.youtube.com\/channel\/UCx1odvVQE7tPhbZhHLThmzQ\",\"https:\/\/www.linkedin.com\/company\/remorques-labelle\/\",\"https:\/\/www.instagram.com\/remorqueslabelle\/\"]}]}<\/script>\n<!-- \/ Yoast SEO Premium plugin. -->","yoast_head_json":{"title":"SHOCK HENDRICKSON B-24023 POUR SUSPENSION INTRAXX 300 \/SG | RL-04S-13A | Remorques Labelle","description":"SHOCK HENDRICKSON | SUSPENSION INTRAXX 300 (Cobra)| B-24023 Hendrickson | Pi\u00e8ces pour dompeurs disponible ici! 450 688-3555","robots":{"index":"index","follow":"follow","max-snippet":"max-snippet:-1","max-image-preview":"max-image-preview:large","max-video-preview":"max-video-preview:-1"},"canonical":"https:\/\/remorqueslabelle.com\/en\/produit\/shock-hendrickson-b-24023-pour-suspension-intraxx-300-sg\/","og_locale":"en_US","og_type":"article","og_title":"SHOCK HENDRICKSON B-24023 POUR SUSPENSION INTRAXX 300 \/SG | RL-04S-13A","og_description":"SHOCK HENDRICKSON | SUSPENSION INTRAXX 300 (Cobra)| B-24023 Hendrickson | Pi\u00e8ces pour dompeurs disponible ici! 450 688-3555","og_url":"https:\/\/remorqueslabelle.com\/en\/produit\/shock-hendrickson-b-24023-pour-suspension-intraxx-300-sg\/","og_site_name":"Remorques Labelle","article_publisher":"https:\/\/www.facebook.com\/remorqueslabellelaval\/","article_modified_time":"2026-02-13T15:08:04+00:00","og_image":[{"width":1000,"height":1000,"url":"https:\/\/remorqueslabelle.com\/wp-content\/uploads\/2023\/05\/Copie-de-piece-site-2025-12-30T094212.850.jpg","type":"image\/jpeg"}],"twitter_card":"summary_large_image","twitter_misc":{"Est. reading time":"1 minute"},"schema":{"@context":"https:\/\/schema.org","@graph":[{"@type":"WebPage","@id":"https:\/\/remorqueslabelle.com\/en\/produit\/shock-hendrickson-b-24023-pour-suspension-intraxx-300-sg\/","url":"https:\/\/remorqueslabelle.com\/en\/produit\/shock-hendrickson-b-24023-pour-suspension-intraxx-300-sg\/","name":"SHOCK HENDRICKSON B-24023 POUR SUSPENSION INTRAXX 300 \/SG | RL-04S-13A | Remorques Labelle","isPartOf":{"@id":"https:\/\/remorqueslabelle.com\/en\/#website"},"primaryImageOfPage":{"@id":"https:\/\/remorqueslabelle.com\/en\/produit\/shock-hendrickson-b-24023-pour-suspension-intraxx-300-sg\/#primaryimage"},"image":{"@id":"https:\/\/remorqueslabelle.com\/en\/produit\/shock-hendrickson-b-24023-pour-suspension-intraxx-300-sg\/#primaryimage"},"thumbnailUrl":"https:\/\/remorqueslabelle.com\/wp-content\/uploads\/2023\/05\/Copie-de-piece-site-2025-12-30T094212.850.jpg","datePublished":"2023-05-26T14:20:08+00:00","dateModified":"2026-02-13T15:08:04+00:00","description":"SHOCK HENDRICKSON | SUSPENSION INTRAXX 300 (Cobra)| B-24023 Hendrickson | Pi\u00e8ces pour dompeurs disponible ici! 450 688-3555","breadcrumb":{"@id":"https:\/\/remorqueslabelle.com\/en\/produit\/shock-hendrickson-b-24023-pour-suspension-intraxx-300-sg\/#breadcrumb"},"inLanguage":"en-US","potentialAction":[{"@type":"ReadAction","target":["https:\/\/remorqueslabelle.com\/en\/produit\/shock-hendrickson-b-24023-pour-suspension-intraxx-300-sg\/"]}]},{"@type":"ImageObject","inLanguage":"en-US","@id":"https:\/\/remorqueslabelle.com\/en\/produit\/shock-hendrickson-b-24023-pour-suspension-intraxx-300-sg\/#primaryimage","url":"https:\/\/remorqueslabelle.com\/wp-content\/uploads\/2023\/05\/Copie-de-piece-site-2025-12-30T094212.850.jpg","contentUrl":"https:\/\/remorqueslabelle.com\/wp-content\/uploads\/2023\/05\/Copie-de-piece-site-2025-12-30T094212.850.jpg","width":1000,"height":1000,"caption":"Shock Hendrickson B-24023 suspension Intraxx Cobra"},{"@type":"BreadcrumbList","@id":"https:\/\/remorqueslabelle.com\/en\/produit\/shock-hendrickson-b-24023-pour-suspension-intraxx-300-sg\/#breadcrumb","itemListElement":[{"@type":"ListItem","position":1,"name":"Accueil","item":"https:\/\/remorqueslabelle.com\/en\/"},{"@type":"ListItem","position":2,"name":"SHOCK HENDRICKSON B-24023 POUR SUSPENSION INTRAXX 300 \/SG | RL-04S-13A"}]},{"@type":"WebSite","@id":"https:\/\/remorqueslabelle.com\/en\/#website","url":"https:\/\/remorqueslabelle.com\/en\/","name":"Remorques Labelle","description":"Concessionnaire de remorques","publisher":{"@id":"https:\/\/remorqueslabelle.com\/en\/#organization"},"potentialAction":[{"@type":"SearchAction","target":{"@type":"EntryPoint","urlTemplate":"https:\/\/remorqueslabelle.com\/en\/?s={search_term_string}"},"query-input":{"@type":"PropertyValueSpecification","valueRequired":true,"valueName":"search_term_string"}}],"inLanguage":"en-US"},{"@type":"Organization","@id":"https:\/\/remorqueslabelle.com\/en\/#organization","name":"Remorques Labelle","url":"https:\/\/remorqueslabelle.com\/en\/","logo":{"@type":"ImageObject","inLanguage":"en-US","@id":"https:\/\/remorqueslabelle.com\/en\/#\/schema\/logo\/image\/","url":"https:\/\/remorqueslabelle.com\/wp-content\/uploads\/2020\/10\/Remorques-Labelle.png","contentUrl":"https:\/\/remorqueslabelle.com\/wp-content\/uploads\/2020\/10\/Remorques-Labelle.png","width":499,"height":151,"caption":"Remorques Labelle"},"image":{"@id":"https:\/\/remorqueslabelle.com\/en\/#\/schema\/logo\/image\/"},"sameAs":["https:\/\/www.facebook.com\/remorqueslabellelaval\/","https:\/\/www.youtube.com\/channel\/UCx1odvVQE7tPhbZhHLThmzQ","https:\/\/www.linkedin.com\/company\/remorques-labelle\/","https:\/\/www.instagram.com\/remorqueslabelle\/"]}]}},"_links":{"self":[{"href":"https:\/\/remorqueslabelle.com\/en\/wp-json\/wp\/v2\/product\/8024","targetHints":{"allow":["GET"]}}],"collection":[{"href":"https:\/\/remorqueslabelle.com\/en\/wp-json\/wp\/v2\/product"}],"about":[{"href":"https:\/\/remorqueslabelle.com\/en\/wp-json\/wp\/v2\/types\/product"}],"replies":[{"embeddable":true,"href":"https:\/\/remorqueslabelle.com\/en\/wp-json\/wp\/v2\/comments?post=8024"}],"wp:featuredmedia":[{"embeddable":true,"href":"https:\/\/remorqueslabelle.com\/en\/wp-json\/wp\/v2\/media\/31490"}],"wp:attachment":[{"href":"https:\/\/remorqueslabelle.com\/en\/wp-json\/wp\/v2\/media?parent=8024"}],"wp:term":[{"taxonomy":"product_cat","embeddable":true,"href":"https:\/\/remorqueslabelle.com\/en\/wp-json\/wp\/v2\/product_cat?post=8024"},{"taxonomy":"product_tag","embeddable":true,"href":"https:\/\/remorqueslabelle.com\/en\/wp-json\/wp\/v2\/product_tag?post=8024"}],"curies":[{"name":"wp","href":"https:\/\/api.w.org\/{rel}","templated":true}]}}