{"id":7889,"date":"2023-05-10T11:32:38","date_gmt":"2023-05-10T15:32:38","guid":{"rendered":"https:\/\/remorqueslabelle.com\/?post_type=product&#038;p=7889"},"modified":"2026-02-11T11:06:03","modified_gmt":"2026-02-11T16:06:03","slug":"rl-04s-16-amortisseur-meritor-all-fit","status":"publish","type":"product","link":"https:\/\/remorqueslabelle.com\/en\/produit\/rl-04s-16-amortisseur-meritor-all-fit\/","title":{"rendered":"RL-04S-16 AMORTISSEUR MERITOR ALL FIT"},"content":{"rendered":"<h1><strong>AMORTISSEUR MERITOR ALL FIT<\/strong><\/h1>\n<p>&nbsp;<\/p>\n<ul>\n<li class=\"entry-title\"><span style=\"color: #008080;\"><strong>M85323<\/strong><\/span> num\u00e9ro de r\u00e9f\u00e9rence<\/li>\n<li><strong>#PI\u00c8CE :<span style=\"color: #0000ff;\"> RL-04S-16<\/span><\/strong><\/li>\n<\/ul>\n<p>&nbsp;<\/p>\n<p>Pour obtenir plus d\u2019information sur cette pi\u00e8ce ou pour passer une commande, contactez-nous au\u00a0<span style=\"color: #0000ff;\"><strong>450.688.3555<\/strong><\/span>\u00a0!<\/p>\n<h1 class=\"entry-title\"><\/h1>\n<h1 class=\"entry-title\"><\/h1>\n","protected":false},"excerpt":{"rendered":"<p>AMORTISSEUR MERITOR ALL FIT &nbsp; M85323 num\u00e9ro de r\u00e9f\u00e9rence #PI\u00c8CE : RL-04S-16 &nbsp; Pour obtenir plus d\u2019information sur cette pi\u00e8ce ou pour passer une commande, contactez-nous au\u00a0450.688.3555\u00a0!<\/p>\n","protected":false},"featured_media":33400,"comment_status":"open","ping_status":"closed","template":"","meta":{"_acf_changed":false},"product_cat":[76],"product_tag":[],"class_list":{"0":"post-7889","1":"product","2":"type-product","3":"status-publish","4":"has-post-thumbnail","6":"product_cat-essieux-et-suspension-du-tridem","8":"first","9":"instock","10":"taxable","11":"shipping-taxable","12":"product-type-simple"},"acf":[],"yoast_head":"<!-- This site is optimized with the Yoast SEO Premium plugin v25.5 (Yoast SEO v25.5) - https:\/\/yoast.com\/wordpress\/plugins\/seo\/ -->\n<title>RL-04S-16 AMORTISSEUR MERITOR ALL FIT | Remorques Labelle<\/title>\n<meta name=\"robots\" content=\"index, follow, max-snippet:-1, max-image-preview:large, max-video-preview:-1\" \/>\n<link rel=\"canonical\" href=\"https:\/\/remorqueslabelle.com\/en\/produit\/rl-04s-16-amortisseur-meritor-all-fit\/\" \/>\n<meta property=\"og:locale\" content=\"en_US\" \/>\n<meta property=\"og:type\" content=\"article\" \/>\n<meta property=\"og:title\" content=\"RL-04S-16 AMORTISSEUR MERITOR ALL FIT\" \/>\n<meta property=\"og:description\" content=\"AMORTISSEUR MERITOR ALL FIT &nbsp; M85323 num\u00e9ro de r\u00e9f\u00e9rence #PI\u00c8CE : RL-04S-16 &nbsp; Pour obtenir plus d\u2019information sur cette pi\u00e8ce ou pour passer une commande, contactez-nous au\u00a0450.688.3555\u00a0!\" \/>\n<meta property=\"og:url\" content=\"https:\/\/remorqueslabelle.com\/en\/produit\/rl-04s-16-amortisseur-meritor-all-fit\/\" \/>\n<meta property=\"og:site_name\" content=\"Remorques Labelle\" \/>\n<meta property=\"article:publisher\" content=\"https:\/\/www.facebook.com\/remorqueslabellelaval\/\" \/>\n<meta property=\"article:modified_time\" content=\"2026-02-11T16:06:03+00:00\" \/>\n<meta property=\"og:image\" content=\"https:\/\/remorqueslabelle.com\/wp-content\/uploads\/2023\/05\/Design-sans-titre-82.jpg\" \/>\n\t<meta property=\"og:image:width\" content=\"1000\" \/>\n\t<meta property=\"og:image:height\" content=\"1000\" \/>\n\t<meta property=\"og:image:type\" content=\"image\/jpeg\" \/>\n<meta name=\"twitter:card\" content=\"summary_large_image\" \/>\n<meta name=\"twitter:label1\" content=\"Est. reading time\" \/>\n\t<meta name=\"twitter:data1\" content=\"1 minute\" \/>\n<script type=\"application\/ld+json\" class=\"yoast-schema-graph\">{\"@context\":\"https:\/\/schema.org\",\"@graph\":[{\"@type\":\"WebPage\",\"@id\":\"https:\/\/remorqueslabelle.com\/en\/produit\/rl-04s-16-amortisseur-meritor-all-fit\/\",\"url\":\"https:\/\/remorqueslabelle.com\/en\/produit\/rl-04s-16-amortisseur-meritor-all-fit\/\",\"name\":\"RL-04S-16 AMORTISSEUR MERITOR ALL FIT | Remorques Labelle\",\"isPartOf\":{\"@id\":\"https:\/\/remorqueslabelle.com\/en\/#website\"},\"primaryImageOfPage\":{\"@id\":\"https:\/\/remorqueslabelle.com\/en\/produit\/rl-04s-16-amortisseur-meritor-all-fit\/#primaryimage\"},\"image\":{\"@id\":\"https:\/\/remorqueslabelle.com\/en\/produit\/rl-04s-16-amortisseur-meritor-all-fit\/#primaryimage\"},\"thumbnailUrl\":\"https:\/\/remorqueslabelle.com\/wp-content\/uploads\/2023\/05\/Design-sans-titre-82.jpg\",\"datePublished\":\"2023-05-10T15:32:38+00:00\",\"dateModified\":\"2026-02-11T16:06:03+00:00\",\"breadcrumb\":{\"@id\":\"https:\/\/remorqueslabelle.com\/en\/produit\/rl-04s-16-amortisseur-meritor-all-fit\/#breadcrumb\"},\"inLanguage\":\"en-US\",\"potentialAction\":[{\"@type\":\"ReadAction\",\"target\":[\"https:\/\/remorqueslabelle.com\/en\/produit\/rl-04s-16-amortisseur-meritor-all-fit\/\"]}]},{\"@type\":\"ImageObject\",\"inLanguage\":\"en-US\",\"@id\":\"https:\/\/remorqueslabelle.com\/en\/produit\/rl-04s-16-amortisseur-meritor-all-fit\/#primaryimage\",\"url\":\"https:\/\/remorqueslabelle.com\/wp-content\/uploads\/2023\/05\/Design-sans-titre-82.jpg\",\"contentUrl\":\"https:\/\/remorqueslabelle.com\/wp-content\/uploads\/2023\/05\/Design-sans-titre-82.jpg\",\"width\":1000,\"height\":1000},{\"@type\":\"BreadcrumbList\",\"@id\":\"https:\/\/remorqueslabelle.com\/en\/produit\/rl-04s-16-amortisseur-meritor-all-fit\/#breadcrumb\",\"itemListElement\":[{\"@type\":\"ListItem\",\"position\":1,\"name\":\"Accueil\",\"item\":\"https:\/\/remorqueslabelle.com\/en\/\"},{\"@type\":\"ListItem\",\"position\":2,\"name\":\"RL-04S-16 AMORTISSEUR MERITOR ALL FIT\"}]},{\"@type\":\"WebSite\",\"@id\":\"https:\/\/remorqueslabelle.com\/en\/#website\",\"url\":\"https:\/\/remorqueslabelle.com\/en\/\",\"name\":\"Remorques Labelle\",\"description\":\"Concessionnaire de remorques\",\"publisher\":{\"@id\":\"https:\/\/remorqueslabelle.com\/en\/#organization\"},\"potentialAction\":[{\"@type\":\"SearchAction\",\"target\":{\"@type\":\"EntryPoint\",\"urlTemplate\":\"https:\/\/remorqueslabelle.com\/en\/?s={search_term_string}\"},\"query-input\":{\"@type\":\"PropertyValueSpecification\",\"valueRequired\":true,\"valueName\":\"search_term_string\"}}],\"inLanguage\":\"en-US\"},{\"@type\":\"Organization\",\"@id\":\"https:\/\/remorqueslabelle.com\/en\/#organization\",\"name\":\"Remorques Labelle\",\"url\":\"https:\/\/remorqueslabelle.com\/en\/\",\"logo\":{\"@type\":\"ImageObject\",\"inLanguage\":\"en-US\",\"@id\":\"https:\/\/remorqueslabelle.com\/en\/#\/schema\/logo\/image\/\",\"url\":\"https:\/\/remorqueslabelle.com\/wp-content\/uploads\/2020\/10\/Remorques-Labelle.png\",\"contentUrl\":\"https:\/\/remorqueslabelle.com\/wp-content\/uploads\/2020\/10\/Remorques-Labelle.png\",\"width\":499,\"height\":151,\"caption\":\"Remorques Labelle\"},\"image\":{\"@id\":\"https:\/\/remorqueslabelle.com\/en\/#\/schema\/logo\/image\/\"},\"sameAs\":[\"https:\/\/www.facebook.com\/remorqueslabellelaval\/\",\"https:\/\/www.youtube.com\/channel\/UCx1odvVQE7tPhbZhHLThmzQ\",\"https:\/\/www.linkedin.com\/company\/remorques-labelle\/\",\"https:\/\/www.instagram.com\/remorqueslabelle\/\"]}]}<\/script>\n<!-- \/ Yoast SEO Premium plugin. -->","yoast_head_json":{"title":"RL-04S-16 AMORTISSEUR MERITOR ALL FIT | Remorques Labelle","robots":{"index":"index","follow":"follow","max-snippet":"max-snippet:-1","max-image-preview":"max-image-preview:large","max-video-preview":"max-video-preview:-1"},"canonical":"https:\/\/remorqueslabelle.com\/en\/produit\/rl-04s-16-amortisseur-meritor-all-fit\/","og_locale":"en_US","og_type":"article","og_title":"RL-04S-16 AMORTISSEUR MERITOR ALL FIT","og_description":"AMORTISSEUR MERITOR ALL FIT &nbsp; M85323 num\u00e9ro de r\u00e9f\u00e9rence #PI\u00c8CE : RL-04S-16 &nbsp; Pour obtenir plus d\u2019information sur cette pi\u00e8ce ou pour passer une commande, contactez-nous au\u00a0450.688.3555\u00a0!","og_url":"https:\/\/remorqueslabelle.com\/en\/produit\/rl-04s-16-amortisseur-meritor-all-fit\/","og_site_name":"Remorques Labelle","article_publisher":"https:\/\/www.facebook.com\/remorqueslabellelaval\/","article_modified_time":"2026-02-11T16:06:03+00:00","og_image":[{"width":1000,"height":1000,"url":"https:\/\/remorqueslabelle.com\/wp-content\/uploads\/2023\/05\/Design-sans-titre-82.jpg","type":"image\/jpeg"}],"twitter_card":"summary_large_image","twitter_misc":{"Est. reading time":"1 minute"},"schema":{"@context":"https:\/\/schema.org","@graph":[{"@type":"WebPage","@id":"https:\/\/remorqueslabelle.com\/en\/produit\/rl-04s-16-amortisseur-meritor-all-fit\/","url":"https:\/\/remorqueslabelle.com\/en\/produit\/rl-04s-16-amortisseur-meritor-all-fit\/","name":"RL-04S-16 AMORTISSEUR MERITOR ALL FIT | Remorques Labelle","isPartOf":{"@id":"https:\/\/remorqueslabelle.com\/en\/#website"},"primaryImageOfPage":{"@id":"https:\/\/remorqueslabelle.com\/en\/produit\/rl-04s-16-amortisseur-meritor-all-fit\/#primaryimage"},"image":{"@id":"https:\/\/remorqueslabelle.com\/en\/produit\/rl-04s-16-amortisseur-meritor-all-fit\/#primaryimage"},"thumbnailUrl":"https:\/\/remorqueslabelle.com\/wp-content\/uploads\/2023\/05\/Design-sans-titre-82.jpg","datePublished":"2023-05-10T15:32:38+00:00","dateModified":"2026-02-11T16:06:03+00:00","breadcrumb":{"@id":"https:\/\/remorqueslabelle.com\/en\/produit\/rl-04s-16-amortisseur-meritor-all-fit\/#breadcrumb"},"inLanguage":"en-US","potentialAction":[{"@type":"ReadAction","target":["https:\/\/remorqueslabelle.com\/en\/produit\/rl-04s-16-amortisseur-meritor-all-fit\/"]}]},{"@type":"ImageObject","inLanguage":"en-US","@id":"https:\/\/remorqueslabelle.com\/en\/produit\/rl-04s-16-amortisseur-meritor-all-fit\/#primaryimage","url":"https:\/\/remorqueslabelle.com\/wp-content\/uploads\/2023\/05\/Design-sans-titre-82.jpg","contentUrl":"https:\/\/remorqueslabelle.com\/wp-content\/uploads\/2023\/05\/Design-sans-titre-82.jpg","width":1000,"height":1000},{"@type":"BreadcrumbList","@id":"https:\/\/remorqueslabelle.com\/en\/produit\/rl-04s-16-amortisseur-meritor-all-fit\/#breadcrumb","itemListElement":[{"@type":"ListItem","position":1,"name":"Accueil","item":"https:\/\/remorqueslabelle.com\/en\/"},{"@type":"ListItem","position":2,"name":"RL-04S-16 AMORTISSEUR MERITOR ALL FIT"}]},{"@type":"WebSite","@id":"https:\/\/remorqueslabelle.com\/en\/#website","url":"https:\/\/remorqueslabelle.com\/en\/","name":"Remorques Labelle","description":"Concessionnaire de remorques","publisher":{"@id":"https:\/\/remorqueslabelle.com\/en\/#organization"},"potentialAction":[{"@type":"SearchAction","target":{"@type":"EntryPoint","urlTemplate":"https:\/\/remorqueslabelle.com\/en\/?s={search_term_string}"},"query-input":{"@type":"PropertyValueSpecification","valueRequired":true,"valueName":"search_term_string"}}],"inLanguage":"en-US"},{"@type":"Organization","@id":"https:\/\/remorqueslabelle.com\/en\/#organization","name":"Remorques Labelle","url":"https:\/\/remorqueslabelle.com\/en\/","logo":{"@type":"ImageObject","inLanguage":"en-US","@id":"https:\/\/remorqueslabelle.com\/en\/#\/schema\/logo\/image\/","url":"https:\/\/remorqueslabelle.com\/wp-content\/uploads\/2020\/10\/Remorques-Labelle.png","contentUrl":"https:\/\/remorqueslabelle.com\/wp-content\/uploads\/2020\/10\/Remorques-Labelle.png","width":499,"height":151,"caption":"Remorques Labelle"},"image":{"@id":"https:\/\/remorqueslabelle.com\/en\/#\/schema\/logo\/image\/"},"sameAs":["https:\/\/www.facebook.com\/remorqueslabellelaval\/","https:\/\/www.youtube.com\/channel\/UCx1odvVQE7tPhbZhHLThmzQ","https:\/\/www.linkedin.com\/company\/remorques-labelle\/","https:\/\/www.instagram.com\/remorqueslabelle\/"]}]}},"_links":{"self":[{"href":"https:\/\/remorqueslabelle.com\/en\/wp-json\/wp\/v2\/product\/7889","targetHints":{"allow":["GET"]}}],"collection":[{"href":"https:\/\/remorqueslabelle.com\/en\/wp-json\/wp\/v2\/product"}],"about":[{"href":"https:\/\/remorqueslabelle.com\/en\/wp-json\/wp\/v2\/types\/product"}],"replies":[{"embeddable":true,"href":"https:\/\/remorqueslabelle.com\/en\/wp-json\/wp\/v2\/comments?post=7889"}],"wp:featuredmedia":[{"embeddable":true,"href":"https:\/\/remorqueslabelle.com\/en\/wp-json\/wp\/v2\/media\/33400"}],"wp:attachment":[{"href":"https:\/\/remorqueslabelle.com\/en\/wp-json\/wp\/v2\/media?parent=7889"}],"wp:term":[{"taxonomy":"product_cat","embeddable":true,"href":"https:\/\/remorqueslabelle.com\/en\/wp-json\/wp\/v2\/product_cat?post=7889"},{"taxonomy":"product_tag","embeddable":true,"href":"https:\/\/remorqueslabelle.com\/en\/wp-json\/wp\/v2\/product_tag?post=7889"}],"curies":[{"name":"wp","href":"https:\/\/api.w.org\/{rel}","templated":true}]}}