{"id":7836,"date":"2023-05-09T15:43:50","date_gmt":"2023-05-09T19:43:50","guid":{"rendered":"https:\/\/remorqueslabelle.com\/?post_type=product&#038;p=7836"},"modified":"2026-02-11T14:10:12","modified_gmt":"2026-02-11T19:10:12","slug":"rl-01s-03-tige-dacier-penture-gauche","status":"publish","type":"product","link":"https:\/\/remorqueslabelle.com\/en\/produit\/rl-01s-03-tige-dacier-penture-gauche\/","title":{"rendered":"RL-01S-03: TIGE D\u2019ACIER PENTURE GAUCHE"},"content":{"rendered":"<h1><strong>TIGE D\u2019ACIER PENTURE GAUCHE<\/strong><\/h1>\n<p>&nbsp;<\/p>\n<ul>\n<li><span style=\"color: #333399;\"><strong>#PI\u00c8CE :<\/strong> <\/span><span style=\"color: #0000ff;\"><strong>RL-01S-03<\/strong><\/span><\/li>\n<li><span style=\"color: #333399;\"><strong>R\u00c9F\u00c9RENCE :<\/strong><\/span> <span style=\"color: #008080;\"><strong>TR-2WGATE-LHRS<\/strong><\/span><\/li>\n<li><span style=\"color: #333399;\"><strong>MARQUE :<\/strong><\/span> Stargate<\/li>\n<\/ul>\n<p>&nbsp;<\/p>\n<p>Pour obtenir plus d\u2019information sur cette pi\u00e8ce ou pour passer une commande, contactez-nous au\u00a0<span style=\"color: #0000ff;\"><strong>450.688.3555<\/strong><\/span>\u00a0!<\/p>\n","protected":false},"excerpt":{"rendered":"<p>TIGE D\u2019ACIER PENTURE GAUCHE &nbsp; #PI\u00c8CE : RL-01S-03 R\u00c9F\u00c9RENCE : TR-2WGATE-LHRS MARQUE : Stargate &nbsp; Pour obtenir plus d\u2019information sur cette pi\u00e8ce ou pour passer une commande, contactez-nous au\u00a0450.688.3555\u00a0!<\/p>\n","protected":false},"featured_media":33425,"comment_status":"open","ping_status":"closed","template":"","meta":{"_acf_changed":false},"product_cat":[64],"product_tag":[],"class_list":{"0":"post-7836","1":"product","2":"type-product","3":"status-publish","4":"has-post-thumbnail","6":"product_cat-porte-de-cote","8":"first","9":"instock","10":"taxable","11":"shipping-taxable","12":"product-type-simple"},"acf":[],"yoast_head":"<!-- This site is optimized with the Yoast SEO Premium plugin v25.5 (Yoast SEO v25.5) - https:\/\/yoast.com\/wordpress\/plugins\/seo\/ -->\n<title>RL-01S-03: TIGE D\u2019ACIER PENTURE GAUCHE | Remorques Labelle<\/title>\n<meta name=\"robots\" content=\"index, follow, max-snippet:-1, max-image-preview:large, max-video-preview:-1\" \/>\n<link rel=\"canonical\" href=\"https:\/\/remorqueslabelle.com\/en\/produit\/rl-01s-03-tige-dacier-penture-gauche\/\" \/>\n<meta property=\"og:locale\" content=\"en_US\" \/>\n<meta property=\"og:type\" content=\"article\" \/>\n<meta property=\"og:title\" content=\"RL-01S-03: TIGE D\u2019ACIER PENTURE GAUCHE\" \/>\n<meta property=\"og:description\" content=\"TIGE D\u2019ACIER PENTURE GAUCHE &nbsp; #PI\u00c8CE : RL-01S-03 R\u00c9F\u00c9RENCE : TR-2WGATE-LHRS MARQUE : Stargate &nbsp; Pour obtenir plus d\u2019information sur cette pi\u00e8ce ou pour passer une commande, contactez-nous au\u00a0450.688.3555\u00a0!\" \/>\n<meta property=\"og:url\" content=\"https:\/\/remorqueslabelle.com\/en\/produit\/rl-01s-03-tige-dacier-penture-gauche\/\" \/>\n<meta property=\"og:site_name\" content=\"Remorques Labelle\" \/>\n<meta property=\"article:publisher\" content=\"https:\/\/www.facebook.com\/remorqueslabellelaval\/\" \/>\n<meta property=\"article:modified_time\" content=\"2026-02-11T19:10:12+00:00\" \/>\n<meta property=\"og:image\" content=\"https:\/\/remorqueslabelle.com\/wp-content\/uploads\/2023\/05\/450.688.3555-2.jpg\" \/>\n\t<meta property=\"og:image:width\" content=\"940\" \/>\n\t<meta property=\"og:image:height\" content=\"788\" \/>\n\t<meta property=\"og:image:type\" content=\"image\/jpeg\" \/>\n<meta name=\"twitter:card\" content=\"summary_large_image\" \/>\n<meta name=\"twitter:label1\" content=\"Est. reading time\" \/>\n\t<meta name=\"twitter:data1\" content=\"1 minute\" \/>\n<script type=\"application\/ld+json\" class=\"yoast-schema-graph\">{\"@context\":\"https:\/\/schema.org\",\"@graph\":[{\"@type\":\"WebPage\",\"@id\":\"https:\/\/remorqueslabelle.com\/en\/produit\/rl-01s-03-tige-dacier-penture-gauche\/\",\"url\":\"https:\/\/remorqueslabelle.com\/en\/produit\/rl-01s-03-tige-dacier-penture-gauche\/\",\"name\":\"RL-01S-03: TIGE D\u2019ACIER PENTURE GAUCHE | Remorques Labelle\",\"isPartOf\":{\"@id\":\"https:\/\/remorqueslabelle.com\/en\/#website\"},\"primaryImageOfPage\":{\"@id\":\"https:\/\/remorqueslabelle.com\/en\/produit\/rl-01s-03-tige-dacier-penture-gauche\/#primaryimage\"},\"image\":{\"@id\":\"https:\/\/remorqueslabelle.com\/en\/produit\/rl-01s-03-tige-dacier-penture-gauche\/#primaryimage\"},\"thumbnailUrl\":\"https:\/\/remorqueslabelle.com\/wp-content\/uploads\/2023\/05\/450.688.3555-2.jpg\",\"datePublished\":\"2023-05-09T19:43:50+00:00\",\"dateModified\":\"2026-02-11T19:10:12+00:00\",\"breadcrumb\":{\"@id\":\"https:\/\/remorqueslabelle.com\/en\/produit\/rl-01s-03-tige-dacier-penture-gauche\/#breadcrumb\"},\"inLanguage\":\"en-US\",\"potentialAction\":[{\"@type\":\"ReadAction\",\"target\":[\"https:\/\/remorqueslabelle.com\/en\/produit\/rl-01s-03-tige-dacier-penture-gauche\/\"]}]},{\"@type\":\"ImageObject\",\"inLanguage\":\"en-US\",\"@id\":\"https:\/\/remorqueslabelle.com\/en\/produit\/rl-01s-03-tige-dacier-penture-gauche\/#primaryimage\",\"url\":\"https:\/\/remorqueslabelle.com\/wp-content\/uploads\/2023\/05\/450.688.3555-2.jpg\",\"contentUrl\":\"https:\/\/remorqueslabelle.com\/wp-content\/uploads\/2023\/05\/450.688.3555-2.jpg\",\"width\":940,\"height\":788},{\"@type\":\"BreadcrumbList\",\"@id\":\"https:\/\/remorqueslabelle.com\/en\/produit\/rl-01s-03-tige-dacier-penture-gauche\/#breadcrumb\",\"itemListElement\":[{\"@type\":\"ListItem\",\"position\":1,\"name\":\"Accueil\",\"item\":\"https:\/\/remorqueslabelle.com\/en\/\"},{\"@type\":\"ListItem\",\"position\":2,\"name\":\"RL-01S-03: TIGE D\u2019ACIER PENTURE GAUCHE\"}]},{\"@type\":\"WebSite\",\"@id\":\"https:\/\/remorqueslabelle.com\/en\/#website\",\"url\":\"https:\/\/remorqueslabelle.com\/en\/\",\"name\":\"Remorques Labelle\",\"description\":\"Concessionnaire de remorques\",\"publisher\":{\"@id\":\"https:\/\/remorqueslabelle.com\/en\/#organization\"},\"potentialAction\":[{\"@type\":\"SearchAction\",\"target\":{\"@type\":\"EntryPoint\",\"urlTemplate\":\"https:\/\/remorqueslabelle.com\/en\/?s={search_term_string}\"},\"query-input\":{\"@type\":\"PropertyValueSpecification\",\"valueRequired\":true,\"valueName\":\"search_term_string\"}}],\"inLanguage\":\"en-US\"},{\"@type\":\"Organization\",\"@id\":\"https:\/\/remorqueslabelle.com\/en\/#organization\",\"name\":\"Remorques Labelle\",\"url\":\"https:\/\/remorqueslabelle.com\/en\/\",\"logo\":{\"@type\":\"ImageObject\",\"inLanguage\":\"en-US\",\"@id\":\"https:\/\/remorqueslabelle.com\/en\/#\/schema\/logo\/image\/\",\"url\":\"https:\/\/remorqueslabelle.com\/wp-content\/uploads\/2020\/10\/Remorques-Labelle.png\",\"contentUrl\":\"https:\/\/remorqueslabelle.com\/wp-content\/uploads\/2020\/10\/Remorques-Labelle.png\",\"width\":499,\"height\":151,\"caption\":\"Remorques Labelle\"},\"image\":{\"@id\":\"https:\/\/remorqueslabelle.com\/en\/#\/schema\/logo\/image\/\"},\"sameAs\":[\"https:\/\/www.facebook.com\/remorqueslabellelaval\/\",\"https:\/\/www.youtube.com\/channel\/UCx1odvVQE7tPhbZhHLThmzQ\",\"https:\/\/www.linkedin.com\/company\/remorques-labelle\/\",\"https:\/\/www.instagram.com\/remorqueslabelle\/\"]}]}<\/script>\n<!-- \/ Yoast SEO Premium plugin. -->","yoast_head_json":{"title":"RL-01S-03: TIGE D\u2019ACIER PENTURE GAUCHE | Remorques Labelle","robots":{"index":"index","follow":"follow","max-snippet":"max-snippet:-1","max-image-preview":"max-image-preview:large","max-video-preview":"max-video-preview:-1"},"canonical":"https:\/\/remorqueslabelle.com\/en\/produit\/rl-01s-03-tige-dacier-penture-gauche\/","og_locale":"en_US","og_type":"article","og_title":"RL-01S-03: TIGE D\u2019ACIER PENTURE GAUCHE","og_description":"TIGE D\u2019ACIER PENTURE GAUCHE &nbsp; #PI\u00c8CE : RL-01S-03 R\u00c9F\u00c9RENCE : TR-2WGATE-LHRS MARQUE : Stargate &nbsp; Pour obtenir plus d\u2019information sur cette pi\u00e8ce ou pour passer une commande, contactez-nous au\u00a0450.688.3555\u00a0!","og_url":"https:\/\/remorqueslabelle.com\/en\/produit\/rl-01s-03-tige-dacier-penture-gauche\/","og_site_name":"Remorques Labelle","article_publisher":"https:\/\/www.facebook.com\/remorqueslabellelaval\/","article_modified_time":"2026-02-11T19:10:12+00:00","og_image":[{"width":940,"height":788,"url":"https:\/\/remorqueslabelle.com\/wp-content\/uploads\/2023\/05\/450.688.3555-2.jpg","type":"image\/jpeg"}],"twitter_card":"summary_large_image","twitter_misc":{"Est. reading time":"1 minute"},"schema":{"@context":"https:\/\/schema.org","@graph":[{"@type":"WebPage","@id":"https:\/\/remorqueslabelle.com\/en\/produit\/rl-01s-03-tige-dacier-penture-gauche\/","url":"https:\/\/remorqueslabelle.com\/en\/produit\/rl-01s-03-tige-dacier-penture-gauche\/","name":"RL-01S-03: TIGE D\u2019ACIER PENTURE GAUCHE | Remorques Labelle","isPartOf":{"@id":"https:\/\/remorqueslabelle.com\/en\/#website"},"primaryImageOfPage":{"@id":"https:\/\/remorqueslabelle.com\/en\/produit\/rl-01s-03-tige-dacier-penture-gauche\/#primaryimage"},"image":{"@id":"https:\/\/remorqueslabelle.com\/en\/produit\/rl-01s-03-tige-dacier-penture-gauche\/#primaryimage"},"thumbnailUrl":"https:\/\/remorqueslabelle.com\/wp-content\/uploads\/2023\/05\/450.688.3555-2.jpg","datePublished":"2023-05-09T19:43:50+00:00","dateModified":"2026-02-11T19:10:12+00:00","breadcrumb":{"@id":"https:\/\/remorqueslabelle.com\/en\/produit\/rl-01s-03-tige-dacier-penture-gauche\/#breadcrumb"},"inLanguage":"en-US","potentialAction":[{"@type":"ReadAction","target":["https:\/\/remorqueslabelle.com\/en\/produit\/rl-01s-03-tige-dacier-penture-gauche\/"]}]},{"@type":"ImageObject","inLanguage":"en-US","@id":"https:\/\/remorqueslabelle.com\/en\/produit\/rl-01s-03-tige-dacier-penture-gauche\/#primaryimage","url":"https:\/\/remorqueslabelle.com\/wp-content\/uploads\/2023\/05\/450.688.3555-2.jpg","contentUrl":"https:\/\/remorqueslabelle.com\/wp-content\/uploads\/2023\/05\/450.688.3555-2.jpg","width":940,"height":788},{"@type":"BreadcrumbList","@id":"https:\/\/remorqueslabelle.com\/en\/produit\/rl-01s-03-tige-dacier-penture-gauche\/#breadcrumb","itemListElement":[{"@type":"ListItem","position":1,"name":"Accueil","item":"https:\/\/remorqueslabelle.com\/en\/"},{"@type":"ListItem","position":2,"name":"RL-01S-03: TIGE D\u2019ACIER PENTURE GAUCHE"}]},{"@type":"WebSite","@id":"https:\/\/remorqueslabelle.com\/en\/#website","url":"https:\/\/remorqueslabelle.com\/en\/","name":"Remorques Labelle","description":"Concessionnaire de remorques","publisher":{"@id":"https:\/\/remorqueslabelle.com\/en\/#organization"},"potentialAction":[{"@type":"SearchAction","target":{"@type":"EntryPoint","urlTemplate":"https:\/\/remorqueslabelle.com\/en\/?s={search_term_string}"},"query-input":{"@type":"PropertyValueSpecification","valueRequired":true,"valueName":"search_term_string"}}],"inLanguage":"en-US"},{"@type":"Organization","@id":"https:\/\/remorqueslabelle.com\/en\/#organization","name":"Remorques Labelle","url":"https:\/\/remorqueslabelle.com\/en\/","logo":{"@type":"ImageObject","inLanguage":"en-US","@id":"https:\/\/remorqueslabelle.com\/en\/#\/schema\/logo\/image\/","url":"https:\/\/remorqueslabelle.com\/wp-content\/uploads\/2020\/10\/Remorques-Labelle.png","contentUrl":"https:\/\/remorqueslabelle.com\/wp-content\/uploads\/2020\/10\/Remorques-Labelle.png","width":499,"height":151,"caption":"Remorques Labelle"},"image":{"@id":"https:\/\/remorqueslabelle.com\/en\/#\/schema\/logo\/image\/"},"sameAs":["https:\/\/www.facebook.com\/remorqueslabellelaval\/","https:\/\/www.youtube.com\/channel\/UCx1odvVQE7tPhbZhHLThmzQ","https:\/\/www.linkedin.com\/company\/remorques-labelle\/","https:\/\/www.instagram.com\/remorqueslabelle\/"]}]}},"_links":{"self":[{"href":"https:\/\/remorqueslabelle.com\/en\/wp-json\/wp\/v2\/product\/7836","targetHints":{"allow":["GET"]}}],"collection":[{"href":"https:\/\/remorqueslabelle.com\/en\/wp-json\/wp\/v2\/product"}],"about":[{"href":"https:\/\/remorqueslabelle.com\/en\/wp-json\/wp\/v2\/types\/product"}],"replies":[{"embeddable":true,"href":"https:\/\/remorqueslabelle.com\/en\/wp-json\/wp\/v2\/comments?post=7836"}],"wp:featuredmedia":[{"embeddable":true,"href":"https:\/\/remorqueslabelle.com\/en\/wp-json\/wp\/v2\/media\/33425"}],"wp:attachment":[{"href":"https:\/\/remorqueslabelle.com\/en\/wp-json\/wp\/v2\/media?parent=7836"}],"wp:term":[{"taxonomy":"product_cat","embeddable":true,"href":"https:\/\/remorqueslabelle.com\/en\/wp-json\/wp\/v2\/product_cat?post=7836"},{"taxonomy":"product_tag","embeddable":true,"href":"https:\/\/remorqueslabelle.com\/en\/wp-json\/wp\/v2\/product_tag?post=7836"}],"curies":[{"name":"wp","href":"https:\/\/api.w.org\/{rel}","templated":true}]}}