{"id":7809,"date":"2023-05-09T14:34:38","date_gmt":"2023-05-09T18:34:38","guid":{"rendered":"https:\/\/remorqueslabelle.com\/?post_type=product&#038;p=7809"},"modified":"2026-02-19T15:16:47","modified_gmt":"2026-02-19T20:16:47","slug":"poignee-porte-a-grain-rl-02s-04","status":"publish","type":"product","link":"https:\/\/remorqueslabelle.com\/en\/produit\/poignee-porte-a-grain-rl-02s-04\/","title":{"rendered":"POIGN\u00c9E PORTE \u00c0 GRAIN | RL-02S-04"},"content":{"rendered":"<h1><strong>POIGN\u00c9E PORTE \u00c0 GRAIN<\/strong><\/h1>\n<p>&nbsp;<\/p>\n<ul>\n<li><strong>#PI\u00c8CE : <span style=\"color: #0000ff;\">RL-02S-04<\/span><\/strong><\/li>\n<li><strong>MARQUE :<\/strong> Cobra, Stargate<\/li>\n<\/ul>\n<p><img decoding=\"async\" class=\"\" src=\"https:\/\/remorqueslabelle.com\/wp-content\/uploads\/2022\/03\/Cobra-375-X-135.png\" alt=\"Remorques Labelle | Distributeur de remorques au Qu\u00e9bec\" width=\"255\" height=\"143\" \/><\/p>\n<p>Pour plus de renseignements sur cette pi\u00e8ce ou pour passer une commande, contactez-nous au\u00a0<span style=\"color: #0000ff;\"><strong>450.688.3555<\/strong><\/span>\u00a0!<\/p>\n","protected":false},"excerpt":{"rendered":"<p>POIGN\u00c9E PORTE \u00c0 GRAIN &nbsp; #PI\u00c8CE : RL-02S-04 MARQUE : Cobra, Stargate Pour plus de renseignements sur cette pi\u00e8ce ou pour passer une commande, contactez-nous au\u00a0450.688.3555\u00a0!<\/p>\n","protected":false},"featured_media":7810,"comment_status":"open","ping_status":"closed","template":"","meta":{"_acf_changed":false},"product_cat":[118,67],"product_tag":[],"class_list":{"0":"post-7809","1":"product","2":"type-product","3":"status-publish","4":"has-post-thumbnail","6":"product_cat-porte-a-grain","7":"product_cat-tailgate","9":"first","10":"instock","11":"taxable","12":"shipping-taxable","13":"product-type-simple"},"acf":[],"yoast_head":"<!-- This site is optimized with the Yoast SEO Premium plugin v25.5 (Yoast SEO v25.5) - https:\/\/yoast.com\/wordpress\/plugins\/seo\/ -->\n<title>POIGN\u00c9E PORTE \u00c0 GRAIN | RL-02S-04 | Remorques Labelle<\/title>\n<meta name=\"robots\" content=\"index, follow, max-snippet:-1, max-image-preview:large, max-video-preview:-1\" \/>\n<link rel=\"canonical\" href=\"https:\/\/remorqueslabelle.com\/en\/produit\/poignee-porte-a-grain-rl-02s-04\/\" \/>\n<meta property=\"og:locale\" content=\"en_US\" \/>\n<meta property=\"og:type\" content=\"article\" \/>\n<meta property=\"og:title\" content=\"POIGN\u00c9E PORTE \u00c0 GRAIN | RL-02S-04\" \/>\n<meta property=\"og:description\" content=\"POIGN\u00c9E PORTE \u00c0 GRAIN &nbsp; #PI\u00c8CE : RL-02S-04 MARQUE : Cobra, Stargate Pour plus de renseignements sur cette pi\u00e8ce ou pour passer une commande, contactez-nous au\u00a0450.688.3555\u00a0!\" \/>\n<meta property=\"og:url\" content=\"https:\/\/remorqueslabelle.com\/en\/produit\/poignee-porte-a-grain-rl-02s-04\/\" \/>\n<meta property=\"og:site_name\" content=\"Remorques Labelle\" \/>\n<meta property=\"article:publisher\" content=\"https:\/\/www.facebook.com\/remorqueslabellelaval\/\" \/>\n<meta property=\"article:modified_time\" content=\"2026-02-19T20:16:47+00:00\" \/>\n<meta property=\"og:image\" content=\"https:\/\/remorqueslabelle.com\/wp-content\/uploads\/2023\/05\/RL-02S-04.jpg\" \/>\n\t<meta property=\"og:image:width\" content=\"1024\" \/>\n\t<meta property=\"og:image:height\" content=\"768\" \/>\n\t<meta property=\"og:image:type\" content=\"image\/jpeg\" \/>\n<meta name=\"twitter:card\" content=\"summary_large_image\" \/>\n<meta name=\"twitter:label1\" content=\"Est. reading time\" \/>\n\t<meta name=\"twitter:data1\" content=\"1 minute\" \/>\n<script type=\"application\/ld+json\" class=\"yoast-schema-graph\">{\"@context\":\"https:\/\/schema.org\",\"@graph\":[{\"@type\":\"WebPage\",\"@id\":\"https:\/\/remorqueslabelle.com\/en\/produit\/poignee-porte-a-grain-rl-02s-04\/\",\"url\":\"https:\/\/remorqueslabelle.com\/en\/produit\/poignee-porte-a-grain-rl-02s-04\/\",\"name\":\"POIGN\u00c9E PORTE \u00c0 GRAIN | RL-02S-04 | Remorques Labelle\",\"isPartOf\":{\"@id\":\"https:\/\/remorqueslabelle.com\/en\/#website\"},\"primaryImageOfPage\":{\"@id\":\"https:\/\/remorqueslabelle.com\/en\/produit\/poignee-porte-a-grain-rl-02s-04\/#primaryimage\"},\"image\":{\"@id\":\"https:\/\/remorqueslabelle.com\/en\/produit\/poignee-porte-a-grain-rl-02s-04\/#primaryimage\"},\"thumbnailUrl\":\"https:\/\/remorqueslabelle.com\/wp-content\/uploads\/2023\/05\/RL-02S-04.jpg\",\"datePublished\":\"2023-05-09T18:34:38+00:00\",\"dateModified\":\"2026-02-19T20:16:47+00:00\",\"breadcrumb\":{\"@id\":\"https:\/\/remorqueslabelle.com\/en\/produit\/poignee-porte-a-grain-rl-02s-04\/#breadcrumb\"},\"inLanguage\":\"en-US\",\"potentialAction\":[{\"@type\":\"ReadAction\",\"target\":[\"https:\/\/remorqueslabelle.com\/en\/produit\/poignee-porte-a-grain-rl-02s-04\/\"]}]},{\"@type\":\"ImageObject\",\"inLanguage\":\"en-US\",\"@id\":\"https:\/\/remorqueslabelle.com\/en\/produit\/poignee-porte-a-grain-rl-02s-04\/#primaryimage\",\"url\":\"https:\/\/remorqueslabelle.com\/wp-content\/uploads\/2023\/05\/RL-02S-04.jpg\",\"contentUrl\":\"https:\/\/remorqueslabelle.com\/wp-content\/uploads\/2023\/05\/RL-02S-04.jpg\",\"width\":1024,\"height\":768},{\"@type\":\"BreadcrumbList\",\"@id\":\"https:\/\/remorqueslabelle.com\/en\/produit\/poignee-porte-a-grain-rl-02s-04\/#breadcrumb\",\"itemListElement\":[{\"@type\":\"ListItem\",\"position\":1,\"name\":\"Accueil\",\"item\":\"https:\/\/remorqueslabelle.com\/en\/\"},{\"@type\":\"ListItem\",\"position\":2,\"name\":\"POIGN\u00c9E PORTE \u00c0 GRAIN | RL-02S-04\"}]},{\"@type\":\"WebSite\",\"@id\":\"https:\/\/remorqueslabelle.com\/en\/#website\",\"url\":\"https:\/\/remorqueslabelle.com\/en\/\",\"name\":\"Remorques Labelle\",\"description\":\"Concessionnaire de remorques\",\"publisher\":{\"@id\":\"https:\/\/remorqueslabelle.com\/en\/#organization\"},\"potentialAction\":[{\"@type\":\"SearchAction\",\"target\":{\"@type\":\"EntryPoint\",\"urlTemplate\":\"https:\/\/remorqueslabelle.com\/en\/?s={search_term_string}\"},\"query-input\":{\"@type\":\"PropertyValueSpecification\",\"valueRequired\":true,\"valueName\":\"search_term_string\"}}],\"inLanguage\":\"en-US\"},{\"@type\":\"Organization\",\"@id\":\"https:\/\/remorqueslabelle.com\/en\/#organization\",\"name\":\"Remorques Labelle\",\"url\":\"https:\/\/remorqueslabelle.com\/en\/\",\"logo\":{\"@type\":\"ImageObject\",\"inLanguage\":\"en-US\",\"@id\":\"https:\/\/remorqueslabelle.com\/en\/#\/schema\/logo\/image\/\",\"url\":\"https:\/\/remorqueslabelle.com\/wp-content\/uploads\/2020\/10\/Remorques-Labelle.png\",\"contentUrl\":\"https:\/\/remorqueslabelle.com\/wp-content\/uploads\/2020\/10\/Remorques-Labelle.png\",\"width\":499,\"height\":151,\"caption\":\"Remorques Labelle\"},\"image\":{\"@id\":\"https:\/\/remorqueslabelle.com\/en\/#\/schema\/logo\/image\/\"},\"sameAs\":[\"https:\/\/www.facebook.com\/remorqueslabellelaval\/\",\"https:\/\/www.youtube.com\/channel\/UCx1odvVQE7tPhbZhHLThmzQ\",\"https:\/\/www.linkedin.com\/company\/remorques-labelle\/\",\"https:\/\/www.instagram.com\/remorqueslabelle\/\"]}]}<\/script>\n<!-- \/ Yoast SEO Premium plugin. -->","yoast_head_json":{"title":"POIGN\u00c9E PORTE \u00c0 GRAIN | RL-02S-04 | Remorques Labelle","robots":{"index":"index","follow":"follow","max-snippet":"max-snippet:-1","max-image-preview":"max-image-preview:large","max-video-preview":"max-video-preview:-1"},"canonical":"https:\/\/remorqueslabelle.com\/en\/produit\/poignee-porte-a-grain-rl-02s-04\/","og_locale":"en_US","og_type":"article","og_title":"POIGN\u00c9E PORTE \u00c0 GRAIN | RL-02S-04","og_description":"POIGN\u00c9E PORTE \u00c0 GRAIN &nbsp; #PI\u00c8CE : RL-02S-04 MARQUE : Cobra, Stargate Pour plus de renseignements sur cette pi\u00e8ce ou pour passer une commande, contactez-nous au\u00a0450.688.3555\u00a0!","og_url":"https:\/\/remorqueslabelle.com\/en\/produit\/poignee-porte-a-grain-rl-02s-04\/","og_site_name":"Remorques Labelle","article_publisher":"https:\/\/www.facebook.com\/remorqueslabellelaval\/","article_modified_time":"2026-02-19T20:16:47+00:00","og_image":[{"width":1024,"height":768,"url":"https:\/\/remorqueslabelle.com\/wp-content\/uploads\/2023\/05\/RL-02S-04.jpg","type":"image\/jpeg"}],"twitter_card":"summary_large_image","twitter_misc":{"Est. reading time":"1 minute"},"schema":{"@context":"https:\/\/schema.org","@graph":[{"@type":"WebPage","@id":"https:\/\/remorqueslabelle.com\/en\/produit\/poignee-porte-a-grain-rl-02s-04\/","url":"https:\/\/remorqueslabelle.com\/en\/produit\/poignee-porte-a-grain-rl-02s-04\/","name":"POIGN\u00c9E PORTE \u00c0 GRAIN | RL-02S-04 | Remorques Labelle","isPartOf":{"@id":"https:\/\/remorqueslabelle.com\/en\/#website"},"primaryImageOfPage":{"@id":"https:\/\/remorqueslabelle.com\/en\/produit\/poignee-porte-a-grain-rl-02s-04\/#primaryimage"},"image":{"@id":"https:\/\/remorqueslabelle.com\/en\/produit\/poignee-porte-a-grain-rl-02s-04\/#primaryimage"},"thumbnailUrl":"https:\/\/remorqueslabelle.com\/wp-content\/uploads\/2023\/05\/RL-02S-04.jpg","datePublished":"2023-05-09T18:34:38+00:00","dateModified":"2026-02-19T20:16:47+00:00","breadcrumb":{"@id":"https:\/\/remorqueslabelle.com\/en\/produit\/poignee-porte-a-grain-rl-02s-04\/#breadcrumb"},"inLanguage":"en-US","potentialAction":[{"@type":"ReadAction","target":["https:\/\/remorqueslabelle.com\/en\/produit\/poignee-porte-a-grain-rl-02s-04\/"]}]},{"@type":"ImageObject","inLanguage":"en-US","@id":"https:\/\/remorqueslabelle.com\/en\/produit\/poignee-porte-a-grain-rl-02s-04\/#primaryimage","url":"https:\/\/remorqueslabelle.com\/wp-content\/uploads\/2023\/05\/RL-02S-04.jpg","contentUrl":"https:\/\/remorqueslabelle.com\/wp-content\/uploads\/2023\/05\/RL-02S-04.jpg","width":1024,"height":768},{"@type":"BreadcrumbList","@id":"https:\/\/remorqueslabelle.com\/en\/produit\/poignee-porte-a-grain-rl-02s-04\/#breadcrumb","itemListElement":[{"@type":"ListItem","position":1,"name":"Accueil","item":"https:\/\/remorqueslabelle.com\/en\/"},{"@type":"ListItem","position":2,"name":"POIGN\u00c9E PORTE \u00c0 GRAIN | RL-02S-04"}]},{"@type":"WebSite","@id":"https:\/\/remorqueslabelle.com\/en\/#website","url":"https:\/\/remorqueslabelle.com\/en\/","name":"Remorques Labelle","description":"Concessionnaire de remorques","publisher":{"@id":"https:\/\/remorqueslabelle.com\/en\/#organization"},"potentialAction":[{"@type":"SearchAction","target":{"@type":"EntryPoint","urlTemplate":"https:\/\/remorqueslabelle.com\/en\/?s={search_term_string}"},"query-input":{"@type":"PropertyValueSpecification","valueRequired":true,"valueName":"search_term_string"}}],"inLanguage":"en-US"},{"@type":"Organization","@id":"https:\/\/remorqueslabelle.com\/en\/#organization","name":"Remorques Labelle","url":"https:\/\/remorqueslabelle.com\/en\/","logo":{"@type":"ImageObject","inLanguage":"en-US","@id":"https:\/\/remorqueslabelle.com\/en\/#\/schema\/logo\/image\/","url":"https:\/\/remorqueslabelle.com\/wp-content\/uploads\/2020\/10\/Remorques-Labelle.png","contentUrl":"https:\/\/remorqueslabelle.com\/wp-content\/uploads\/2020\/10\/Remorques-Labelle.png","width":499,"height":151,"caption":"Remorques Labelle"},"image":{"@id":"https:\/\/remorqueslabelle.com\/en\/#\/schema\/logo\/image\/"},"sameAs":["https:\/\/www.facebook.com\/remorqueslabellelaval\/","https:\/\/www.youtube.com\/channel\/UCx1odvVQE7tPhbZhHLThmzQ","https:\/\/www.linkedin.com\/company\/remorques-labelle\/","https:\/\/www.instagram.com\/remorqueslabelle\/"]}]}},"_links":{"self":[{"href":"https:\/\/remorqueslabelle.com\/en\/wp-json\/wp\/v2\/product\/7809","targetHints":{"allow":["GET"]}}],"collection":[{"href":"https:\/\/remorqueslabelle.com\/en\/wp-json\/wp\/v2\/product"}],"about":[{"href":"https:\/\/remorqueslabelle.com\/en\/wp-json\/wp\/v2\/types\/product"}],"replies":[{"embeddable":true,"href":"https:\/\/remorqueslabelle.com\/en\/wp-json\/wp\/v2\/comments?post=7809"}],"wp:featuredmedia":[{"embeddable":true,"href":"https:\/\/remorqueslabelle.com\/en\/wp-json\/wp\/v2\/media\/7810"}],"wp:attachment":[{"href":"https:\/\/remorqueslabelle.com\/en\/wp-json\/wp\/v2\/media?parent=7809"}],"wp:term":[{"taxonomy":"product_cat","embeddable":true,"href":"https:\/\/remorqueslabelle.com\/en\/wp-json\/wp\/v2\/product_cat?post=7809"},{"taxonomy":"product_tag","embeddable":true,"href":"https:\/\/remorqueslabelle.com\/en\/wp-json\/wp\/v2\/product_tag?post=7809"}],"curies":[{"name":"wp","href":"https:\/\/api.w.org\/{rel}","templated":true}]}}