{"id":3890,"date":"2023-02-06T15:58:36","date_gmt":"2023-02-06T20:58:36","guid":{"rendered":"https:\/\/remorqueslabelle.webloft.dev\/produit\/kit-de-filages-pour-remorque-a-slider-extreme\/"},"modified":"2026-02-19T10:08:35","modified_gmt":"2026-02-19T15:08:35","slug":"kit-de-filages-pour-remorque-a-slider-extreme","status":"publish","type":"product","link":"https:\/\/remorqueslabelle.com\/en\/produit\/kit-de-filages-pour-remorque-a-slider-extreme\/","title":{"rendered":"KIT DE FILAGES POUR REMORQUE \u00c0 SLIDER | EXTREME"},"content":{"rendered":"<h1><strong>KIT DE FILAGES POUR REMORQUE \u00c0 SLIDER | EXTREME<\/strong><\/h1>\n<p>&nbsp;<\/p>\n<ul>\n<li><strong>#PI\u00c8CE : <span style=\"color: #0000ff;\">PS-SLIDERHARN<\/span><\/strong><\/li>\n<li><strong>MARQUE :<\/strong> Extreme Trailers<\/li>\n<\/ul>\n<p><img decoding=\"async\" class=\"\" src=\"https:\/\/encrypted-tbn0.gstatic.com\/images?q=tbn:ANd9GcReau79IcNcIcwO7JKO9ebe-hc89DA8ijkQVA&amp;s\" alt=\"Photo Gallery | Extreme Trailers | Trailer toolbox | OH\" width=\"267\" height=\"80\" \/><\/p>\n<p>Pour plus de renseignements sur cette pi\u00e8ce ou pour passer une commande, contactez-nous au\u00a0<span style=\"color: #0000ff;\"><strong>450.688.3555<\/strong><\/span>\u00a0!<\/p>\n","protected":false},"excerpt":{"rendered":"<p>KIT DE FILAGES POUR REMORQUE \u00c0 SLIDER | EXTREME &nbsp; #PI\u00c8CE : PS-SLIDERHARN MARQUE : Extreme Trailers Pour plus de renseignements sur cette pi\u00e8ce ou pour passer une commande, contactez-nous [&hellip;]<\/p>\n","protected":false},"featured_media":33342,"comment_status":"closed","ping_status":"closed","template":"","meta":{"_acf_changed":false},"product_cat":[71],"product_tag":[],"class_list":{"0":"post-3890","1":"product","2":"type-product","3":"status-publish","4":"has-post-thumbnail","6":"product_cat-filages","8":"first","9":"instock","10":"product-type-simple"},"acf":[],"yoast_head":"<!-- This site is optimized with the Yoast SEO Premium plugin v25.5 (Yoast SEO v25.5) - https:\/\/yoast.com\/wordpress\/plugins\/seo\/ -->\n<title>KIT DE FILAGES POUR REMORQUE \u00c0 SLIDER | EXTREME | Remorques Labelle<\/title>\n<meta name=\"robots\" content=\"index, follow, max-snippet:-1, max-image-preview:large, max-video-preview:-1\" \/>\n<link rel=\"canonical\" href=\"https:\/\/remorqueslabelle.com\/en\/produit\/kit-de-filages-pour-remorque-a-slider-extreme\/\" \/>\n<meta property=\"og:locale\" content=\"en_US\" \/>\n<meta property=\"og:type\" content=\"article\" \/>\n<meta property=\"og:title\" content=\"KIT DE FILAGES POUR REMORQUE \u00c0 SLIDER | EXTREME\" \/>\n<meta property=\"og:description\" content=\"KIT DE FILAGES POUR REMORQUE \u00c0 SLIDER | EXTREME &nbsp; #PI\u00c8CE : PS-SLIDERHARN MARQUE : Extreme Trailers Pour plus de renseignements sur cette pi\u00e8ce ou pour passer une commande, contactez-nous [&hellip;]\" \/>\n<meta property=\"og:url\" content=\"https:\/\/remorqueslabelle.com\/en\/produit\/kit-de-filages-pour-remorque-a-slider-extreme\/\" \/>\n<meta property=\"og:site_name\" content=\"Remorques Labelle\" \/>\n<meta property=\"article:publisher\" content=\"https:\/\/www.facebook.com\/remorqueslabellelaval\/\" \/>\n<meta property=\"article:modified_time\" content=\"2026-02-19T15:08:35+00:00\" \/>\n<meta property=\"og:image\" content=\"https:\/\/remorqueslabelle.com\/wp-content\/uploads\/2023\/02\/Design-sans-titre-57.jpg\" \/>\n\t<meta property=\"og:image:width\" content=\"1000\" \/>\n\t<meta property=\"og:image:height\" content=\"1000\" \/>\n\t<meta property=\"og:image:type\" content=\"image\/jpeg\" \/>\n<meta name=\"twitter:card\" content=\"summary_large_image\" \/>\n<meta name=\"twitter:label1\" content=\"Est. reading time\" \/>\n\t<meta name=\"twitter:data1\" content=\"1 minute\" \/>\n<script type=\"application\/ld+json\" class=\"yoast-schema-graph\">{\"@context\":\"https:\/\/schema.org\",\"@graph\":[{\"@type\":\"WebPage\",\"@id\":\"https:\/\/remorqueslabelle.com\/en\/produit\/kit-de-filages-pour-remorque-a-slider-extreme\/\",\"url\":\"https:\/\/remorqueslabelle.com\/en\/produit\/kit-de-filages-pour-remorque-a-slider-extreme\/\",\"name\":\"KIT DE FILAGES POUR REMORQUE \u00c0 SLIDER | EXTREME | Remorques Labelle\",\"isPartOf\":{\"@id\":\"https:\/\/remorqueslabelle.com\/en\/#website\"},\"primaryImageOfPage\":{\"@id\":\"https:\/\/remorqueslabelle.com\/en\/produit\/kit-de-filages-pour-remorque-a-slider-extreme\/#primaryimage\"},\"image\":{\"@id\":\"https:\/\/remorqueslabelle.com\/en\/produit\/kit-de-filages-pour-remorque-a-slider-extreme\/#primaryimage\"},\"thumbnailUrl\":\"https:\/\/remorqueslabelle.com\/wp-content\/uploads\/2023\/02\/Design-sans-titre-57.jpg\",\"datePublished\":\"2023-02-06T20:58:36+00:00\",\"dateModified\":\"2026-02-19T15:08:35+00:00\",\"breadcrumb\":{\"@id\":\"https:\/\/remorqueslabelle.com\/en\/produit\/kit-de-filages-pour-remorque-a-slider-extreme\/#breadcrumb\"},\"inLanguage\":\"en-US\",\"potentialAction\":[{\"@type\":\"ReadAction\",\"target\":[\"https:\/\/remorqueslabelle.com\/en\/produit\/kit-de-filages-pour-remorque-a-slider-extreme\/\"]}]},{\"@type\":\"ImageObject\",\"inLanguage\":\"en-US\",\"@id\":\"https:\/\/remorqueslabelle.com\/en\/produit\/kit-de-filages-pour-remorque-a-slider-extreme\/#primaryimage\",\"url\":\"https:\/\/remorqueslabelle.com\/wp-content\/uploads\/2023\/02\/Design-sans-titre-57.jpg\",\"contentUrl\":\"https:\/\/remorqueslabelle.com\/wp-content\/uploads\/2023\/02\/Design-sans-titre-57.jpg\",\"width\":1000,\"height\":1000},{\"@type\":\"BreadcrumbList\",\"@id\":\"https:\/\/remorqueslabelle.com\/en\/produit\/kit-de-filages-pour-remorque-a-slider-extreme\/#breadcrumb\",\"itemListElement\":[{\"@type\":\"ListItem\",\"position\":1,\"name\":\"Accueil\",\"item\":\"https:\/\/remorqueslabelle.com\/en\/\"},{\"@type\":\"ListItem\",\"position\":2,\"name\":\"KIT DE FILAGES POUR REMORQUE \u00c0 SLIDER | EXTREME\"}]},{\"@type\":\"WebSite\",\"@id\":\"https:\/\/remorqueslabelle.com\/en\/#website\",\"url\":\"https:\/\/remorqueslabelle.com\/en\/\",\"name\":\"Remorques Labelle\",\"description\":\"Concessionnaire de remorques\",\"publisher\":{\"@id\":\"https:\/\/remorqueslabelle.com\/en\/#organization\"},\"potentialAction\":[{\"@type\":\"SearchAction\",\"target\":{\"@type\":\"EntryPoint\",\"urlTemplate\":\"https:\/\/remorqueslabelle.com\/en\/?s={search_term_string}\"},\"query-input\":{\"@type\":\"PropertyValueSpecification\",\"valueRequired\":true,\"valueName\":\"search_term_string\"}}],\"inLanguage\":\"en-US\"},{\"@type\":\"Organization\",\"@id\":\"https:\/\/remorqueslabelle.com\/en\/#organization\",\"name\":\"Remorques Labelle\",\"url\":\"https:\/\/remorqueslabelle.com\/en\/\",\"logo\":{\"@type\":\"ImageObject\",\"inLanguage\":\"en-US\",\"@id\":\"https:\/\/remorqueslabelle.com\/en\/#\/schema\/logo\/image\/\",\"url\":\"https:\/\/remorqueslabelle.com\/wp-content\/uploads\/2020\/10\/Remorques-Labelle.png\",\"contentUrl\":\"https:\/\/remorqueslabelle.com\/wp-content\/uploads\/2020\/10\/Remorques-Labelle.png\",\"width\":499,\"height\":151,\"caption\":\"Remorques Labelle\"},\"image\":{\"@id\":\"https:\/\/remorqueslabelle.com\/en\/#\/schema\/logo\/image\/\"},\"sameAs\":[\"https:\/\/www.facebook.com\/remorqueslabellelaval\/\",\"https:\/\/www.youtube.com\/channel\/UCx1odvVQE7tPhbZhHLThmzQ\",\"https:\/\/www.linkedin.com\/company\/remorques-labelle\/\",\"https:\/\/www.instagram.com\/remorqueslabelle\/\"]}]}<\/script>\n<!-- \/ Yoast SEO Premium plugin. -->","yoast_head_json":{"title":"KIT DE FILAGES POUR REMORQUE \u00c0 SLIDER | EXTREME | Remorques Labelle","robots":{"index":"index","follow":"follow","max-snippet":"max-snippet:-1","max-image-preview":"max-image-preview:large","max-video-preview":"max-video-preview:-1"},"canonical":"https:\/\/remorqueslabelle.com\/en\/produit\/kit-de-filages-pour-remorque-a-slider-extreme\/","og_locale":"en_US","og_type":"article","og_title":"KIT DE FILAGES POUR REMORQUE \u00c0 SLIDER | EXTREME","og_description":"KIT DE FILAGES POUR REMORQUE \u00c0 SLIDER | EXTREME &nbsp; #PI\u00c8CE : PS-SLIDERHARN MARQUE : Extreme Trailers Pour plus de renseignements sur cette pi\u00e8ce ou pour passer une commande, contactez-nous [&hellip;]","og_url":"https:\/\/remorqueslabelle.com\/en\/produit\/kit-de-filages-pour-remorque-a-slider-extreme\/","og_site_name":"Remorques Labelle","article_publisher":"https:\/\/www.facebook.com\/remorqueslabellelaval\/","article_modified_time":"2026-02-19T15:08:35+00:00","og_image":[{"width":1000,"height":1000,"url":"https:\/\/remorqueslabelle.com\/wp-content\/uploads\/2023\/02\/Design-sans-titre-57.jpg","type":"image\/jpeg"}],"twitter_card":"summary_large_image","twitter_misc":{"Est. reading time":"1 minute"},"schema":{"@context":"https:\/\/schema.org","@graph":[{"@type":"WebPage","@id":"https:\/\/remorqueslabelle.com\/en\/produit\/kit-de-filages-pour-remorque-a-slider-extreme\/","url":"https:\/\/remorqueslabelle.com\/en\/produit\/kit-de-filages-pour-remorque-a-slider-extreme\/","name":"KIT DE FILAGES POUR REMORQUE \u00c0 SLIDER | EXTREME | Remorques Labelle","isPartOf":{"@id":"https:\/\/remorqueslabelle.com\/en\/#website"},"primaryImageOfPage":{"@id":"https:\/\/remorqueslabelle.com\/en\/produit\/kit-de-filages-pour-remorque-a-slider-extreme\/#primaryimage"},"image":{"@id":"https:\/\/remorqueslabelle.com\/en\/produit\/kit-de-filages-pour-remorque-a-slider-extreme\/#primaryimage"},"thumbnailUrl":"https:\/\/remorqueslabelle.com\/wp-content\/uploads\/2023\/02\/Design-sans-titre-57.jpg","datePublished":"2023-02-06T20:58:36+00:00","dateModified":"2026-02-19T15:08:35+00:00","breadcrumb":{"@id":"https:\/\/remorqueslabelle.com\/en\/produit\/kit-de-filages-pour-remorque-a-slider-extreme\/#breadcrumb"},"inLanguage":"en-US","potentialAction":[{"@type":"ReadAction","target":["https:\/\/remorqueslabelle.com\/en\/produit\/kit-de-filages-pour-remorque-a-slider-extreme\/"]}]},{"@type":"ImageObject","inLanguage":"en-US","@id":"https:\/\/remorqueslabelle.com\/en\/produit\/kit-de-filages-pour-remorque-a-slider-extreme\/#primaryimage","url":"https:\/\/remorqueslabelle.com\/wp-content\/uploads\/2023\/02\/Design-sans-titre-57.jpg","contentUrl":"https:\/\/remorqueslabelle.com\/wp-content\/uploads\/2023\/02\/Design-sans-titre-57.jpg","width":1000,"height":1000},{"@type":"BreadcrumbList","@id":"https:\/\/remorqueslabelle.com\/en\/produit\/kit-de-filages-pour-remorque-a-slider-extreme\/#breadcrumb","itemListElement":[{"@type":"ListItem","position":1,"name":"Accueil","item":"https:\/\/remorqueslabelle.com\/en\/"},{"@type":"ListItem","position":2,"name":"KIT DE FILAGES POUR REMORQUE \u00c0 SLIDER | EXTREME"}]},{"@type":"WebSite","@id":"https:\/\/remorqueslabelle.com\/en\/#website","url":"https:\/\/remorqueslabelle.com\/en\/","name":"Remorques Labelle","description":"Concessionnaire de remorques","publisher":{"@id":"https:\/\/remorqueslabelle.com\/en\/#organization"},"potentialAction":[{"@type":"SearchAction","target":{"@type":"EntryPoint","urlTemplate":"https:\/\/remorqueslabelle.com\/en\/?s={search_term_string}"},"query-input":{"@type":"PropertyValueSpecification","valueRequired":true,"valueName":"search_term_string"}}],"inLanguage":"en-US"},{"@type":"Organization","@id":"https:\/\/remorqueslabelle.com\/en\/#organization","name":"Remorques Labelle","url":"https:\/\/remorqueslabelle.com\/en\/","logo":{"@type":"ImageObject","inLanguage":"en-US","@id":"https:\/\/remorqueslabelle.com\/en\/#\/schema\/logo\/image\/","url":"https:\/\/remorqueslabelle.com\/wp-content\/uploads\/2020\/10\/Remorques-Labelle.png","contentUrl":"https:\/\/remorqueslabelle.com\/wp-content\/uploads\/2020\/10\/Remorques-Labelle.png","width":499,"height":151,"caption":"Remorques Labelle"},"image":{"@id":"https:\/\/remorqueslabelle.com\/en\/#\/schema\/logo\/image\/"},"sameAs":["https:\/\/www.facebook.com\/remorqueslabellelaval\/","https:\/\/www.youtube.com\/channel\/UCx1odvVQE7tPhbZhHLThmzQ","https:\/\/www.linkedin.com\/company\/remorques-labelle\/","https:\/\/www.instagram.com\/remorqueslabelle\/"]}]}},"_links":{"self":[{"href":"https:\/\/remorqueslabelle.com\/en\/wp-json\/wp\/v2\/product\/3890","targetHints":{"allow":["GET"]}}],"collection":[{"href":"https:\/\/remorqueslabelle.com\/en\/wp-json\/wp\/v2\/product"}],"about":[{"href":"https:\/\/remorqueslabelle.com\/en\/wp-json\/wp\/v2\/types\/product"}],"replies":[{"embeddable":true,"href":"https:\/\/remorqueslabelle.com\/en\/wp-json\/wp\/v2\/comments?post=3890"}],"wp:featuredmedia":[{"embeddable":true,"href":"https:\/\/remorqueslabelle.com\/en\/wp-json\/wp\/v2\/media\/33342"}],"wp:attachment":[{"href":"https:\/\/remorqueslabelle.com\/en\/wp-json\/wp\/v2\/media?parent=3890"}],"wp:term":[{"taxonomy":"product_cat","embeddable":true,"href":"https:\/\/remorqueslabelle.com\/en\/wp-json\/wp\/v2\/product_cat?post=3890"},{"taxonomy":"product_tag","embeddable":true,"href":"https:\/\/remorqueslabelle.com\/en\/wp-json\/wp\/v2\/product_tag?post=3890"}],"curies":[{"name":"wp","href":"https:\/\/api.w.org\/{rel}","templated":true}]}}