{"id":3663,"date":"2023-01-26T10:01:08","date_gmt":"2023-01-26T15:01:08","guid":{"rendered":"https:\/\/remorqueslabelle.webloft.dev\/?post_type=product&#038;p=3663"},"modified":"2026-02-10T09:03:19","modified_gmt":"2026-02-10T14:03:19","slug":"tip-tronik-pour-remorque-sans-fil","status":"publish","type":"product","link":"https:\/\/remorqueslabelle.com\/en\/produit\/tip-tronik-pour-remorque-sans-fil\/","title":{"rendered":"Tip tronik pour remorque | sans fil"},"content":{"rendered":"<div id=\"comp-kcz0jzgo1\" class=\"comp-kcz0jzgo1 R6ex7N\" aria-disabled=\"false\"><a class=\"kuTaGy zKbzSQ\" href=\"https:\/\/www.revtronik.com\/trouver-un-distributeur\" target=\"_self\" rel=\"noopener\" data-testid=\"linkElement\" aria-disabled=\"false\"><span class=\"M3I7Z2\">Acheter<\/span><\/a><\/div>\n<div id=\"comp-kcz0jzh4\" class=\"comp-kcz0jzh4 MazNVa\">\n<div class=\"j7pOnl\" data-testid=\"linkElement\"><img decoding=\"async\" src=\"https:\/\/static.wixstatic.com\/media\/e30507_7fd0b83dd2054b53a387ad0b9ad7068b~mv2.png\/v1\/fill\/w_82,h_49,al_c,q_85,usm_0.66_1.00_0.01,enc_auto\/1200px-WiFi_Logo_svg.png\" alt=\"1200px-WiFi_Logo.svg.png\" \/><\/div>\n<\/div>\n<div id=\"comp-kcz84x2u\" class=\"comp-kcz84x2u MazNVa\">\n<div class=\"j7pOnl\" data-testid=\"linkElement\"><img decoding=\"async\" src=\"https:\/\/static.wixstatic.com\/media\/e30507_941bdeb46b92435a8c8613a8430256ec~mv2.png\/v1\/fill\/w_239,h_182,al_c,q_85,usm_0.66_1.00_0.01,enc_auto\/TP3-WMK.png\" alt=\"TP3-WMK.png\" \/><\/div>\n<\/div>\n<div id=\"comp-kcz0jzgq\" class=\"BaOVQ8 tz5f0K comp-kcz0jzgq wixui-text\" data-testid=\"richTextElement\">\n<h5 class=\"font_5\"><span class=\"color_2\">TP3-WMK\u00a0(Ensemble pour\u00a0 remorque uniquement)\u00a0<\/span><\/h5>\n<p class=\"font_7\">Ensemble \u00e9lectronique sans fil pour remorque compatible avec les camions \u00e9quip\u00e9 de TipTRONIK TP3<\/p>\n<p class=\"font_7\">\u200b<span class=\"color_2\">\u00a0<\/span><span class=\"color_2\">\u200b<\/span><\/p>\n<ul class=\"font_8\">\n<li>\n<p class=\"font_8\"><span class=\"color_2\">Boitier \u00e9lectronique TP3-WM<\/span><\/p>\n<\/li>\n<li>\n<p class=\"font_8\"><span class=\"color_2\">Senseur \u00e9lectronique sans contact<\/span><\/p>\n<\/li>\n<\/ul>\n<\/div>\n","protected":false},"excerpt":{"rendered":"<p>Acheter TP3-WMK\u00a0(Ensemble pour\u00a0 remorque uniquement)\u00a0 Ensemble \u00e9lectronique sans fil pour remorque compatible avec les camions \u00e9quip\u00e9 de TipTRONIK TP3 \u200b\u00a0\u200b Boitier \u00e9lectronique TP3-WM Senseur \u00e9lectronique sans contact<\/p>\n","protected":false},"featured_media":3664,"comment_status":"open","ping_status":"closed","template":"","meta":{"_acf_changed":false},"product_cat":[124],"product_tag":[],"class_list":{"0":"post-3663","1":"product","2":"type-product","3":"status-publish","4":"has-post-thumbnail","6":"product_cat-tip-tronik","8":"first","9":"instock","10":"taxable","11":"shipping-taxable","12":"purchasable","13":"product-type-simple"},"acf":[],"yoast_head":"<!-- This site is optimized with the Yoast SEO Premium plugin v25.5 (Yoast SEO v25.5) - https:\/\/yoast.com\/wordpress\/plugins\/seo\/ -->\n<title>Tip tronik pour remorque | sans fil | Remorques Labelle<\/title>\n<meta name=\"robots\" content=\"index, follow, max-snippet:-1, max-image-preview:large, max-video-preview:-1\" \/>\n<link rel=\"canonical\" href=\"https:\/\/remorqueslabelle.com\/en\/produit\/tip-tronik-pour-remorque-sans-fil\/\" \/>\n<meta property=\"og:locale\" content=\"en_US\" \/>\n<meta property=\"og:type\" content=\"article\" \/>\n<meta property=\"og:title\" content=\"Tip tronik pour remorque | sans fil\" \/>\n<meta property=\"og:description\" content=\"Acheter TP3-WMK\u00a0(Ensemble pour\u00a0 remorque uniquement)\u00a0 Ensemble \u00e9lectronique sans fil pour remorque compatible avec les camions \u00e9quip\u00e9 de TipTRONIK TP3 \u200b\u00a0\u200b Boitier \u00e9lectronique TP3-WM Senseur \u00e9lectronique sans contact\" \/>\n<meta property=\"og:url\" content=\"https:\/\/remorqueslabelle.com\/en\/produit\/tip-tronik-pour-remorque-sans-fil\/\" \/>\n<meta property=\"og:site_name\" content=\"Remorques Labelle\" \/>\n<meta property=\"article:publisher\" content=\"https:\/\/www.facebook.com\/remorqueslabellelaval\/\" \/>\n<meta property=\"article:modified_time\" content=\"2026-02-10T14:03:19+00:00\" \/>\n<meta property=\"og:image\" content=\"https:\/\/remorqueslabelle.com\/wp-content\/uploads\/2023\/01\/revtp3wmk-large.jpg\" \/>\n\t<meta property=\"og:image:width\" content=\"500\" \/>\n\t<meta property=\"og:image:height\" content=\"448\" \/>\n\t<meta property=\"og:image:type\" content=\"image\/jpeg\" \/>\n<meta name=\"twitter:card\" content=\"summary_large_image\" \/>\n<meta name=\"twitter:label1\" content=\"Est. reading time\" \/>\n\t<meta name=\"twitter:data1\" content=\"1 minute\" \/>\n<script type=\"application\/ld+json\" class=\"yoast-schema-graph\">{\"@context\":\"https:\/\/schema.org\",\"@graph\":[{\"@type\":\"WebPage\",\"@id\":\"https:\/\/remorqueslabelle.com\/en\/produit\/tip-tronik-pour-remorque-sans-fil\/\",\"url\":\"https:\/\/remorqueslabelle.com\/en\/produit\/tip-tronik-pour-remorque-sans-fil\/\",\"name\":\"Tip tronik pour remorque | sans fil | Remorques Labelle\",\"isPartOf\":{\"@id\":\"https:\/\/remorqueslabelle.com\/en\/#website\"},\"primaryImageOfPage\":{\"@id\":\"https:\/\/remorqueslabelle.com\/en\/produit\/tip-tronik-pour-remorque-sans-fil\/#primaryimage\"},\"image\":{\"@id\":\"https:\/\/remorqueslabelle.com\/en\/produit\/tip-tronik-pour-remorque-sans-fil\/#primaryimage\"},\"thumbnailUrl\":\"https:\/\/remorqueslabelle.com\/wp-content\/uploads\/2023\/01\/revtp3wmk-large.jpg\",\"datePublished\":\"2023-01-26T15:01:08+00:00\",\"dateModified\":\"2026-02-10T14:03:19+00:00\",\"breadcrumb\":{\"@id\":\"https:\/\/remorqueslabelle.com\/en\/produit\/tip-tronik-pour-remorque-sans-fil\/#breadcrumb\"},\"inLanguage\":\"en-US\",\"potentialAction\":[{\"@type\":\"ReadAction\",\"target\":[\"https:\/\/remorqueslabelle.com\/en\/produit\/tip-tronik-pour-remorque-sans-fil\/\"]}]},{\"@type\":\"ImageObject\",\"inLanguage\":\"en-US\",\"@id\":\"https:\/\/remorqueslabelle.com\/en\/produit\/tip-tronik-pour-remorque-sans-fil\/#primaryimage\",\"url\":\"https:\/\/remorqueslabelle.com\/wp-content\/uploads\/2023\/01\/revtp3wmk-large.jpg\",\"contentUrl\":\"https:\/\/remorqueslabelle.com\/wp-content\/uploads\/2023\/01\/revtp3wmk-large.jpg\",\"width\":500,\"height\":448},{\"@type\":\"BreadcrumbList\",\"@id\":\"https:\/\/remorqueslabelle.com\/en\/produit\/tip-tronik-pour-remorque-sans-fil\/#breadcrumb\",\"itemListElement\":[{\"@type\":\"ListItem\",\"position\":1,\"name\":\"Accueil\",\"item\":\"https:\/\/remorqueslabelle.com\/en\/\"},{\"@type\":\"ListItem\",\"position\":2,\"name\":\"Tip tronik pour remorque | sans fil\"}]},{\"@type\":\"WebSite\",\"@id\":\"https:\/\/remorqueslabelle.com\/en\/#website\",\"url\":\"https:\/\/remorqueslabelle.com\/en\/\",\"name\":\"Remorques Labelle\",\"description\":\"Concessionnaire de remorques\",\"publisher\":{\"@id\":\"https:\/\/remorqueslabelle.com\/en\/#organization\"},\"potentialAction\":[{\"@type\":\"SearchAction\",\"target\":{\"@type\":\"EntryPoint\",\"urlTemplate\":\"https:\/\/remorqueslabelle.com\/en\/?s={search_term_string}\"},\"query-input\":{\"@type\":\"PropertyValueSpecification\",\"valueRequired\":true,\"valueName\":\"search_term_string\"}}],\"inLanguage\":\"en-US\"},{\"@type\":\"Organization\",\"@id\":\"https:\/\/remorqueslabelle.com\/en\/#organization\",\"name\":\"Remorques Labelle\",\"url\":\"https:\/\/remorqueslabelle.com\/en\/\",\"logo\":{\"@type\":\"ImageObject\",\"inLanguage\":\"en-US\",\"@id\":\"https:\/\/remorqueslabelle.com\/en\/#\/schema\/logo\/image\/\",\"url\":\"https:\/\/remorqueslabelle.com\/wp-content\/uploads\/2020\/10\/Remorques-Labelle.png\",\"contentUrl\":\"https:\/\/remorqueslabelle.com\/wp-content\/uploads\/2020\/10\/Remorques-Labelle.png\",\"width\":499,\"height\":151,\"caption\":\"Remorques Labelle\"},\"image\":{\"@id\":\"https:\/\/remorqueslabelle.com\/en\/#\/schema\/logo\/image\/\"},\"sameAs\":[\"https:\/\/www.facebook.com\/remorqueslabellelaval\/\",\"https:\/\/www.youtube.com\/channel\/UCx1odvVQE7tPhbZhHLThmzQ\",\"https:\/\/www.linkedin.com\/company\/remorques-labelle\/\",\"https:\/\/www.instagram.com\/remorqueslabelle\/\"]}]}<\/script>\n<!-- \/ Yoast SEO Premium plugin. -->","yoast_head_json":{"title":"Tip tronik pour remorque | sans fil | Remorques Labelle","robots":{"index":"index","follow":"follow","max-snippet":"max-snippet:-1","max-image-preview":"max-image-preview:large","max-video-preview":"max-video-preview:-1"},"canonical":"https:\/\/remorqueslabelle.com\/en\/produit\/tip-tronik-pour-remorque-sans-fil\/","og_locale":"en_US","og_type":"article","og_title":"Tip tronik pour remorque | sans fil","og_description":"Acheter TP3-WMK\u00a0(Ensemble pour\u00a0 remorque uniquement)\u00a0 Ensemble \u00e9lectronique sans fil pour remorque compatible avec les camions \u00e9quip\u00e9 de TipTRONIK TP3 \u200b\u00a0\u200b Boitier \u00e9lectronique TP3-WM Senseur \u00e9lectronique sans contact","og_url":"https:\/\/remorqueslabelle.com\/en\/produit\/tip-tronik-pour-remorque-sans-fil\/","og_site_name":"Remorques Labelle","article_publisher":"https:\/\/www.facebook.com\/remorqueslabellelaval\/","article_modified_time":"2026-02-10T14:03:19+00:00","og_image":[{"width":500,"height":448,"url":"https:\/\/remorqueslabelle.com\/wp-content\/uploads\/2023\/01\/revtp3wmk-large.jpg","type":"image\/jpeg"}],"twitter_card":"summary_large_image","twitter_misc":{"Est. reading time":"1 minute"},"schema":{"@context":"https:\/\/schema.org","@graph":[{"@type":"WebPage","@id":"https:\/\/remorqueslabelle.com\/en\/produit\/tip-tronik-pour-remorque-sans-fil\/","url":"https:\/\/remorqueslabelle.com\/en\/produit\/tip-tronik-pour-remorque-sans-fil\/","name":"Tip tronik pour remorque | sans fil | Remorques Labelle","isPartOf":{"@id":"https:\/\/remorqueslabelle.com\/en\/#website"},"primaryImageOfPage":{"@id":"https:\/\/remorqueslabelle.com\/en\/produit\/tip-tronik-pour-remorque-sans-fil\/#primaryimage"},"image":{"@id":"https:\/\/remorqueslabelle.com\/en\/produit\/tip-tronik-pour-remorque-sans-fil\/#primaryimage"},"thumbnailUrl":"https:\/\/remorqueslabelle.com\/wp-content\/uploads\/2023\/01\/revtp3wmk-large.jpg","datePublished":"2023-01-26T15:01:08+00:00","dateModified":"2026-02-10T14:03:19+00:00","breadcrumb":{"@id":"https:\/\/remorqueslabelle.com\/en\/produit\/tip-tronik-pour-remorque-sans-fil\/#breadcrumb"},"inLanguage":"en-US","potentialAction":[{"@type":"ReadAction","target":["https:\/\/remorqueslabelle.com\/en\/produit\/tip-tronik-pour-remorque-sans-fil\/"]}]},{"@type":"ImageObject","inLanguage":"en-US","@id":"https:\/\/remorqueslabelle.com\/en\/produit\/tip-tronik-pour-remorque-sans-fil\/#primaryimage","url":"https:\/\/remorqueslabelle.com\/wp-content\/uploads\/2023\/01\/revtp3wmk-large.jpg","contentUrl":"https:\/\/remorqueslabelle.com\/wp-content\/uploads\/2023\/01\/revtp3wmk-large.jpg","width":500,"height":448},{"@type":"BreadcrumbList","@id":"https:\/\/remorqueslabelle.com\/en\/produit\/tip-tronik-pour-remorque-sans-fil\/#breadcrumb","itemListElement":[{"@type":"ListItem","position":1,"name":"Accueil","item":"https:\/\/remorqueslabelle.com\/en\/"},{"@type":"ListItem","position":2,"name":"Tip tronik pour remorque | sans fil"}]},{"@type":"WebSite","@id":"https:\/\/remorqueslabelle.com\/en\/#website","url":"https:\/\/remorqueslabelle.com\/en\/","name":"Remorques Labelle","description":"Concessionnaire de remorques","publisher":{"@id":"https:\/\/remorqueslabelle.com\/en\/#organization"},"potentialAction":[{"@type":"SearchAction","target":{"@type":"EntryPoint","urlTemplate":"https:\/\/remorqueslabelle.com\/en\/?s={search_term_string}"},"query-input":{"@type":"PropertyValueSpecification","valueRequired":true,"valueName":"search_term_string"}}],"inLanguage":"en-US"},{"@type":"Organization","@id":"https:\/\/remorqueslabelle.com\/en\/#organization","name":"Remorques Labelle","url":"https:\/\/remorqueslabelle.com\/en\/","logo":{"@type":"ImageObject","inLanguage":"en-US","@id":"https:\/\/remorqueslabelle.com\/en\/#\/schema\/logo\/image\/","url":"https:\/\/remorqueslabelle.com\/wp-content\/uploads\/2020\/10\/Remorques-Labelle.png","contentUrl":"https:\/\/remorqueslabelle.com\/wp-content\/uploads\/2020\/10\/Remorques-Labelle.png","width":499,"height":151,"caption":"Remorques Labelle"},"image":{"@id":"https:\/\/remorqueslabelle.com\/en\/#\/schema\/logo\/image\/"},"sameAs":["https:\/\/www.facebook.com\/remorqueslabellelaval\/","https:\/\/www.youtube.com\/channel\/UCx1odvVQE7tPhbZhHLThmzQ","https:\/\/www.linkedin.com\/company\/remorques-labelle\/","https:\/\/www.instagram.com\/remorqueslabelle\/"]}]}},"_links":{"self":[{"href":"https:\/\/remorqueslabelle.com\/en\/wp-json\/wp\/v2\/product\/3663","targetHints":{"allow":["GET"]}}],"collection":[{"href":"https:\/\/remorqueslabelle.com\/en\/wp-json\/wp\/v2\/product"}],"about":[{"href":"https:\/\/remorqueslabelle.com\/en\/wp-json\/wp\/v2\/types\/product"}],"replies":[{"embeddable":true,"href":"https:\/\/remorqueslabelle.com\/en\/wp-json\/wp\/v2\/comments?post=3663"}],"wp:featuredmedia":[{"embeddable":true,"href":"https:\/\/remorqueslabelle.com\/en\/wp-json\/wp\/v2\/media\/3664"}],"wp:attachment":[{"href":"https:\/\/remorqueslabelle.com\/en\/wp-json\/wp\/v2\/media?parent=3663"}],"wp:term":[{"taxonomy":"product_cat","embeddable":true,"href":"https:\/\/remorqueslabelle.com\/en\/wp-json\/wp\/v2\/product_cat?post=3663"},{"taxonomy":"product_tag","embeddable":true,"href":"https:\/\/remorqueslabelle.com\/en\/wp-json\/wp\/v2\/product_tag?post=3663"}],"curies":[{"name":"wp","href":"https:\/\/api.w.org\/{rel}","templated":true}]}}