{"id":34985,"date":"2026-05-05T14:27:07","date_gmt":"2026-05-05T18:27:07","guid":{"rendered":"https:\/\/remorqueslabelle.com\/?post_type=product&#038;p=34985"},"modified":"2026-05-05T14:40:27","modified_gmt":"2026-05-05T18:40:27","slug":"hendrickson-difference-valve-de-controle-de-hauteur-levelling-valve-difference","status":"publish","type":"product","link":"https:\/\/remorqueslabelle.com\/en\/produit\/hendrickson-difference-valve-de-controle-de-hauteur-levelling-valve-difference\/","title":{"rendered":"HENDRICKSON : DIFF\u00c9RENCE VALVE DE CONTR\u00d4LE DE HAUTEUR \/ LEVELLING VALVE DIFFERENCE"},"content":{"rendered":"<h1><strong>VS-227 <span style=\"color: #ff0000;\">vs.<\/span> VS-228<\/strong><\/h1>\n<h2>\u27a5 On vous montre les<strong> diff\u00e9rences<\/strong> entre les <strong>2 g\u00e9n\u00e9rations de valves<\/strong> utilis\u00e9es pour le <strong>contr\u00f4le de la hauteur.<\/strong><\/h2>\n<h3><strong>\u27b1 Marque :<\/strong> Hendrickson<\/h3>\n<p>&nbsp;<\/p>\n<h3><span style=\"color: #0000ff;\"><strong>#VS-227<\/strong><\/span><strong> : 2 hoses<\/strong><\/h3>\n<ul>\n<li>Remorques <strong>Cross Country<\/strong><\/li>\n<li>Remorques <strong>Cobra<span style=\"color: #ff0000;\"> (jusqu&#8217;\u00e0 environ l&#8217;ann\u00e9e 2025)<\/span><\/strong><\/li>\n<\/ul>\n<p>&nbsp;<\/p>\n<h3><span style=\"color: #0000ff;\"><strong>#VS-228<\/strong><\/span><strong> : 3 hoses<\/strong><\/h3>\n<p>Remorques Cobra <span style=\"color: #ff0000;\"><strong>(ann\u00e9e 2025 et plus)<\/strong><\/span><\/p>\n<p>&nbsp;<\/p>\n<p><span style=\"color: #000000;\">Pour plus d&#8217;information, contactez-nous par t\u00e9l\u00e9phone au <span style=\"color: #0000ff;\"><strong>450 688-3555 <\/strong><\/span>!<\/span><\/p>\n","protected":false},"excerpt":{"rendered":"<p>VS-227 vs. VS-228 \u27a5 On vous montre les diff\u00e9rences entre les 2 g\u00e9n\u00e9rations de valves utilis\u00e9es pour le contr\u00f4le de la hauteur. \u27b1 Marque : Hendrickson &nbsp; #VS-227 : 2 [&hellip;]<\/p>\n","protected":false},"featured_media":35004,"comment_status":"open","ping_status":"closed","template":"","meta":{"_acf_changed":false},"product_cat":[15],"product_tag":[],"class_list":{"0":"post-34985","1":"product","2":"type-product","3":"status-publish","4":"has-post-thumbnail","6":"product_cat-valves-abs","8":"first","9":"instock","10":"taxable","11":"shipping-taxable","12":"product-type-simple"},"acf":[],"yoast_head":"<!-- This site is optimized with the Yoast SEO Premium plugin v25.5 (Yoast SEO v25.5) - https:\/\/yoast.com\/wordpress\/plugins\/seo\/ -->\n<title>HENDRICKSON : DIFF\u00c9RENCE VALVE DE CONTR\u00d4LE DE HAUTEUR \/ LEVELLING VALVE DIFFERENCE | Remorques Labelle<\/title>\n<meta name=\"description\" content=\"HENDRICKSON | DIFF\u00c9RENCE VALVE DE CONTR\u00d4LE DE HAUTEUR (hose) | VS-227 vs VS-228 | Pour plus d&#039;information, appelez-nous! 450 688-3555\" \/>\n<meta name=\"robots\" content=\"index, follow, max-snippet:-1, max-image-preview:large, max-video-preview:-1\" \/>\n<link rel=\"canonical\" href=\"https:\/\/remorqueslabelle.com\/en\/produit\/hendrickson-difference-valve-de-controle-de-hauteur-levelling-valve-difference\/\" \/>\n<meta property=\"og:locale\" content=\"en_US\" \/>\n<meta property=\"og:type\" content=\"article\" \/>\n<meta property=\"og:title\" content=\"HENDRICKSON : DIFF\u00c9RENCE VALVE DE CONTR\u00d4LE DE HAUTEUR \/ LEVELLING VALVE DIFFERENCE\" \/>\n<meta property=\"og:description\" content=\"HENDRICKSON | DIFF\u00c9RENCE VALVE DE CONTR\u00d4LE DE HAUTEUR (hose) | VS-227 vs VS-228 | Pour plus d&#039;information, appelez-nous! 450 688-3555\" \/>\n<meta property=\"og:url\" content=\"https:\/\/remorqueslabelle.com\/en\/produit\/hendrickson-difference-valve-de-controle-de-hauteur-levelling-valve-difference\/\" \/>\n<meta property=\"og:site_name\" content=\"Remorques Labelle\" \/>\n<meta property=\"article:publisher\" content=\"https:\/\/www.facebook.com\/remorqueslabellelaval\/\" \/>\n<meta property=\"article:modified_time\" content=\"2026-05-05T18:40:27+00:00\" \/>\n<meta property=\"og:image\" content=\"https:\/\/remorqueslabelle.com\/wp-content\/uploads\/2026\/05\/miniature.jpg\" \/>\n\t<meta property=\"og:image:width\" content=\"768\" \/>\n\t<meta property=\"og:image:height\" content=\"768\" \/>\n\t<meta property=\"og:image:type\" content=\"image\/jpeg\" \/>\n<meta name=\"twitter:card\" content=\"summary_large_image\" \/>\n<meta name=\"twitter:label1\" content=\"Est. reading time\" \/>\n\t<meta name=\"twitter:data1\" content=\"1 minute\" \/>\n<script type=\"application\/ld+json\" class=\"yoast-schema-graph\">{\"@context\":\"https:\/\/schema.org\",\"@graph\":[{\"@type\":\"WebPage\",\"@id\":\"https:\/\/remorqueslabelle.com\/en\/produit\/hendrickson-difference-valve-de-controle-de-hauteur-levelling-valve-difference\/\",\"url\":\"https:\/\/remorqueslabelle.com\/en\/produit\/hendrickson-difference-valve-de-controle-de-hauteur-levelling-valve-difference\/\",\"name\":\"HENDRICKSON : DIFF\u00c9RENCE VALVE DE CONTR\u00d4LE DE HAUTEUR \/ LEVELLING VALVE DIFFERENCE | Remorques Labelle\",\"isPartOf\":{\"@id\":\"https:\/\/remorqueslabelle.com\/en\/#website\"},\"primaryImageOfPage\":{\"@id\":\"https:\/\/remorqueslabelle.com\/en\/produit\/hendrickson-difference-valve-de-controle-de-hauteur-levelling-valve-difference\/#primaryimage\"},\"image\":{\"@id\":\"https:\/\/remorqueslabelle.com\/en\/produit\/hendrickson-difference-valve-de-controle-de-hauteur-levelling-valve-difference\/#primaryimage\"},\"thumbnailUrl\":\"https:\/\/remorqueslabelle.com\/wp-content\/uploads\/2026\/05\/miniature.jpg\",\"datePublished\":\"2026-05-05T18:27:07+00:00\",\"dateModified\":\"2026-05-05T18:40:27+00:00\",\"description\":\"HENDRICKSON | DIFF\u00c9RENCE VALVE DE CONTR\u00d4LE DE HAUTEUR (hose) | VS-227 vs VS-228 | Pour plus d'information, appelez-nous! 450 688-3555\",\"breadcrumb\":{\"@id\":\"https:\/\/remorqueslabelle.com\/en\/produit\/hendrickson-difference-valve-de-controle-de-hauteur-levelling-valve-difference\/#breadcrumb\"},\"inLanguage\":\"en-US\",\"potentialAction\":[{\"@type\":\"ReadAction\",\"target\":[\"https:\/\/remorqueslabelle.com\/en\/produit\/hendrickson-difference-valve-de-controle-de-hauteur-levelling-valve-difference\/\"]}]},{\"@type\":\"ImageObject\",\"inLanguage\":\"en-US\",\"@id\":\"https:\/\/remorqueslabelle.com\/en\/produit\/hendrickson-difference-valve-de-controle-de-hauteur-levelling-valve-difference\/#primaryimage\",\"url\":\"https:\/\/remorqueslabelle.com\/wp-content\/uploads\/2026\/05\/miniature.jpg\",\"contentUrl\":\"https:\/\/remorqueslabelle.com\/wp-content\/uploads\/2026\/05\/miniature.jpg\",\"width\":768,\"height\":768,\"caption\":\"Hose Valve contr\u00f4le hauteur VS-227 versus VS-228\"},{\"@type\":\"BreadcrumbList\",\"@id\":\"https:\/\/remorqueslabelle.com\/en\/produit\/hendrickson-difference-valve-de-controle-de-hauteur-levelling-valve-difference\/#breadcrumb\",\"itemListElement\":[{\"@type\":\"ListItem\",\"position\":1,\"name\":\"Accueil\",\"item\":\"https:\/\/remorqueslabelle.com\/en\/\"},{\"@type\":\"ListItem\",\"position\":2,\"name\":\"HENDRICKSON : DIFF\u00c9RENCE VALVE DE CONTR\u00d4LE DE HAUTEUR \/ LEVELLING VALVE DIFFERENCE\"}]},{\"@type\":\"WebSite\",\"@id\":\"https:\/\/remorqueslabelle.com\/en\/#website\",\"url\":\"https:\/\/remorqueslabelle.com\/en\/\",\"name\":\"Remorques Labelle\",\"description\":\"Concessionnaire de remorques\",\"publisher\":{\"@id\":\"https:\/\/remorqueslabelle.com\/en\/#organization\"},\"potentialAction\":[{\"@type\":\"SearchAction\",\"target\":{\"@type\":\"EntryPoint\",\"urlTemplate\":\"https:\/\/remorqueslabelle.com\/en\/?s={search_term_string}\"},\"query-input\":{\"@type\":\"PropertyValueSpecification\",\"valueRequired\":true,\"valueName\":\"search_term_string\"}}],\"inLanguage\":\"en-US\"},{\"@type\":\"Organization\",\"@id\":\"https:\/\/remorqueslabelle.com\/en\/#organization\",\"name\":\"Remorques Labelle\",\"url\":\"https:\/\/remorqueslabelle.com\/en\/\",\"logo\":{\"@type\":\"ImageObject\",\"inLanguage\":\"en-US\",\"@id\":\"https:\/\/remorqueslabelle.com\/en\/#\/schema\/logo\/image\/\",\"url\":\"https:\/\/remorqueslabelle.com\/wp-content\/uploads\/2020\/10\/Remorques-Labelle.png\",\"contentUrl\":\"https:\/\/remorqueslabelle.com\/wp-content\/uploads\/2020\/10\/Remorques-Labelle.png\",\"width\":499,\"height\":151,\"caption\":\"Remorques Labelle\"},\"image\":{\"@id\":\"https:\/\/remorqueslabelle.com\/en\/#\/schema\/logo\/image\/\"},\"sameAs\":[\"https:\/\/www.facebook.com\/remorqueslabellelaval\/\",\"https:\/\/www.youtube.com\/channel\/UCx1odvVQE7tPhbZhHLThmzQ\",\"https:\/\/www.linkedin.com\/company\/remorques-labelle\/\",\"https:\/\/www.instagram.com\/remorqueslabelle\/\"]}]}<\/script>\n<!-- \/ Yoast SEO Premium plugin. -->","yoast_head_json":{"title":"HENDRICKSON : DIFF\u00c9RENCE VALVE DE CONTR\u00d4LE DE HAUTEUR \/ LEVELLING VALVE DIFFERENCE | Remorques Labelle","description":"HENDRICKSON | DIFF\u00c9RENCE VALVE DE CONTR\u00d4LE DE HAUTEUR (hose) | VS-227 vs VS-228 | Pour plus d'information, appelez-nous! 450 688-3555","robots":{"index":"index","follow":"follow","max-snippet":"max-snippet:-1","max-image-preview":"max-image-preview:large","max-video-preview":"max-video-preview:-1"},"canonical":"https:\/\/remorqueslabelle.com\/en\/produit\/hendrickson-difference-valve-de-controle-de-hauteur-levelling-valve-difference\/","og_locale":"en_US","og_type":"article","og_title":"HENDRICKSON : DIFF\u00c9RENCE VALVE DE CONTR\u00d4LE DE HAUTEUR \/ LEVELLING VALVE DIFFERENCE","og_description":"HENDRICKSON | DIFF\u00c9RENCE VALVE DE CONTR\u00d4LE DE HAUTEUR (hose) | VS-227 vs VS-228 | Pour plus d'information, appelez-nous! 450 688-3555","og_url":"https:\/\/remorqueslabelle.com\/en\/produit\/hendrickson-difference-valve-de-controle-de-hauteur-levelling-valve-difference\/","og_site_name":"Remorques Labelle","article_publisher":"https:\/\/www.facebook.com\/remorqueslabellelaval\/","article_modified_time":"2026-05-05T18:40:27+00:00","og_image":[{"width":768,"height":768,"url":"https:\/\/remorqueslabelle.com\/wp-content\/uploads\/2026\/05\/miniature.jpg","type":"image\/jpeg"}],"twitter_card":"summary_large_image","twitter_misc":{"Est. reading time":"1 minute"},"schema":{"@context":"https:\/\/schema.org","@graph":[{"@type":"WebPage","@id":"https:\/\/remorqueslabelle.com\/en\/produit\/hendrickson-difference-valve-de-controle-de-hauteur-levelling-valve-difference\/","url":"https:\/\/remorqueslabelle.com\/en\/produit\/hendrickson-difference-valve-de-controle-de-hauteur-levelling-valve-difference\/","name":"HENDRICKSON : DIFF\u00c9RENCE VALVE DE CONTR\u00d4LE DE HAUTEUR \/ LEVELLING VALVE DIFFERENCE | Remorques Labelle","isPartOf":{"@id":"https:\/\/remorqueslabelle.com\/en\/#website"},"primaryImageOfPage":{"@id":"https:\/\/remorqueslabelle.com\/en\/produit\/hendrickson-difference-valve-de-controle-de-hauteur-levelling-valve-difference\/#primaryimage"},"image":{"@id":"https:\/\/remorqueslabelle.com\/en\/produit\/hendrickson-difference-valve-de-controle-de-hauteur-levelling-valve-difference\/#primaryimage"},"thumbnailUrl":"https:\/\/remorqueslabelle.com\/wp-content\/uploads\/2026\/05\/miniature.jpg","datePublished":"2026-05-05T18:27:07+00:00","dateModified":"2026-05-05T18:40:27+00:00","description":"HENDRICKSON | DIFF\u00c9RENCE VALVE DE CONTR\u00d4LE DE HAUTEUR (hose) | VS-227 vs VS-228 | Pour plus d'information, appelez-nous! 450 688-3555","breadcrumb":{"@id":"https:\/\/remorqueslabelle.com\/en\/produit\/hendrickson-difference-valve-de-controle-de-hauteur-levelling-valve-difference\/#breadcrumb"},"inLanguage":"en-US","potentialAction":[{"@type":"ReadAction","target":["https:\/\/remorqueslabelle.com\/en\/produit\/hendrickson-difference-valve-de-controle-de-hauteur-levelling-valve-difference\/"]}]},{"@type":"ImageObject","inLanguage":"en-US","@id":"https:\/\/remorqueslabelle.com\/en\/produit\/hendrickson-difference-valve-de-controle-de-hauteur-levelling-valve-difference\/#primaryimage","url":"https:\/\/remorqueslabelle.com\/wp-content\/uploads\/2026\/05\/miniature.jpg","contentUrl":"https:\/\/remorqueslabelle.com\/wp-content\/uploads\/2026\/05\/miniature.jpg","width":768,"height":768,"caption":"Hose Valve contr\u00f4le hauteur VS-227 versus VS-228"},{"@type":"BreadcrumbList","@id":"https:\/\/remorqueslabelle.com\/en\/produit\/hendrickson-difference-valve-de-controle-de-hauteur-levelling-valve-difference\/#breadcrumb","itemListElement":[{"@type":"ListItem","position":1,"name":"Accueil","item":"https:\/\/remorqueslabelle.com\/en\/"},{"@type":"ListItem","position":2,"name":"HENDRICKSON : DIFF\u00c9RENCE VALVE DE CONTR\u00d4LE DE HAUTEUR \/ LEVELLING VALVE DIFFERENCE"}]},{"@type":"WebSite","@id":"https:\/\/remorqueslabelle.com\/en\/#website","url":"https:\/\/remorqueslabelle.com\/en\/","name":"Remorques Labelle","description":"Concessionnaire de remorques","publisher":{"@id":"https:\/\/remorqueslabelle.com\/en\/#organization"},"potentialAction":[{"@type":"SearchAction","target":{"@type":"EntryPoint","urlTemplate":"https:\/\/remorqueslabelle.com\/en\/?s={search_term_string}"},"query-input":{"@type":"PropertyValueSpecification","valueRequired":true,"valueName":"search_term_string"}}],"inLanguage":"en-US"},{"@type":"Organization","@id":"https:\/\/remorqueslabelle.com\/en\/#organization","name":"Remorques Labelle","url":"https:\/\/remorqueslabelle.com\/en\/","logo":{"@type":"ImageObject","inLanguage":"en-US","@id":"https:\/\/remorqueslabelle.com\/en\/#\/schema\/logo\/image\/","url":"https:\/\/remorqueslabelle.com\/wp-content\/uploads\/2020\/10\/Remorques-Labelle.png","contentUrl":"https:\/\/remorqueslabelle.com\/wp-content\/uploads\/2020\/10\/Remorques-Labelle.png","width":499,"height":151,"caption":"Remorques Labelle"},"image":{"@id":"https:\/\/remorqueslabelle.com\/en\/#\/schema\/logo\/image\/"},"sameAs":["https:\/\/www.facebook.com\/remorqueslabellelaval\/","https:\/\/www.youtube.com\/channel\/UCx1odvVQE7tPhbZhHLThmzQ","https:\/\/www.linkedin.com\/company\/remorques-labelle\/","https:\/\/www.instagram.com\/remorqueslabelle\/"]}]}},"_links":{"self":[{"href":"https:\/\/remorqueslabelle.com\/en\/wp-json\/wp\/v2\/product\/34985","targetHints":{"allow":["GET"]}}],"collection":[{"href":"https:\/\/remorqueslabelle.com\/en\/wp-json\/wp\/v2\/product"}],"about":[{"href":"https:\/\/remorqueslabelle.com\/en\/wp-json\/wp\/v2\/types\/product"}],"replies":[{"embeddable":true,"href":"https:\/\/remorqueslabelle.com\/en\/wp-json\/wp\/v2\/comments?post=34985"}],"wp:featuredmedia":[{"embeddable":true,"href":"https:\/\/remorqueslabelle.com\/en\/wp-json\/wp\/v2\/media\/35004"}],"wp:attachment":[{"href":"https:\/\/remorqueslabelle.com\/en\/wp-json\/wp\/v2\/media?parent=34985"}],"wp:term":[{"taxonomy":"product_cat","embeddable":true,"href":"https:\/\/remorqueslabelle.com\/en\/wp-json\/wp\/v2\/product_cat?post=34985"},{"taxonomy":"product_tag","embeddable":true,"href":"https:\/\/remorqueslabelle.com\/en\/wp-json\/wp\/v2\/product_tag?post=34985"}],"curies":[{"name":"wp","href":"https:\/\/api.w.org\/{rel}","templated":true}]}}