{"id":31014,"date":"2025-12-19T15:23:39","date_gmt":"2025-12-19T20:23:39","guid":{"rendered":"https:\/\/remorqueslabelle.com\/?post_type=product&#038;p=31014"},"modified":"2025-12-19T15:24:44","modified_gmt":"2025-12-19T20:24:44","slug":"prise-a-embout-femelle-a-poles-double-15-326-3","status":"publish","type":"product","link":"https:\/\/remorqueslabelle.com\/en\/produit\/prise-a-embout-femelle-a-poles-double-15-326-3\/","title":{"rendered":"PRISE \u00c0 EMBOUT FEMELLE \u00c0 P\u00d4LES DOUBLE | 15-326"},"content":{"rendered":"<h1><strong>PRISE \u00c0 EMBOUT FEMELLE \u00c0 P\u00d4LES DOUBLE<\/strong><\/h1>\n<p>&nbsp;<\/p>\n<ul>\n<li><strong>#Pi\u00e8ce : <span style=\"color: #0000ff;\">PHI15-326<\/span><span style=\"font-weight: 400;\"> | 15-326<\/span><\/strong><\/li>\n<li><strong>Localisation : <span style=\"font-weight: 400;\">2.02.11.15<\/span><\/strong><\/li>\n<\/ul>\n<p>&nbsp;<\/p>\n<p>Pour obtenir plus d\u2019information sur cette pi\u00e8ce ou pour passer une commande, contactez-nous au\u00a0<span style=\"color: #0000ff;\"><strong>450.688.3555<\/strong><\/span>\u00a0!<\/p>\n","protected":false},"excerpt":{"rendered":"<p>PRISE \u00c0 EMBOUT FEMELLE \u00c0 P\u00d4LES DOUBLE &nbsp; #Pi\u00e8ce : PHI15-326 | 15-326 Localisation : 2.02.11.15 &nbsp; Pour obtenir plus d\u2019information sur cette pi\u00e8ce ou pour passer une commande, contactez-nous [&hellip;]<\/p>\n","protected":false},"featured_media":31015,"comment_status":"open","ping_status":"closed","template":"","meta":{"_acf_changed":false},"product_cat":[15],"product_tag":[],"class_list":{"0":"post-31014","1":"product","2":"type-product","3":"status-publish","4":"has-post-thumbnail","6":"product_cat-valves-abs","8":"first","9":"instock","10":"taxable","11":"shipping-taxable","12":"product-type-simple"},"acf":[],"yoast_head":"<!-- This site is optimized with the Yoast SEO Premium plugin v25.5 (Yoast SEO v25.5) - https:\/\/yoast.com\/wordpress\/plugins\/seo\/ -->\n<title>PRISE \u00c0 EMBOUT FEMELLE \u00c0 P\u00d4LES DOUBLE | 15-326 | Remorques Labelle<\/title>\n<meta name=\"robots\" content=\"index, follow, max-snippet:-1, max-image-preview:large, max-video-preview:-1\" \/>\n<link rel=\"canonical\" href=\"https:\/\/remorqueslabelle.com\/en\/produit\/prise-a-embout-femelle-a-poles-double-15-326-3\/\" \/>\n<meta property=\"og:locale\" content=\"en_US\" \/>\n<meta property=\"og:type\" content=\"article\" \/>\n<meta property=\"og:title\" content=\"PRISE \u00c0 EMBOUT FEMELLE \u00c0 P\u00d4LES DOUBLE | 15-326\" \/>\n<meta property=\"og:description\" content=\"PRISE \u00c0 EMBOUT FEMELLE \u00c0 P\u00d4LES DOUBLE &nbsp; #Pi\u00e8ce : PHI15-326 | 15-326 Localisation : 2.02.11.15 &nbsp; Pour obtenir plus d\u2019information sur cette pi\u00e8ce ou pour passer une commande, contactez-nous [&hellip;]\" \/>\n<meta property=\"og:url\" content=\"https:\/\/remorqueslabelle.com\/en\/produit\/prise-a-embout-femelle-a-poles-double-15-326-3\/\" \/>\n<meta property=\"og:site_name\" content=\"Remorques Labelle\" \/>\n<meta property=\"article:publisher\" content=\"https:\/\/www.facebook.com\/remorqueslabellelaval\/\" \/>\n<meta property=\"article:modified_time\" content=\"2025-12-19T20:24:44+00:00\" \/>\n<meta property=\"og:image\" content=\"https:\/\/remorqueslabelle.com\/wp-content\/uploads\/2025\/12\/piece-site-16-1.jpg\" \/>\n\t<meta property=\"og:image:width\" content=\"1000\" \/>\n\t<meta property=\"og:image:height\" content=\"1000\" \/>\n\t<meta property=\"og:image:type\" content=\"image\/jpeg\" \/>\n<meta name=\"twitter:card\" content=\"summary_large_image\" \/>\n<meta name=\"twitter:label1\" content=\"Est. reading time\" \/>\n\t<meta name=\"twitter:data1\" content=\"1 minute\" \/>\n<script type=\"application\/ld+json\" class=\"yoast-schema-graph\">{\"@context\":\"https:\/\/schema.org\",\"@graph\":[{\"@type\":\"WebPage\",\"@id\":\"https:\/\/remorqueslabelle.com\/en\/produit\/prise-a-embout-femelle-a-poles-double-15-326-3\/\",\"url\":\"https:\/\/remorqueslabelle.com\/en\/produit\/prise-a-embout-femelle-a-poles-double-15-326-3\/\",\"name\":\"PRISE \u00c0 EMBOUT FEMELLE \u00c0 P\u00d4LES DOUBLE | 15-326 | Remorques Labelle\",\"isPartOf\":{\"@id\":\"https:\/\/remorqueslabelle.com\/en\/#website\"},\"primaryImageOfPage\":{\"@id\":\"https:\/\/remorqueslabelle.com\/en\/produit\/prise-a-embout-femelle-a-poles-double-15-326-3\/#primaryimage\"},\"image\":{\"@id\":\"https:\/\/remorqueslabelle.com\/en\/produit\/prise-a-embout-femelle-a-poles-double-15-326-3\/#primaryimage\"},\"thumbnailUrl\":\"https:\/\/remorqueslabelle.com\/wp-content\/uploads\/2025\/12\/piece-site-16-1.jpg\",\"datePublished\":\"2025-12-19T20:23:39+00:00\",\"dateModified\":\"2025-12-19T20:24:44+00:00\",\"breadcrumb\":{\"@id\":\"https:\/\/remorqueslabelle.com\/en\/produit\/prise-a-embout-femelle-a-poles-double-15-326-3\/#breadcrumb\"},\"inLanguage\":\"en-US\",\"potentialAction\":[{\"@type\":\"ReadAction\",\"target\":[\"https:\/\/remorqueslabelle.com\/en\/produit\/prise-a-embout-femelle-a-poles-double-15-326-3\/\"]}]},{\"@type\":\"ImageObject\",\"inLanguage\":\"en-US\",\"@id\":\"https:\/\/remorqueslabelle.com\/en\/produit\/prise-a-embout-femelle-a-poles-double-15-326-3\/#primaryimage\",\"url\":\"https:\/\/remorqueslabelle.com\/wp-content\/uploads\/2025\/12\/piece-site-16-1.jpg\",\"contentUrl\":\"https:\/\/remorqueslabelle.com\/wp-content\/uploads\/2025\/12\/piece-site-16-1.jpg\",\"width\":1000,\"height\":1000},{\"@type\":\"BreadcrumbList\",\"@id\":\"https:\/\/remorqueslabelle.com\/en\/produit\/prise-a-embout-femelle-a-poles-double-15-326-3\/#breadcrumb\",\"itemListElement\":[{\"@type\":\"ListItem\",\"position\":1,\"name\":\"Accueil\",\"item\":\"https:\/\/remorqueslabelle.com\/en\/\"},{\"@type\":\"ListItem\",\"position\":2,\"name\":\"PRISE \u00c0 EMBOUT FEMELLE \u00c0 P\u00d4LES DOUBLE | 15-326\"}]},{\"@type\":\"WebSite\",\"@id\":\"https:\/\/remorqueslabelle.com\/en\/#website\",\"url\":\"https:\/\/remorqueslabelle.com\/en\/\",\"name\":\"Remorques Labelle\",\"description\":\"Concessionnaire de remorques\",\"publisher\":{\"@id\":\"https:\/\/remorqueslabelle.com\/en\/#organization\"},\"potentialAction\":[{\"@type\":\"SearchAction\",\"target\":{\"@type\":\"EntryPoint\",\"urlTemplate\":\"https:\/\/remorqueslabelle.com\/en\/?s={search_term_string}\"},\"query-input\":{\"@type\":\"PropertyValueSpecification\",\"valueRequired\":true,\"valueName\":\"search_term_string\"}}],\"inLanguage\":\"en-US\"},{\"@type\":\"Organization\",\"@id\":\"https:\/\/remorqueslabelle.com\/en\/#organization\",\"name\":\"Remorques Labelle\",\"url\":\"https:\/\/remorqueslabelle.com\/en\/\",\"logo\":{\"@type\":\"ImageObject\",\"inLanguage\":\"en-US\",\"@id\":\"https:\/\/remorqueslabelle.com\/en\/#\/schema\/logo\/image\/\",\"url\":\"https:\/\/remorqueslabelle.com\/wp-content\/uploads\/2020\/10\/Remorques-Labelle.png\",\"contentUrl\":\"https:\/\/remorqueslabelle.com\/wp-content\/uploads\/2020\/10\/Remorques-Labelle.png\",\"width\":499,\"height\":151,\"caption\":\"Remorques Labelle\"},\"image\":{\"@id\":\"https:\/\/remorqueslabelle.com\/en\/#\/schema\/logo\/image\/\"},\"sameAs\":[\"https:\/\/www.facebook.com\/remorqueslabellelaval\/\",\"https:\/\/www.youtube.com\/channel\/UCx1odvVQE7tPhbZhHLThmzQ\",\"https:\/\/www.linkedin.com\/company\/remorques-labelle\/\",\"https:\/\/www.instagram.com\/remorqueslabelle\/\"]}]}<\/script>\n<!-- \/ Yoast SEO Premium plugin. -->","yoast_head_json":{"title":"PRISE \u00c0 EMBOUT FEMELLE \u00c0 P\u00d4LES DOUBLE | 15-326 | Remorques Labelle","robots":{"index":"index","follow":"follow","max-snippet":"max-snippet:-1","max-image-preview":"max-image-preview:large","max-video-preview":"max-video-preview:-1"},"canonical":"https:\/\/remorqueslabelle.com\/en\/produit\/prise-a-embout-femelle-a-poles-double-15-326-3\/","og_locale":"en_US","og_type":"article","og_title":"PRISE \u00c0 EMBOUT FEMELLE \u00c0 P\u00d4LES DOUBLE | 15-326","og_description":"PRISE \u00c0 EMBOUT FEMELLE \u00c0 P\u00d4LES DOUBLE &nbsp; #Pi\u00e8ce : PHI15-326 | 15-326 Localisation : 2.02.11.15 &nbsp; Pour obtenir plus d\u2019information sur cette pi\u00e8ce ou pour passer une commande, contactez-nous [&hellip;]","og_url":"https:\/\/remorqueslabelle.com\/en\/produit\/prise-a-embout-femelle-a-poles-double-15-326-3\/","og_site_name":"Remorques Labelle","article_publisher":"https:\/\/www.facebook.com\/remorqueslabellelaval\/","article_modified_time":"2025-12-19T20:24:44+00:00","og_image":[{"width":1000,"height":1000,"url":"https:\/\/remorqueslabelle.com\/wp-content\/uploads\/2025\/12\/piece-site-16-1.jpg","type":"image\/jpeg"}],"twitter_card":"summary_large_image","twitter_misc":{"Est. reading time":"1 minute"},"schema":{"@context":"https:\/\/schema.org","@graph":[{"@type":"WebPage","@id":"https:\/\/remorqueslabelle.com\/en\/produit\/prise-a-embout-femelle-a-poles-double-15-326-3\/","url":"https:\/\/remorqueslabelle.com\/en\/produit\/prise-a-embout-femelle-a-poles-double-15-326-3\/","name":"PRISE \u00c0 EMBOUT FEMELLE \u00c0 P\u00d4LES DOUBLE | 15-326 | Remorques Labelle","isPartOf":{"@id":"https:\/\/remorqueslabelle.com\/en\/#website"},"primaryImageOfPage":{"@id":"https:\/\/remorqueslabelle.com\/en\/produit\/prise-a-embout-femelle-a-poles-double-15-326-3\/#primaryimage"},"image":{"@id":"https:\/\/remorqueslabelle.com\/en\/produit\/prise-a-embout-femelle-a-poles-double-15-326-3\/#primaryimage"},"thumbnailUrl":"https:\/\/remorqueslabelle.com\/wp-content\/uploads\/2025\/12\/piece-site-16-1.jpg","datePublished":"2025-12-19T20:23:39+00:00","dateModified":"2025-12-19T20:24:44+00:00","breadcrumb":{"@id":"https:\/\/remorqueslabelle.com\/en\/produit\/prise-a-embout-femelle-a-poles-double-15-326-3\/#breadcrumb"},"inLanguage":"en-US","potentialAction":[{"@type":"ReadAction","target":["https:\/\/remorqueslabelle.com\/en\/produit\/prise-a-embout-femelle-a-poles-double-15-326-3\/"]}]},{"@type":"ImageObject","inLanguage":"en-US","@id":"https:\/\/remorqueslabelle.com\/en\/produit\/prise-a-embout-femelle-a-poles-double-15-326-3\/#primaryimage","url":"https:\/\/remorqueslabelle.com\/wp-content\/uploads\/2025\/12\/piece-site-16-1.jpg","contentUrl":"https:\/\/remorqueslabelle.com\/wp-content\/uploads\/2025\/12\/piece-site-16-1.jpg","width":1000,"height":1000},{"@type":"BreadcrumbList","@id":"https:\/\/remorqueslabelle.com\/en\/produit\/prise-a-embout-femelle-a-poles-double-15-326-3\/#breadcrumb","itemListElement":[{"@type":"ListItem","position":1,"name":"Accueil","item":"https:\/\/remorqueslabelle.com\/en\/"},{"@type":"ListItem","position":2,"name":"PRISE \u00c0 EMBOUT FEMELLE \u00c0 P\u00d4LES DOUBLE | 15-326"}]},{"@type":"WebSite","@id":"https:\/\/remorqueslabelle.com\/en\/#website","url":"https:\/\/remorqueslabelle.com\/en\/","name":"Remorques Labelle","description":"Concessionnaire de remorques","publisher":{"@id":"https:\/\/remorqueslabelle.com\/en\/#organization"},"potentialAction":[{"@type":"SearchAction","target":{"@type":"EntryPoint","urlTemplate":"https:\/\/remorqueslabelle.com\/en\/?s={search_term_string}"},"query-input":{"@type":"PropertyValueSpecification","valueRequired":true,"valueName":"search_term_string"}}],"inLanguage":"en-US"},{"@type":"Organization","@id":"https:\/\/remorqueslabelle.com\/en\/#organization","name":"Remorques Labelle","url":"https:\/\/remorqueslabelle.com\/en\/","logo":{"@type":"ImageObject","inLanguage":"en-US","@id":"https:\/\/remorqueslabelle.com\/en\/#\/schema\/logo\/image\/","url":"https:\/\/remorqueslabelle.com\/wp-content\/uploads\/2020\/10\/Remorques-Labelle.png","contentUrl":"https:\/\/remorqueslabelle.com\/wp-content\/uploads\/2020\/10\/Remorques-Labelle.png","width":499,"height":151,"caption":"Remorques Labelle"},"image":{"@id":"https:\/\/remorqueslabelle.com\/en\/#\/schema\/logo\/image\/"},"sameAs":["https:\/\/www.facebook.com\/remorqueslabellelaval\/","https:\/\/www.youtube.com\/channel\/UCx1odvVQE7tPhbZhHLThmzQ","https:\/\/www.linkedin.com\/company\/remorques-labelle\/","https:\/\/www.instagram.com\/remorqueslabelle\/"]}]}},"_links":{"self":[{"href":"https:\/\/remorqueslabelle.com\/en\/wp-json\/wp\/v2\/product\/31014","targetHints":{"allow":["GET"]}}],"collection":[{"href":"https:\/\/remorqueslabelle.com\/en\/wp-json\/wp\/v2\/product"}],"about":[{"href":"https:\/\/remorqueslabelle.com\/en\/wp-json\/wp\/v2\/types\/product"}],"replies":[{"embeddable":true,"href":"https:\/\/remorqueslabelle.com\/en\/wp-json\/wp\/v2\/comments?post=31014"}],"wp:featuredmedia":[{"embeddable":true,"href":"https:\/\/remorqueslabelle.com\/en\/wp-json\/wp\/v2\/media\/31015"}],"wp:attachment":[{"href":"https:\/\/remorqueslabelle.com\/en\/wp-json\/wp\/v2\/media?parent=31014"}],"wp:term":[{"taxonomy":"product_cat","embeddable":true,"href":"https:\/\/remorqueslabelle.com\/en\/wp-json\/wp\/v2\/product_cat?post=31014"},{"taxonomy":"product_tag","embeddable":true,"href":"https:\/\/remorqueslabelle.com\/en\/wp-json\/wp\/v2\/product_tag?post=31014"}],"curies":[{"name":"wp","href":"https:\/\/api.w.org\/{rel}","templated":true}]}}