{"id":27912,"date":"2025-10-17T13:29:28","date_gmt":"2025-10-17T17:29:28","guid":{"rendered":"https:\/\/remorqueslabelle.com\/?post_type=product&#038;p=27912"},"modified":"2025-10-17T13:34:39","modified_gmt":"2025-10-17T17:34:39","slug":"u-bolt-ht-300-hendrickson","status":"publish","type":"product","link":"https:\/\/remorqueslabelle.com\/en\/produit\/u-bolt-ht-300-hendrickson\/","title":{"rendered":"U-BOLT HT-300 | HENDRICKSON"},"content":{"rendered":"<h1><strong>U-BOLT HT-300<\/strong> | <span style=\"color: #333399;\"><strong><em>HENDRICKSON<\/em><\/strong><\/span><\/h1>\n<h3><span style=\"color: #333399;\"><strong><em><span style=\"color: #000000;\">PI\u00c8CE POUR LES REMORQUES<\/span> CROSS COUNTRY<\/em><\/strong><\/span><\/h3>\n<p>&nbsp;<\/p>\n<ul>\n<li><span style=\"color: #333399;\"><strong>#PI\u00c8CE :<\/strong><\/span> <span style=\"color: #0000ff;\"><strong>S-21140<\/strong><\/span><\/li>\n<li><span style=\"color: #333399;\"><strong>MARQUE :<\/strong><\/span> <em><strong>Hendrickson<\/strong><\/em><\/li>\n<li><span style=\"color: #333399;\"><strong>CAT\u00c9GORIE :<\/strong> <\/span>Essieux suspension tridem<\/li>\n<\/ul>\n<p>&nbsp;<\/p>\n<p>Grande vari\u00e9t\u00e9 de pi\u00e8ces pour votre remorque en disponibilit\u00e9 chez Remorques Labelle. <em><strong>Commandez<span style=\"color: #0000ff;\"> en ligne<\/span> ou <span style=\"color: #0000ff;\">par t\u00e9l\u00e9phone!<\/span><\/strong><\/em> <span style=\"color: #0000ff;\"><strong>450.688.3555<\/strong><\/span><\/p>\n<p>&nbsp;<\/p>\n<p><img decoding=\"async\" class=\"\" src=\"https:\/\/remorqueslabelle.com\/wp-content\/uploads\/2022\/03\/Cross-country.png\" alt=\"Cross Country Trailers | Remorques Labelle\" width=\"241\" height=\"135\" \/>\u00a0 \u00a0 \u00a0 \u00a0 \u00a0 \u00a0 \u00a0 \u00a0 \u00a0 \u00a0 \u00a0<img decoding=\"async\" class=\"\" src=\"https:\/\/www.hendrickson-intl.com\/getattachment\/d625b831-991a-4316-a4c4-f7f3170adb2d\/H-HEND-2C.jpg\" alt=\"Hendrickson - Brand Guidelines &amp; Corporate Logos | Hendrickson\" width=\"298\" height=\"38\" \/><\/p>\n","protected":false},"excerpt":{"rendered":"<p>U-BOLT HT-300 | HENDRICKSON PI\u00c8CE POUR LES REMORQUES CROSS COUNTRY &nbsp; #PI\u00c8CE : S-21140 MARQUE : Hendrickson CAT\u00c9GORIE : Essieux suspension tridem &nbsp; Grande vari\u00e9t\u00e9 de pi\u00e8ces pour votre remorque [&hellip;]<\/p>\n","protected":false},"featured_media":27913,"comment_status":"open","ping_status":"closed","template":"","meta":{"_acf_changed":false},"product_cat":[76],"product_tag":[],"class_list":{"0":"post-27912","1":"product","2":"type-product","3":"status-publish","4":"has-post-thumbnail","6":"product_cat-essieux-et-suspension-du-tridem","8":"first","9":"instock","10":"taxable","11":"shipping-taxable","12":"product-type-simple"},"acf":[],"yoast_head":"<!-- This site is optimized with the Yoast SEO Premium plugin v25.5 (Yoast SEO v25.5) - https:\/\/yoast.com\/wordpress\/plugins\/seo\/ -->\n<title>U-BOLT HT-300 | HENDRICKSON | Remorques Labelle<\/title>\n<meta name=\"description\" content=\"U-BOLT HT-300 | HENDRICKSON | Pi\u00e8ce pour remorque Cross Country disponible! Magasinez en ligne ou par au t\u00e9l\u00e9phone au 450.688.3555 !\" \/>\n<meta name=\"robots\" content=\"index, follow, max-snippet:-1, max-image-preview:large, max-video-preview:-1\" \/>\n<link rel=\"canonical\" href=\"https:\/\/remorqueslabelle.com\/en\/produit\/u-bolt-ht-300-hendrickson\/\" \/>\n<meta property=\"og:locale\" content=\"en_US\" \/>\n<meta property=\"og:type\" content=\"article\" \/>\n<meta property=\"og:title\" content=\"U-BOLT HT-300 | HENDRICKSON\" \/>\n<meta property=\"og:description\" content=\"U-BOLT HT-300 | HENDRICKSON | Pi\u00e8ce pour remorque Cross Country disponible! Magasinez en ligne ou par au t\u00e9l\u00e9phone au 450.688.3555 !\" \/>\n<meta property=\"og:url\" content=\"https:\/\/remorqueslabelle.com\/en\/produit\/u-bolt-ht-300-hendrickson\/\" \/>\n<meta property=\"og:site_name\" content=\"Remorques Labelle\" \/>\n<meta property=\"article:publisher\" content=\"https:\/\/www.facebook.com\/remorqueslabellelaval\/\" \/>\n<meta property=\"article:modified_time\" content=\"2025-10-17T17:34:39+00:00\" \/>\n<meta property=\"og:image\" content=\"https:\/\/remorqueslabelle.com\/wp-content\/uploads\/2025\/10\/U-BOLT-HT-300-Moyenne.jpg\" \/>\n\t<meta property=\"og:image:width\" content=\"887\" \/>\n\t<meta property=\"og:image:height\" content=\"768\" \/>\n\t<meta property=\"og:image:type\" content=\"image\/jpeg\" \/>\n<meta name=\"twitter:card\" content=\"summary_large_image\" \/>\n<meta name=\"twitter:label1\" content=\"Est. reading time\" \/>\n\t<meta name=\"twitter:data1\" content=\"1 minute\" \/>\n<script type=\"application\/ld+json\" class=\"yoast-schema-graph\">{\"@context\":\"https:\/\/schema.org\",\"@graph\":[{\"@type\":\"WebPage\",\"@id\":\"https:\/\/remorqueslabelle.com\/en\/produit\/u-bolt-ht-300-hendrickson\/\",\"url\":\"https:\/\/remorqueslabelle.com\/en\/produit\/u-bolt-ht-300-hendrickson\/\",\"name\":\"U-BOLT HT-300 | HENDRICKSON | Remorques Labelle\",\"isPartOf\":{\"@id\":\"https:\/\/remorqueslabelle.com\/en\/#website\"},\"primaryImageOfPage\":{\"@id\":\"https:\/\/remorqueslabelle.com\/en\/produit\/u-bolt-ht-300-hendrickson\/#primaryimage\"},\"image\":{\"@id\":\"https:\/\/remorqueslabelle.com\/en\/produit\/u-bolt-ht-300-hendrickson\/#primaryimage\"},\"thumbnailUrl\":\"https:\/\/remorqueslabelle.com\/wp-content\/uploads\/2025\/10\/U-BOLT-HT-300-Moyenne.jpg\",\"datePublished\":\"2025-10-17T17:29:28+00:00\",\"dateModified\":\"2025-10-17T17:34:39+00:00\",\"description\":\"U-BOLT HT-300 | HENDRICKSON | Pi\u00e8ce pour remorque Cross Country disponible! Magasinez en ligne ou par au t\u00e9l\u00e9phone au 450.688.3555 !\",\"breadcrumb\":{\"@id\":\"https:\/\/remorqueslabelle.com\/en\/produit\/u-bolt-ht-300-hendrickson\/#breadcrumb\"},\"inLanguage\":\"en-US\",\"potentialAction\":[{\"@type\":\"ReadAction\",\"target\":[\"https:\/\/remorqueslabelle.com\/en\/produit\/u-bolt-ht-300-hendrickson\/\"]}]},{\"@type\":\"ImageObject\",\"inLanguage\":\"en-US\",\"@id\":\"https:\/\/remorqueslabelle.com\/en\/produit\/u-bolt-ht-300-hendrickson\/#primaryimage\",\"url\":\"https:\/\/remorqueslabelle.com\/wp-content\/uploads\/2025\/10\/U-BOLT-HT-300-Moyenne.jpg\",\"contentUrl\":\"https:\/\/remorqueslabelle.com\/wp-content\/uploads\/2025\/10\/U-BOLT-HT-300-Moyenne.jpg\",\"width\":887,\"height\":768,\"caption\":\"u-bolt ht-300 hendrickson\"},{\"@type\":\"BreadcrumbList\",\"@id\":\"https:\/\/remorqueslabelle.com\/en\/produit\/u-bolt-ht-300-hendrickson\/#breadcrumb\",\"itemListElement\":[{\"@type\":\"ListItem\",\"position\":1,\"name\":\"Accueil\",\"item\":\"https:\/\/remorqueslabelle.com\/en\/\"},{\"@type\":\"ListItem\",\"position\":2,\"name\":\"U-BOLT HT-300 | HENDRICKSON\"}]},{\"@type\":\"WebSite\",\"@id\":\"https:\/\/remorqueslabelle.com\/en\/#website\",\"url\":\"https:\/\/remorqueslabelle.com\/en\/\",\"name\":\"Remorques Labelle\",\"description\":\"Concessionnaire de remorques\",\"publisher\":{\"@id\":\"https:\/\/remorqueslabelle.com\/en\/#organization\"},\"potentialAction\":[{\"@type\":\"SearchAction\",\"target\":{\"@type\":\"EntryPoint\",\"urlTemplate\":\"https:\/\/remorqueslabelle.com\/en\/?s={search_term_string}\"},\"query-input\":{\"@type\":\"PropertyValueSpecification\",\"valueRequired\":true,\"valueName\":\"search_term_string\"}}],\"inLanguage\":\"en-US\"},{\"@type\":\"Organization\",\"@id\":\"https:\/\/remorqueslabelle.com\/en\/#organization\",\"name\":\"Remorques Labelle\",\"url\":\"https:\/\/remorqueslabelle.com\/en\/\",\"logo\":{\"@type\":\"ImageObject\",\"inLanguage\":\"en-US\",\"@id\":\"https:\/\/remorqueslabelle.com\/en\/#\/schema\/logo\/image\/\",\"url\":\"https:\/\/remorqueslabelle.com\/wp-content\/uploads\/2020\/10\/Remorques-Labelle.png\",\"contentUrl\":\"https:\/\/remorqueslabelle.com\/wp-content\/uploads\/2020\/10\/Remorques-Labelle.png\",\"width\":499,\"height\":151,\"caption\":\"Remorques Labelle\"},\"image\":{\"@id\":\"https:\/\/remorqueslabelle.com\/en\/#\/schema\/logo\/image\/\"},\"sameAs\":[\"https:\/\/www.facebook.com\/remorqueslabellelaval\/\",\"https:\/\/www.youtube.com\/channel\/UCx1odvVQE7tPhbZhHLThmzQ\",\"https:\/\/www.linkedin.com\/company\/remorques-labelle\/\",\"https:\/\/www.instagram.com\/remorqueslabelle\/\"]}]}<\/script>\n<!-- \/ Yoast SEO Premium plugin. -->","yoast_head_json":{"title":"U-BOLT HT-300 | HENDRICKSON | Remorques Labelle","description":"U-BOLT HT-300 | HENDRICKSON | Pi\u00e8ce pour remorque Cross Country disponible! Magasinez en ligne ou par au t\u00e9l\u00e9phone au 450.688.3555 !","robots":{"index":"index","follow":"follow","max-snippet":"max-snippet:-1","max-image-preview":"max-image-preview:large","max-video-preview":"max-video-preview:-1"},"canonical":"https:\/\/remorqueslabelle.com\/en\/produit\/u-bolt-ht-300-hendrickson\/","og_locale":"en_US","og_type":"article","og_title":"U-BOLT HT-300 | HENDRICKSON","og_description":"U-BOLT HT-300 | HENDRICKSON | Pi\u00e8ce pour remorque Cross Country disponible! Magasinez en ligne ou par au t\u00e9l\u00e9phone au 450.688.3555 !","og_url":"https:\/\/remorqueslabelle.com\/en\/produit\/u-bolt-ht-300-hendrickson\/","og_site_name":"Remorques Labelle","article_publisher":"https:\/\/www.facebook.com\/remorqueslabellelaval\/","article_modified_time":"2025-10-17T17:34:39+00:00","og_image":[{"width":887,"height":768,"url":"https:\/\/remorqueslabelle.com\/wp-content\/uploads\/2025\/10\/U-BOLT-HT-300-Moyenne.jpg","type":"image\/jpeg"}],"twitter_card":"summary_large_image","twitter_misc":{"Est. reading time":"1 minute"},"schema":{"@context":"https:\/\/schema.org","@graph":[{"@type":"WebPage","@id":"https:\/\/remorqueslabelle.com\/en\/produit\/u-bolt-ht-300-hendrickson\/","url":"https:\/\/remorqueslabelle.com\/en\/produit\/u-bolt-ht-300-hendrickson\/","name":"U-BOLT HT-300 | HENDRICKSON | Remorques Labelle","isPartOf":{"@id":"https:\/\/remorqueslabelle.com\/en\/#website"},"primaryImageOfPage":{"@id":"https:\/\/remorqueslabelle.com\/en\/produit\/u-bolt-ht-300-hendrickson\/#primaryimage"},"image":{"@id":"https:\/\/remorqueslabelle.com\/en\/produit\/u-bolt-ht-300-hendrickson\/#primaryimage"},"thumbnailUrl":"https:\/\/remorqueslabelle.com\/wp-content\/uploads\/2025\/10\/U-BOLT-HT-300-Moyenne.jpg","datePublished":"2025-10-17T17:29:28+00:00","dateModified":"2025-10-17T17:34:39+00:00","description":"U-BOLT HT-300 | HENDRICKSON | Pi\u00e8ce pour remorque Cross Country disponible! Magasinez en ligne ou par au t\u00e9l\u00e9phone au 450.688.3555 !","breadcrumb":{"@id":"https:\/\/remorqueslabelle.com\/en\/produit\/u-bolt-ht-300-hendrickson\/#breadcrumb"},"inLanguage":"en-US","potentialAction":[{"@type":"ReadAction","target":["https:\/\/remorqueslabelle.com\/en\/produit\/u-bolt-ht-300-hendrickson\/"]}]},{"@type":"ImageObject","inLanguage":"en-US","@id":"https:\/\/remorqueslabelle.com\/en\/produit\/u-bolt-ht-300-hendrickson\/#primaryimage","url":"https:\/\/remorqueslabelle.com\/wp-content\/uploads\/2025\/10\/U-BOLT-HT-300-Moyenne.jpg","contentUrl":"https:\/\/remorqueslabelle.com\/wp-content\/uploads\/2025\/10\/U-BOLT-HT-300-Moyenne.jpg","width":887,"height":768,"caption":"u-bolt ht-300 hendrickson"},{"@type":"BreadcrumbList","@id":"https:\/\/remorqueslabelle.com\/en\/produit\/u-bolt-ht-300-hendrickson\/#breadcrumb","itemListElement":[{"@type":"ListItem","position":1,"name":"Accueil","item":"https:\/\/remorqueslabelle.com\/en\/"},{"@type":"ListItem","position":2,"name":"U-BOLT HT-300 | HENDRICKSON"}]},{"@type":"WebSite","@id":"https:\/\/remorqueslabelle.com\/en\/#website","url":"https:\/\/remorqueslabelle.com\/en\/","name":"Remorques Labelle","description":"Concessionnaire de remorques","publisher":{"@id":"https:\/\/remorqueslabelle.com\/en\/#organization"},"potentialAction":[{"@type":"SearchAction","target":{"@type":"EntryPoint","urlTemplate":"https:\/\/remorqueslabelle.com\/en\/?s={search_term_string}"},"query-input":{"@type":"PropertyValueSpecification","valueRequired":true,"valueName":"search_term_string"}}],"inLanguage":"en-US"},{"@type":"Organization","@id":"https:\/\/remorqueslabelle.com\/en\/#organization","name":"Remorques Labelle","url":"https:\/\/remorqueslabelle.com\/en\/","logo":{"@type":"ImageObject","inLanguage":"en-US","@id":"https:\/\/remorqueslabelle.com\/en\/#\/schema\/logo\/image\/","url":"https:\/\/remorqueslabelle.com\/wp-content\/uploads\/2020\/10\/Remorques-Labelle.png","contentUrl":"https:\/\/remorqueslabelle.com\/wp-content\/uploads\/2020\/10\/Remorques-Labelle.png","width":499,"height":151,"caption":"Remorques Labelle"},"image":{"@id":"https:\/\/remorqueslabelle.com\/en\/#\/schema\/logo\/image\/"},"sameAs":["https:\/\/www.facebook.com\/remorqueslabellelaval\/","https:\/\/www.youtube.com\/channel\/UCx1odvVQE7tPhbZhHLThmzQ","https:\/\/www.linkedin.com\/company\/remorques-labelle\/","https:\/\/www.instagram.com\/remorqueslabelle\/"]}]}},"_links":{"self":[{"href":"https:\/\/remorqueslabelle.com\/en\/wp-json\/wp\/v2\/product\/27912","targetHints":{"allow":["GET"]}}],"collection":[{"href":"https:\/\/remorqueslabelle.com\/en\/wp-json\/wp\/v2\/product"}],"about":[{"href":"https:\/\/remorqueslabelle.com\/en\/wp-json\/wp\/v2\/types\/product"}],"replies":[{"embeddable":true,"href":"https:\/\/remorqueslabelle.com\/en\/wp-json\/wp\/v2\/comments?post=27912"}],"wp:featuredmedia":[{"embeddable":true,"href":"https:\/\/remorqueslabelle.com\/en\/wp-json\/wp\/v2\/media\/27913"}],"wp:attachment":[{"href":"https:\/\/remorqueslabelle.com\/en\/wp-json\/wp\/v2\/media?parent=27912"}],"wp:term":[{"taxonomy":"product_cat","embeddable":true,"href":"https:\/\/remorqueslabelle.com\/en\/wp-json\/wp\/v2\/product_cat?post=27912"},{"taxonomy":"product_tag","embeddable":true,"href":"https:\/\/remorqueslabelle.com\/en\/wp-json\/wp\/v2\/product_tag?post=27912"}],"curies":[{"name":"wp","href":"https:\/\/api.w.org\/{rel}","templated":true}]}}