{"id":26229,"date":"2025-09-09T16:11:14","date_gmt":"2025-09-09T20:11:14","guid":{"rendered":"https:\/\/remorqueslabelle.com\/?post_type=product&#038;p=26229"},"modified":"2025-12-30T10:54:38","modified_gmt":"2025-12-30T15:54:38","slug":"manivelle-houle-plastique","status":"publish","type":"product","link":"https:\/\/remorqueslabelle.com\/en\/produit\/manivelle-houle-plastique\/","title":{"rendered":"MANIVELLE HOULE PLASTIQUE"},"content":{"rendered":"<h1><strong><span style=\"color: #000000;\">MANIVELLE HOULE PLASTIQUE<\/span><\/strong><\/h1>\n<h3><em><strong>PI\u00c8CE POUR REMORQUES<span style=\"color: #000080;\"> CROSS COUNTRY<span style=\"color: #3366ff;\"> COBRA<\/span><\/span><\/strong><\/em><\/h3>\n<p>&nbsp;<\/p>\n<ul>\n<li><strong><span style=\"color: #000080;\">#PI\u00c8CE:<\/span> <span style=\"color: #0000ff;\">MA-101-P<\/span><\/strong><\/li>\n<li><span style=\"color: #333399;\"><strong>LOCALISATION:<\/strong><\/span> <span style=\"color: #ff6600;\"><strong>2.09.09.06<\/strong><\/span><\/li>\n<li><strong><span style=\"color: #000080;\">PRIX:<\/span><span style=\"color: #008080;\"> 223.08$ (+tx)<\/span><\/strong><\/li>\n<li><strong><span style=\"color: #000080;\">CAT\u00c9GORIE:<\/span> TOILE<\/strong><\/li>\n<\/ul>\n<p>&nbsp;<\/p>\n<p>Grande s\u00e9lection de pi\u00e8ces pour remorques disponible chez Remorques Labelle! <strong>Appelez-nous<\/strong> au<strong><span style=\"color: #0000ff;\"> 450 688-3555<\/span> <\/strong>ou <strong>commandez en ligne!<\/strong><\/p>\n<p><img decoding=\"async\" class=\"\" src=\"https:\/\/www.ecitrucks.com\/images\/ecitrucks-brand-cross-country.png\" alt=\"Trailer Manufacturers | East Coast International Trucks, Inc. | Moncton New Brunswick\" width=\"454\" height=\"87\" \/><img decoding=\"async\" class=\"\" src=\"https:\/\/remorqueslabelle.com\/wp-content\/uploads\/2022\/03\/Cobra-375-X-135.png\" alt=\"Remorque Cobra Dumper aluminum| Remorques Labelle\" width=\"191\" height=\"107\" \/><\/p>\n","protected":false},"excerpt":{"rendered":"<p>MANIVELLE HOULE PLASTIQUE PI\u00c8CE POUR REMORQUES CROSS COUNTRY COBRA &nbsp; #PI\u00c8CE: MA-101-P LOCALISATION: 2.09.09.06 PRIX: 223.08$ (+tx) CAT\u00c9GORIE: TOILE &nbsp; Grande s\u00e9lection de pi\u00e8ces pour remorques disponible chez Remorques Labelle! [&hellip;]<\/p>\n","protected":false},"featured_media":26246,"comment_status":"open","ping_status":"closed","template":"","meta":{"_acf_changed":false},"product_cat":[68],"product_tag":[],"class_list":{"0":"post-26229","1":"product","2":"type-product","3":"status-publish","4":"has-post-thumbnail","6":"product_cat-toile","8":"first","9":"instock","10":"taxable","11":"shipping-taxable","12":"purchasable","13":"product-type-simple"},"acf":[],"yoast_head":"<!-- This site is optimized with the Yoast SEO Premium plugin v25.5 (Yoast SEO v25.5) - https:\/\/yoast.com\/wordpress\/plugins\/seo\/ -->\n<title>MANIVELLE HOULE PLASTIQUE | Remorques Labelle<\/title>\n<meta name=\"description\" content=\"MANIVELLE HOULE PLASTIQUE | Pi\u00e8ce pour remorques Cross Country et Cobra | Appelez-nous au 450 688-3555 ou commandez en ligne!\" \/>\n<meta name=\"robots\" content=\"index, follow, max-snippet:-1, max-image-preview:large, max-video-preview:-1\" \/>\n<link rel=\"canonical\" href=\"https:\/\/remorqueslabelle.com\/en\/produit\/manivelle-houle-plastique\/\" \/>\n<meta property=\"og:locale\" content=\"en_US\" \/>\n<meta property=\"og:type\" content=\"article\" \/>\n<meta property=\"og:title\" content=\"MANIVELLE HOULE PLASTIQUE\" \/>\n<meta property=\"og:description\" content=\"MANIVELLE HOULE PLASTIQUE | Pi\u00e8ce pour remorques Cross Country et Cobra | Appelez-nous au 450 688-3555 ou commandez en ligne!\" \/>\n<meta property=\"og:url\" content=\"https:\/\/remorqueslabelle.com\/en\/produit\/manivelle-houle-plastique\/\" \/>\n<meta property=\"og:site_name\" content=\"Remorques Labelle\" \/>\n<meta property=\"article:publisher\" content=\"https:\/\/www.facebook.com\/remorqueslabellelaval\/\" \/>\n<meta property=\"article:modified_time\" content=\"2025-12-30T15:54:38+00:00\" \/>\n<meta property=\"og:image\" content=\"https:\/\/remorqueslabelle.com\/wp-content\/uploads\/2025\/09\/2-Moyenne-6.jpg\" \/>\n\t<meta property=\"og:image:width\" content=\"916\" \/>\n\t<meta property=\"og:image:height\" content=\"768\" \/>\n\t<meta property=\"og:image:type\" content=\"image\/jpeg\" \/>\n<meta name=\"twitter:card\" content=\"summary_large_image\" \/>\n<meta name=\"twitter:label1\" content=\"Est. reading time\" \/>\n\t<meta name=\"twitter:data1\" content=\"1 minute\" \/>\n<script type=\"application\/ld+json\" class=\"yoast-schema-graph\">{\"@context\":\"https:\/\/schema.org\",\"@graph\":[{\"@type\":\"WebPage\",\"@id\":\"https:\/\/remorqueslabelle.com\/en\/produit\/manivelle-houle-plastique\/\",\"url\":\"https:\/\/remorqueslabelle.com\/en\/produit\/manivelle-houle-plastique\/\",\"name\":\"MANIVELLE HOULE PLASTIQUE | Remorques Labelle\",\"isPartOf\":{\"@id\":\"https:\/\/remorqueslabelle.com\/en\/#website\"},\"primaryImageOfPage\":{\"@id\":\"https:\/\/remorqueslabelle.com\/en\/produit\/manivelle-houle-plastique\/#primaryimage\"},\"image\":{\"@id\":\"https:\/\/remorqueslabelle.com\/en\/produit\/manivelle-houle-plastique\/#primaryimage\"},\"thumbnailUrl\":\"https:\/\/remorqueslabelle.com\/wp-content\/uploads\/2025\/09\/2-Moyenne-6.jpg\",\"datePublished\":\"2025-09-09T20:11:14+00:00\",\"dateModified\":\"2025-12-30T15:54:38+00:00\",\"description\":\"MANIVELLE HOULE PLASTIQUE | Pi\u00e8ce pour remorques Cross Country et Cobra | Appelez-nous au 450 688-3555 ou commandez en ligne!\",\"breadcrumb\":{\"@id\":\"https:\/\/remorqueslabelle.com\/en\/produit\/manivelle-houle-plastique\/#breadcrumb\"},\"inLanguage\":\"en-US\",\"potentialAction\":[{\"@type\":\"ReadAction\",\"target\":[\"https:\/\/remorqueslabelle.com\/en\/produit\/manivelle-houle-plastique\/\"]}]},{\"@type\":\"ImageObject\",\"inLanguage\":\"en-US\",\"@id\":\"https:\/\/remorqueslabelle.com\/en\/produit\/manivelle-houle-plastique\/#primaryimage\",\"url\":\"https:\/\/remorqueslabelle.com\/wp-content\/uploads\/2025\/09\/2-Moyenne-6.jpg\",\"contentUrl\":\"https:\/\/remorqueslabelle.com\/wp-content\/uploads\/2025\/09\/2-Moyenne-6.jpg\",\"width\":916,\"height\":768},{\"@type\":\"BreadcrumbList\",\"@id\":\"https:\/\/remorqueslabelle.com\/en\/produit\/manivelle-houle-plastique\/#breadcrumb\",\"itemListElement\":[{\"@type\":\"ListItem\",\"position\":1,\"name\":\"Accueil\",\"item\":\"https:\/\/remorqueslabelle.com\/en\/\"},{\"@type\":\"ListItem\",\"position\":2,\"name\":\"MANIVELLE HOULE PLASTIQUE\"}]},{\"@type\":\"WebSite\",\"@id\":\"https:\/\/remorqueslabelle.com\/en\/#website\",\"url\":\"https:\/\/remorqueslabelle.com\/en\/\",\"name\":\"Remorques Labelle\",\"description\":\"Concessionnaire de remorques\",\"publisher\":{\"@id\":\"https:\/\/remorqueslabelle.com\/en\/#organization\"},\"potentialAction\":[{\"@type\":\"SearchAction\",\"target\":{\"@type\":\"EntryPoint\",\"urlTemplate\":\"https:\/\/remorqueslabelle.com\/en\/?s={search_term_string}\"},\"query-input\":{\"@type\":\"PropertyValueSpecification\",\"valueRequired\":true,\"valueName\":\"search_term_string\"}}],\"inLanguage\":\"en-US\"},{\"@type\":\"Organization\",\"@id\":\"https:\/\/remorqueslabelle.com\/en\/#organization\",\"name\":\"Remorques Labelle\",\"url\":\"https:\/\/remorqueslabelle.com\/en\/\",\"logo\":{\"@type\":\"ImageObject\",\"inLanguage\":\"en-US\",\"@id\":\"https:\/\/remorqueslabelle.com\/en\/#\/schema\/logo\/image\/\",\"url\":\"https:\/\/remorqueslabelle.com\/wp-content\/uploads\/2020\/10\/Remorques-Labelle.png\",\"contentUrl\":\"https:\/\/remorqueslabelle.com\/wp-content\/uploads\/2020\/10\/Remorques-Labelle.png\",\"width\":499,\"height\":151,\"caption\":\"Remorques Labelle\"},\"image\":{\"@id\":\"https:\/\/remorqueslabelle.com\/en\/#\/schema\/logo\/image\/\"},\"sameAs\":[\"https:\/\/www.facebook.com\/remorqueslabellelaval\/\",\"https:\/\/www.youtube.com\/channel\/UCx1odvVQE7tPhbZhHLThmzQ\",\"https:\/\/www.linkedin.com\/company\/remorques-labelle\/\",\"https:\/\/www.instagram.com\/remorqueslabelle\/\"]}]}<\/script>\n<!-- \/ Yoast SEO Premium plugin. -->","yoast_head_json":{"title":"MANIVELLE HOULE PLASTIQUE | Remorques Labelle","description":"MANIVELLE HOULE PLASTIQUE | Pi\u00e8ce pour remorques Cross Country et Cobra | Appelez-nous au 450 688-3555 ou commandez en ligne!","robots":{"index":"index","follow":"follow","max-snippet":"max-snippet:-1","max-image-preview":"max-image-preview:large","max-video-preview":"max-video-preview:-1"},"canonical":"https:\/\/remorqueslabelle.com\/en\/produit\/manivelle-houle-plastique\/","og_locale":"en_US","og_type":"article","og_title":"MANIVELLE HOULE PLASTIQUE","og_description":"MANIVELLE HOULE PLASTIQUE | Pi\u00e8ce pour remorques Cross Country et Cobra | Appelez-nous au 450 688-3555 ou commandez en ligne!","og_url":"https:\/\/remorqueslabelle.com\/en\/produit\/manivelle-houle-plastique\/","og_site_name":"Remorques Labelle","article_publisher":"https:\/\/www.facebook.com\/remorqueslabellelaval\/","article_modified_time":"2025-12-30T15:54:38+00:00","og_image":[{"width":916,"height":768,"url":"https:\/\/remorqueslabelle.com\/wp-content\/uploads\/2025\/09\/2-Moyenne-6.jpg","type":"image\/jpeg"}],"twitter_card":"summary_large_image","twitter_misc":{"Est. reading time":"1 minute"},"schema":{"@context":"https:\/\/schema.org","@graph":[{"@type":"WebPage","@id":"https:\/\/remorqueslabelle.com\/en\/produit\/manivelle-houle-plastique\/","url":"https:\/\/remorqueslabelle.com\/en\/produit\/manivelle-houle-plastique\/","name":"MANIVELLE HOULE PLASTIQUE | Remorques Labelle","isPartOf":{"@id":"https:\/\/remorqueslabelle.com\/en\/#website"},"primaryImageOfPage":{"@id":"https:\/\/remorqueslabelle.com\/en\/produit\/manivelle-houle-plastique\/#primaryimage"},"image":{"@id":"https:\/\/remorqueslabelle.com\/en\/produit\/manivelle-houle-plastique\/#primaryimage"},"thumbnailUrl":"https:\/\/remorqueslabelle.com\/wp-content\/uploads\/2025\/09\/2-Moyenne-6.jpg","datePublished":"2025-09-09T20:11:14+00:00","dateModified":"2025-12-30T15:54:38+00:00","description":"MANIVELLE HOULE PLASTIQUE | Pi\u00e8ce pour remorques Cross Country et Cobra | Appelez-nous au 450 688-3555 ou commandez en ligne!","breadcrumb":{"@id":"https:\/\/remorqueslabelle.com\/en\/produit\/manivelle-houle-plastique\/#breadcrumb"},"inLanguage":"en-US","potentialAction":[{"@type":"ReadAction","target":["https:\/\/remorqueslabelle.com\/en\/produit\/manivelle-houle-plastique\/"]}]},{"@type":"ImageObject","inLanguage":"en-US","@id":"https:\/\/remorqueslabelle.com\/en\/produit\/manivelle-houle-plastique\/#primaryimage","url":"https:\/\/remorqueslabelle.com\/wp-content\/uploads\/2025\/09\/2-Moyenne-6.jpg","contentUrl":"https:\/\/remorqueslabelle.com\/wp-content\/uploads\/2025\/09\/2-Moyenne-6.jpg","width":916,"height":768},{"@type":"BreadcrumbList","@id":"https:\/\/remorqueslabelle.com\/en\/produit\/manivelle-houle-plastique\/#breadcrumb","itemListElement":[{"@type":"ListItem","position":1,"name":"Accueil","item":"https:\/\/remorqueslabelle.com\/en\/"},{"@type":"ListItem","position":2,"name":"MANIVELLE HOULE PLASTIQUE"}]},{"@type":"WebSite","@id":"https:\/\/remorqueslabelle.com\/en\/#website","url":"https:\/\/remorqueslabelle.com\/en\/","name":"Remorques Labelle","description":"Concessionnaire de remorques","publisher":{"@id":"https:\/\/remorqueslabelle.com\/en\/#organization"},"potentialAction":[{"@type":"SearchAction","target":{"@type":"EntryPoint","urlTemplate":"https:\/\/remorqueslabelle.com\/en\/?s={search_term_string}"},"query-input":{"@type":"PropertyValueSpecification","valueRequired":true,"valueName":"search_term_string"}}],"inLanguage":"en-US"},{"@type":"Organization","@id":"https:\/\/remorqueslabelle.com\/en\/#organization","name":"Remorques Labelle","url":"https:\/\/remorqueslabelle.com\/en\/","logo":{"@type":"ImageObject","inLanguage":"en-US","@id":"https:\/\/remorqueslabelle.com\/en\/#\/schema\/logo\/image\/","url":"https:\/\/remorqueslabelle.com\/wp-content\/uploads\/2020\/10\/Remorques-Labelle.png","contentUrl":"https:\/\/remorqueslabelle.com\/wp-content\/uploads\/2020\/10\/Remorques-Labelle.png","width":499,"height":151,"caption":"Remorques Labelle"},"image":{"@id":"https:\/\/remorqueslabelle.com\/en\/#\/schema\/logo\/image\/"},"sameAs":["https:\/\/www.facebook.com\/remorqueslabellelaval\/","https:\/\/www.youtube.com\/channel\/UCx1odvVQE7tPhbZhHLThmzQ","https:\/\/www.linkedin.com\/company\/remorques-labelle\/","https:\/\/www.instagram.com\/remorqueslabelle\/"]}]}},"_links":{"self":[{"href":"https:\/\/remorqueslabelle.com\/en\/wp-json\/wp\/v2\/product\/26229","targetHints":{"allow":["GET"]}}],"collection":[{"href":"https:\/\/remorqueslabelle.com\/en\/wp-json\/wp\/v2\/product"}],"about":[{"href":"https:\/\/remorqueslabelle.com\/en\/wp-json\/wp\/v2\/types\/product"}],"replies":[{"embeddable":true,"href":"https:\/\/remorqueslabelle.com\/en\/wp-json\/wp\/v2\/comments?post=26229"}],"wp:featuredmedia":[{"embeddable":true,"href":"https:\/\/remorqueslabelle.com\/en\/wp-json\/wp\/v2\/media\/26246"}],"wp:attachment":[{"href":"https:\/\/remorqueslabelle.com\/en\/wp-json\/wp\/v2\/media?parent=26229"}],"wp:term":[{"taxonomy":"product_cat","embeddable":true,"href":"https:\/\/remorqueslabelle.com\/en\/wp-json\/wp\/v2\/product_cat?post=26229"},{"taxonomy":"product_tag","embeddable":true,"href":"https:\/\/remorqueslabelle.com\/en\/wp-json\/wp\/v2\/product_tag?post=26229"}],"curies":[{"name":"wp","href":"https:\/\/api.w.org\/{rel}","templated":true}]}}