{"id":20364,"date":"2024-08-13T09:31:46","date_gmt":"2024-08-13T13:31:46","guid":{"rendered":"https:\/\/remorqueslabelle.com\/produit\/poignee-porte-a-grain-rl-02s-04-copy-copy-copy-copy\/"},"modified":"2025-05-21T16:48:24","modified_gmt":"2025-05-21T20:48:24","slug":"yoke-cobra-223-040","status":"publish","type":"product","link":"https:\/\/remorqueslabelle.com\/en\/produit\/yoke-cobra-223-040\/","title":{"rendered":"YOKE | COBRA 223 040"},"content":{"rendered":"<h1>YOKE |<span style=\"color: #333399;\"><strong> COBRA<\/strong><\/span><\/h1>\n<h2><strong><span style=\"color: #333399;\"># PI\u00c8CE :<\/span> 223 040<\/strong><\/h2>\n<p>Plusieurs pi\u00e8ces pour remorque Cobra disponibles chez<em>\u00a0Remorques Labelle<\/em>!<\/p>\n<p><strong>Commandez en ligne ou appelez-nous au<\/strong><span style=\"color: #0000ff;\">\u00a0<strong>450 688-3555<\/strong>\u00a0<strong>!<\/strong><\/span><\/p>\n<p><img decoding=\"async\" class=\"\" src=\"https:\/\/remorqueslabelle.com\/wp-content\/uploads\/2022\/03\/Cobra-375-X-135.png\" alt=\"Remorque Cobra Dumper aluminum| Remorques Labelle\" width=\"201\" height=\"113\" \/><\/p>\n","protected":false},"excerpt":{"rendered":"<p>YOKE | COBRA # PI\u00c8CE : 223 040 Plusieurs pi\u00e8ces pour remorque Cobra disponibles chez\u00a0Remorques Labelle! Commandez en ligne ou appelez-nous au\u00a0450 688-3555\u00a0!<\/p>\n","protected":false},"featured_media":7810,"comment_status":"open","ping_status":"closed","template":"","meta":{"_acf_changed":false},"product_cat":[67],"product_tag":[],"class_list":{"0":"post-20364","1":"product","2":"type-product","3":"status-publish","4":"has-post-thumbnail","6":"product_cat-tailgate","8":"first","9":"instock","10":"taxable","11":"shipping-taxable","12":"product-type-simple"},"acf":[],"yoast_head":"<!-- This site is optimized with the Yoast SEO Premium plugin v25.5 (Yoast SEO v25.5) - https:\/\/yoast.com\/wordpress\/plugins\/seo\/ -->\n<title>YOKE | COBRA 223 040 | Remorques Labelle<\/title>\n<meta name=\"description\" content=\"YOKE | Pi\u00e8ce pour remorque de la marque COBRA | Plusieurs pi\u00e8ces pour remorque disponible! | Magasinez en ligne d\u00e8s aujourd&#039;hui!\" \/>\n<meta name=\"robots\" content=\"index, follow, max-snippet:-1, max-image-preview:large, max-video-preview:-1\" \/>\n<link rel=\"canonical\" href=\"https:\/\/remorqueslabelle.com\/en\/produit\/yoke-cobra-223-040\/\" \/>\n<meta property=\"og:locale\" content=\"en_US\" \/>\n<meta property=\"og:type\" content=\"article\" \/>\n<meta property=\"og:title\" content=\"YOKE | COBRA 223 040\" \/>\n<meta property=\"og:description\" content=\"YOKE | Pi\u00e8ce pour remorque de la marque COBRA | Plusieurs pi\u00e8ces pour remorque disponible! | Magasinez en ligne d\u00e8s aujourd&#039;hui!\" \/>\n<meta property=\"og:url\" content=\"https:\/\/remorqueslabelle.com\/en\/produit\/yoke-cobra-223-040\/\" \/>\n<meta property=\"og:site_name\" content=\"Remorques Labelle\" \/>\n<meta property=\"article:publisher\" content=\"https:\/\/www.facebook.com\/remorqueslabellelaval\/\" \/>\n<meta property=\"article:modified_time\" content=\"2025-05-21T20:48:24+00:00\" \/>\n<meta property=\"og:image\" content=\"https:\/\/remorqueslabelle.com\/wp-content\/uploads\/2023\/05\/RL-02S-04.jpg\" \/>\n\t<meta property=\"og:image:width\" content=\"1024\" \/>\n\t<meta property=\"og:image:height\" content=\"768\" \/>\n\t<meta property=\"og:image:type\" content=\"image\/jpeg\" \/>\n<meta name=\"twitter:card\" content=\"summary_large_image\" \/>\n<meta name=\"twitter:label1\" content=\"Est. reading time\" \/>\n\t<meta name=\"twitter:data1\" content=\"1 minute\" \/>\n<script type=\"application\/ld+json\" class=\"yoast-schema-graph\">{\"@context\":\"https:\/\/schema.org\",\"@graph\":[{\"@type\":\"WebPage\",\"@id\":\"https:\/\/remorqueslabelle.com\/en\/produit\/yoke-cobra-223-040\/\",\"url\":\"https:\/\/remorqueslabelle.com\/en\/produit\/yoke-cobra-223-040\/\",\"name\":\"YOKE | COBRA 223 040 | Remorques Labelle\",\"isPartOf\":{\"@id\":\"https:\/\/remorqueslabelle.com\/en\/#website\"},\"primaryImageOfPage\":{\"@id\":\"https:\/\/remorqueslabelle.com\/en\/produit\/yoke-cobra-223-040\/#primaryimage\"},\"image\":{\"@id\":\"https:\/\/remorqueslabelle.com\/en\/produit\/yoke-cobra-223-040\/#primaryimage\"},\"thumbnailUrl\":\"https:\/\/remorqueslabelle.com\/wp-content\/uploads\/2023\/05\/RL-02S-04.jpg\",\"datePublished\":\"2024-08-13T13:31:46+00:00\",\"dateModified\":\"2025-05-21T20:48:24+00:00\",\"description\":\"YOKE | Pi\u00e8ce pour remorque de la marque COBRA | Plusieurs pi\u00e8ces pour remorque disponible! | Magasinez en ligne d\u00e8s aujourd'hui!\",\"breadcrumb\":{\"@id\":\"https:\/\/remorqueslabelle.com\/en\/produit\/yoke-cobra-223-040\/#breadcrumb\"},\"inLanguage\":\"en-US\",\"potentialAction\":[{\"@type\":\"ReadAction\",\"target\":[\"https:\/\/remorqueslabelle.com\/en\/produit\/yoke-cobra-223-040\/\"]}]},{\"@type\":\"ImageObject\",\"inLanguage\":\"en-US\",\"@id\":\"https:\/\/remorqueslabelle.com\/en\/produit\/yoke-cobra-223-040\/#primaryimage\",\"url\":\"https:\/\/remorqueslabelle.com\/wp-content\/uploads\/2023\/05\/RL-02S-04.jpg\",\"contentUrl\":\"https:\/\/remorqueslabelle.com\/wp-content\/uploads\/2023\/05\/RL-02S-04.jpg\",\"width\":1024,\"height\":768},{\"@type\":\"BreadcrumbList\",\"@id\":\"https:\/\/remorqueslabelle.com\/en\/produit\/yoke-cobra-223-040\/#breadcrumb\",\"itemListElement\":[{\"@type\":\"ListItem\",\"position\":1,\"name\":\"Accueil\",\"item\":\"https:\/\/remorqueslabelle.com\/en\/\"},{\"@type\":\"ListItem\",\"position\":2,\"name\":\"YOKE | COBRA 223 040\"}]},{\"@type\":\"WebSite\",\"@id\":\"https:\/\/remorqueslabelle.com\/en\/#website\",\"url\":\"https:\/\/remorqueslabelle.com\/en\/\",\"name\":\"Remorques Labelle\",\"description\":\"Concessionnaire de remorques\",\"publisher\":{\"@id\":\"https:\/\/remorqueslabelle.com\/en\/#organization\"},\"potentialAction\":[{\"@type\":\"SearchAction\",\"target\":{\"@type\":\"EntryPoint\",\"urlTemplate\":\"https:\/\/remorqueslabelle.com\/en\/?s={search_term_string}\"},\"query-input\":{\"@type\":\"PropertyValueSpecification\",\"valueRequired\":true,\"valueName\":\"search_term_string\"}}],\"inLanguage\":\"en-US\"},{\"@type\":\"Organization\",\"@id\":\"https:\/\/remorqueslabelle.com\/en\/#organization\",\"name\":\"Remorques Labelle\",\"url\":\"https:\/\/remorqueslabelle.com\/en\/\",\"logo\":{\"@type\":\"ImageObject\",\"inLanguage\":\"en-US\",\"@id\":\"https:\/\/remorqueslabelle.com\/en\/#\/schema\/logo\/image\/\",\"url\":\"https:\/\/remorqueslabelle.com\/wp-content\/uploads\/2020\/10\/Remorques-Labelle.png\",\"contentUrl\":\"https:\/\/remorqueslabelle.com\/wp-content\/uploads\/2020\/10\/Remorques-Labelle.png\",\"width\":499,\"height\":151,\"caption\":\"Remorques Labelle\"},\"image\":{\"@id\":\"https:\/\/remorqueslabelle.com\/en\/#\/schema\/logo\/image\/\"},\"sameAs\":[\"https:\/\/www.facebook.com\/remorqueslabellelaval\/\",\"https:\/\/www.youtube.com\/channel\/UCx1odvVQE7tPhbZhHLThmzQ\",\"https:\/\/www.linkedin.com\/company\/remorques-labelle\/\",\"https:\/\/www.instagram.com\/remorqueslabelle\/\"]}]}<\/script>\n<!-- \/ Yoast SEO Premium plugin. -->","yoast_head_json":{"title":"YOKE | COBRA 223 040 | Remorques Labelle","description":"YOKE | Pi\u00e8ce pour remorque de la marque COBRA | Plusieurs pi\u00e8ces pour remorque disponible! | Magasinez en ligne d\u00e8s aujourd'hui!","robots":{"index":"index","follow":"follow","max-snippet":"max-snippet:-1","max-image-preview":"max-image-preview:large","max-video-preview":"max-video-preview:-1"},"canonical":"https:\/\/remorqueslabelle.com\/en\/produit\/yoke-cobra-223-040\/","og_locale":"en_US","og_type":"article","og_title":"YOKE | COBRA 223 040","og_description":"YOKE | Pi\u00e8ce pour remorque de la marque COBRA | Plusieurs pi\u00e8ces pour remorque disponible! | Magasinez en ligne d\u00e8s aujourd'hui!","og_url":"https:\/\/remorqueslabelle.com\/en\/produit\/yoke-cobra-223-040\/","og_site_name":"Remorques Labelle","article_publisher":"https:\/\/www.facebook.com\/remorqueslabellelaval\/","article_modified_time":"2025-05-21T20:48:24+00:00","og_image":[{"width":1024,"height":768,"url":"https:\/\/remorqueslabelle.com\/wp-content\/uploads\/2023\/05\/RL-02S-04.jpg","type":"image\/jpeg"}],"twitter_card":"summary_large_image","twitter_misc":{"Est. reading time":"1 minute"},"schema":{"@context":"https:\/\/schema.org","@graph":[{"@type":"WebPage","@id":"https:\/\/remorqueslabelle.com\/en\/produit\/yoke-cobra-223-040\/","url":"https:\/\/remorqueslabelle.com\/en\/produit\/yoke-cobra-223-040\/","name":"YOKE | COBRA 223 040 | Remorques Labelle","isPartOf":{"@id":"https:\/\/remorqueslabelle.com\/en\/#website"},"primaryImageOfPage":{"@id":"https:\/\/remorqueslabelle.com\/en\/produit\/yoke-cobra-223-040\/#primaryimage"},"image":{"@id":"https:\/\/remorqueslabelle.com\/en\/produit\/yoke-cobra-223-040\/#primaryimage"},"thumbnailUrl":"https:\/\/remorqueslabelle.com\/wp-content\/uploads\/2023\/05\/RL-02S-04.jpg","datePublished":"2024-08-13T13:31:46+00:00","dateModified":"2025-05-21T20:48:24+00:00","description":"YOKE | Pi\u00e8ce pour remorque de la marque COBRA | Plusieurs pi\u00e8ces pour remorque disponible! | Magasinez en ligne d\u00e8s aujourd'hui!","breadcrumb":{"@id":"https:\/\/remorqueslabelle.com\/en\/produit\/yoke-cobra-223-040\/#breadcrumb"},"inLanguage":"en-US","potentialAction":[{"@type":"ReadAction","target":["https:\/\/remorqueslabelle.com\/en\/produit\/yoke-cobra-223-040\/"]}]},{"@type":"ImageObject","inLanguage":"en-US","@id":"https:\/\/remorqueslabelle.com\/en\/produit\/yoke-cobra-223-040\/#primaryimage","url":"https:\/\/remorqueslabelle.com\/wp-content\/uploads\/2023\/05\/RL-02S-04.jpg","contentUrl":"https:\/\/remorqueslabelle.com\/wp-content\/uploads\/2023\/05\/RL-02S-04.jpg","width":1024,"height":768},{"@type":"BreadcrumbList","@id":"https:\/\/remorqueslabelle.com\/en\/produit\/yoke-cobra-223-040\/#breadcrumb","itemListElement":[{"@type":"ListItem","position":1,"name":"Accueil","item":"https:\/\/remorqueslabelle.com\/en\/"},{"@type":"ListItem","position":2,"name":"YOKE | COBRA 223 040"}]},{"@type":"WebSite","@id":"https:\/\/remorqueslabelle.com\/en\/#website","url":"https:\/\/remorqueslabelle.com\/en\/","name":"Remorques Labelle","description":"Concessionnaire de remorques","publisher":{"@id":"https:\/\/remorqueslabelle.com\/en\/#organization"},"potentialAction":[{"@type":"SearchAction","target":{"@type":"EntryPoint","urlTemplate":"https:\/\/remorqueslabelle.com\/en\/?s={search_term_string}"},"query-input":{"@type":"PropertyValueSpecification","valueRequired":true,"valueName":"search_term_string"}}],"inLanguage":"en-US"},{"@type":"Organization","@id":"https:\/\/remorqueslabelle.com\/en\/#organization","name":"Remorques Labelle","url":"https:\/\/remorqueslabelle.com\/en\/","logo":{"@type":"ImageObject","inLanguage":"en-US","@id":"https:\/\/remorqueslabelle.com\/en\/#\/schema\/logo\/image\/","url":"https:\/\/remorqueslabelle.com\/wp-content\/uploads\/2020\/10\/Remorques-Labelle.png","contentUrl":"https:\/\/remorqueslabelle.com\/wp-content\/uploads\/2020\/10\/Remorques-Labelle.png","width":499,"height":151,"caption":"Remorques Labelle"},"image":{"@id":"https:\/\/remorqueslabelle.com\/en\/#\/schema\/logo\/image\/"},"sameAs":["https:\/\/www.facebook.com\/remorqueslabellelaval\/","https:\/\/www.youtube.com\/channel\/UCx1odvVQE7tPhbZhHLThmzQ","https:\/\/www.linkedin.com\/company\/remorques-labelle\/","https:\/\/www.instagram.com\/remorqueslabelle\/"]}]}},"_links":{"self":[{"href":"https:\/\/remorqueslabelle.com\/en\/wp-json\/wp\/v2\/product\/20364","targetHints":{"allow":["GET"]}}],"collection":[{"href":"https:\/\/remorqueslabelle.com\/en\/wp-json\/wp\/v2\/product"}],"about":[{"href":"https:\/\/remorqueslabelle.com\/en\/wp-json\/wp\/v2\/types\/product"}],"replies":[{"embeddable":true,"href":"https:\/\/remorqueslabelle.com\/en\/wp-json\/wp\/v2\/comments?post=20364"}],"wp:featuredmedia":[{"embeddable":true,"href":"https:\/\/remorqueslabelle.com\/en\/wp-json\/wp\/v2\/media\/7810"}],"wp:attachment":[{"href":"https:\/\/remorqueslabelle.com\/en\/wp-json\/wp\/v2\/media?parent=20364"}],"wp:term":[{"taxonomy":"product_cat","embeddable":true,"href":"https:\/\/remorqueslabelle.com\/en\/wp-json\/wp\/v2\/product_cat?post=20364"},{"taxonomy":"product_tag","embeddable":true,"href":"https:\/\/remorqueslabelle.com\/en\/wp-json\/wp\/v2\/product_tag?post=20364"}],"curies":[{"name":"wp","href":"https:\/\/api.w.org\/{rel}","templated":true}]}}